{"id":426466,"date":"2021-11-06T13:40:05","date_gmt":"2021-11-06T12:40:05","guid":{"rendered":"https:\/\/www.speedcube.nl\/unkategorisiert\/zyklon-jungen-metallic-3x3-m\/"},"modified":"2026-05-02T05:02:31","modified_gmt":"2026-05-02T03:02:31","slug":"zyklon-jungen-metallic-3x3-m","status":"publish","type":"product","link":"https:\/\/www.speedcube.nl\/de\/speedcube-de\/zyklon-jungen\/zyklon-jungen-metallic-3x3-m\/","title":{"rendered":"Zyklon Jungen Metallic 3&#215;3 M"},"content":{"rendered":"<p>Das Cyclone Boys Metallic 3&#215;3 M ist ein normales magnetisches 3&#215;3, aber anstelle der \u00fcblichen Farben hat es Seiten aus Metall (Kunststoff)! Diese gl\u00e4nzende, spiegelnde Oberfl\u00e4che ist sch\u00f6n anzusehen und aufzul\u00f6sen.<\/p>\n","protected":false},"excerpt":{"rendered":"<p>CYCLONE BOYS<\/p>\n","protected":false},"featured_media":392929,"template":"","meta":{"_improvement_type_select":"improve_an_existing","_thumb_yes_seoaic":false,"_frame_yes_seoaic":false,"seoaic_generate_description":"","seoaic_improve_instructions_prompt":"","seoaic_rollback_content_improvement":"","seoaic_idea_thumbnail_generator":"","thumbnail_generated":false,"thumbnail_generate_prompt":"","seoaic_article_description":"","product-afmeting-lengte-mm":"","product-afmeting-breedte-mm":"","product-afmeting-hoogte-mm":""},"product_brand":[],"product_cat":[1221,1796,1211,1863],"product_tag":[],"class_list":{"0":"post-426466","1":"product","2":"type-product","3":"status-publish","4":"has-post-thumbnail","6":"product_cat-3x3-de","7":"product_cat-metallisch","8":"product_cat-speedcube-de","9":"product_cat-zyklon-jungen","10":"pa_merken-cyclone-boy-de","12":"first","13":"instock","14":"taxable","15":"shipping-taxable","16":"purchasable","17":"product-type-simple"},"df_price":17.95,"df_sale_price":"","df_regular_price":17.95,"df_image_link":"https:\/\/www.speedcube.nl\/wp-content\/uploads\/2023\/06\/Productvisuals_Speedcubes-Cyclone-Boys-metallic-3\u00d73-m-1-285x300.jpg","_links":{"self":[{"href":"https:\/\/www.speedcube.nl\/de\/wp-json\/wp\/v2\/product\/426466","targetHints":{"allow":["GET"]}}],"collection":[{"href":"https:\/\/www.speedcube.nl\/de\/wp-json\/wp\/v2\/product"}],"about":[{"href":"https:\/\/www.speedcube.nl\/de\/wp-json\/wp\/v2\/types\/product"}],"version-history":[{"count":0,"href":"https:\/\/www.speedcube.nl\/de\/wp-json\/wp\/v2\/product\/426466\/revisions"}],"wp:featuredmedia":[{"embeddable":true,"href":"https:\/\/www.speedcube.nl\/de\/wp-json\/wp\/v2\/media\/392929"}],"wp:attachment":[{"href":"https:\/\/www.speedcube.nl\/de\/wp-json\/wp\/v2\/media?parent=426466"}],"wp:term":[{"taxonomy":"product_brand","embeddable":true,"href":"https:\/\/www.speedcube.nl\/de\/wp-json\/wp\/v2\/product_brand?post=426466"},{"taxonomy":"product_cat","embeddable":true,"href":"https:\/\/www.speedcube.nl\/de\/wp-json\/wp\/v2\/product_cat?post=426466"},{"taxonomy":"product_tag","embeddable":true,"href":"https:\/\/www.speedcube.nl\/de\/wp-json\/wp\/v2\/product_tag?post=426466"}],"curies":[{"name":"wp","href":"https:\/\/api.w.org\/{rel}","templated":true}]}}