{"id":426462,"date":"2021-09-17T07:41:00","date_gmt":"2021-09-17T05:41:00","guid":{"rendered":"https:\/\/www.speedcube.nl\/unkategorisiert\/ugears-aero-wanduhr\/"},"modified":"2026-05-09T05:00:15","modified_gmt":"2026-05-09T03:00:15","slug":"ugears-aero-wanduhr","status":"publish","type":"product","link":"https:\/\/www.speedcube.nl\/de\/modellbau\/uhren\/ugears-aero-wanduhr\/","title":{"rendered":"Ugears Aero Wanduhr"},"content":{"rendered":"<p>Die Zeit ist reif! Seit Jahren h\u00f6ren wir von unseren treuen Kunden immer wieder die gleiche Frage: &#8222;Kann Ugears eine funktionierende Uhr herstellen, die tats\u00e4chlich die richtige Zeit anzeigt?&#8220; Ihr Traum war auch unser Traum. Unser Team von engagierten Ugears-Ingenieuren und -Designern hat hart daran gearbeitet, diesen gemeinsamen Traum zu verwirklichen. Endlich hat das Warten ein Ende. Ugears pr\u00e4sentiert stolz die Aero Clock, eine voll funktionsf\u00e4hige DIY-Wanduhr mit Pendel.<\/p>\n<p>Diese einfache, aber elegante Ugears-Uhr wird durch die Schwerkraft eines beschwerten Beutels angetrieben (man f\u00fcllt den Beutel mit Sand oder Salz). Heben Sie den Beutel auf den Rollen an, um die Uhr aufzuziehen. W\u00e4hrend das Gewicht langsam nach unten f\u00e4llt, dreht es ein Antriebsrad, das wiederum ein Hemmungsrad in Bewegung setzt. Die Uhr ist mit einem einstellbaren gewichteten Pendel ausgestattet, das durch das gleichm\u00e4\u00dfige Ticken des Ankermechanismus mit dem Hemmungsrad verbunden ist. Sie stellen das Ticken der Uhr sekundengenau ein, indem Sie das obere und untere Gewicht des Pendels bewegen. Das Untersetzungsgetriebe \u00fcbertr\u00e4gt die Rotation auch auf eine Stundenscheibe und eine Minutenscheibe. Eine der interessanten Eigenschaften unserer Aero-Uhr ist, dass die Zeit nicht mit Zeigern auf einem Zifferblatt abgelesen wird, sondern ein fester Zeiger die Zeit auf den langsam rotierenden, nummerierten Stunden- und Minutenscheiben anzeigt. Au\u00dferdem drehen sich diese Scheiben gegen den Uhrzeigersinn. Wussten Sie, dass vor der Standardisierung einige Uhren im Uhrzeigersinn und andere gegen den Uhrzeigersinn gingen? In der Rolle des Kuckucks&#8220; zeigt die Ugears Aero Clock einen Modell-Hei\u00dfluftballon. Der schwebende Ballon sinkt zur vollen Stunde schnell herab und steigt in der n\u00e4chsten Stunde langsam wieder auf.<\/p>\n<p>Die Aero Clock ist nicht nur ein mechanisches 3D-Modell aus Holz oder ein sch\u00f6nes Ausstellungsst\u00fcck. Die Ugears-Uhr ist eine echte, funktionierende Uhr, die man selbst baut, aufh\u00e4ngt, aufzieht und dann die Sekunden, Minuten und Stunden ticken sieht. F\u00fcr alle, die eine neue Herausforderung suchen und bereit sind, Risiken einzugehen. Beim Bau der Aero Clock, einer h\u00f6lzernen Wanduhr mit Pendel, lernst du die Grundlagen des Uhrwerks kennen und erf\u00e4hrst, wie der stabilisierende Einfluss eines schwingenden Pendels \u00fcber einen schwingenden Anker funktioniert, der die Zahnr\u00e4der sekundenweise ver- und entriegelt. Das (langsame) Fallen eines Gewichts wird reguliert, wobei sowohl der &#8222;Motor&#8220; als auch die Zeitmessung angetrieben werden.<\/p>\n<p>Die Aero Clock mit Pendel von Ugears ist ein tolles Puzzle. Wenn Sie diesen Bausatz f\u00fcr eine selbstgebaute Holzuhr zusammenbauen, werden Sie die Befriedigung erleben, nicht nur irgendein Modell zu bauen, sondern eine wirklich funktionierende Uhr. Danach haben Sie ein sch\u00f6nes Objekt in Ihrer Wohnung.<\/p>\n<p>&nbsp;<\/p>\n<p>Abmessungen: 75 x 47 x 16,5 cm<br \/>\nVerpackungsgr\u00f6\u00dfe: 37,8 x 17 x 5 cm<br \/>\nAnzahl der Teile: 320<br \/>\nGesch\u00e4tzte Montagezeit: 11 Stunden<\/p>\n","protected":false},"excerpt":{"rendered":"<p>UGEARS<\/p>\n","protected":false},"featured_media":392275,"template":"","meta":{"_improvement_type_select":"improve_an_existing","_thumb_yes_seoaic":false,"_frame_yes_seoaic":false,"seoaic_generate_description":"","seoaic_improve_instructions_prompt":"","seoaic_rollback_content_improvement":"","seoaic_idea_thumbnail_generator":"","thumbnail_generated":false,"thumbnail_generate_prompt":"","seoaic_article_description":"","product-afmeting-lengte-mm":"","product-afmeting-breedte-mm":"","product-afmeting-hoogte-mm":""},"product_brand":[],"product_cat":[1617,1500,1499,1713,2480],"product_tag":[],"class_list":{"0":"post-426462","1":"product","2":"type-product","3":"status-publish","4":"has-post-thumbnail","6":"product_cat-baukasten-aus-holz","7":"product_cat-baukasten-fur-erwachsene","8":"product_cat-modellbau","9":"product_cat-ugears-modellbau","10":"product_cat-uhren","11":"pa_merken-ugears-de","13":"first","14":"instock","15":"taxable","16":"shipping-taxable","17":"purchasable","18":"product-type-simple"},"df_price":79.95,"df_sale_price":"","df_regular_price":79.95,"df_image_link":"https:\/\/www.speedcube.nl\/wp-content\/uploads\/2023\/06\/Productvisuals_Modelbouw-Ugears-Aero-Wandklok-1-285x300.jpg","_links":{"self":[{"href":"https:\/\/www.speedcube.nl\/de\/wp-json\/wp\/v2\/product\/426462","targetHints":{"allow":["GET"]}}],"collection":[{"href":"https:\/\/www.speedcube.nl\/de\/wp-json\/wp\/v2\/product"}],"about":[{"href":"https:\/\/www.speedcube.nl\/de\/wp-json\/wp\/v2\/types\/product"}],"version-history":[{"count":0,"href":"https:\/\/www.speedcube.nl\/de\/wp-json\/wp\/v2\/product\/426462\/revisions"}],"wp:featuredmedia":[{"embeddable":true,"href":"https:\/\/www.speedcube.nl\/de\/wp-json\/wp\/v2\/media\/392275"}],"wp:attachment":[{"href":"https:\/\/www.speedcube.nl\/de\/wp-json\/wp\/v2\/media?parent=426462"}],"wp:term":[{"taxonomy":"product_brand","embeddable":true,"href":"https:\/\/www.speedcube.nl\/de\/wp-json\/wp\/v2\/product_brand?post=426462"},{"taxonomy":"product_cat","embeddable":true,"href":"https:\/\/www.speedcube.nl\/de\/wp-json\/wp\/v2\/product_cat?post=426462"},{"taxonomy":"product_tag","embeddable":true,"href":"https:\/\/www.speedcube.nl\/de\/wp-json\/wp\/v2\/product_tag?post=426462"}],"curies":[{"name":"wp","href":"https:\/\/api.w.org\/{rel}","templated":true}]}}