{"id":426461,"date":"2021-10-04T18:14:00","date_gmt":"2021-10-04T16:14:00","guid":{"rendered":"https:\/\/www.speedcube.nl\/unkategorisiert\/moyu-rs3m-magnetschwebebahn-3x3\/"},"modified":"2026-04-20T05:00:09","modified_gmt":"2026-04-20T03:00:09","slug":"moyu-rs3m-magnetschwebebahn-3x3","status":"publish","type":"product","link":"https:\/\/www.speedcube.nl\/de\/speedcube-de\/moyu-de\/moyu-rs3m-magnetschwebebahn-3x3\/","title":{"rendered":"Moyu RS3M Magnetschwebebahn 3&#215;3"},"content":{"rendered":"<p>Der MoYu RS3M 3&#215;3 MagLev ist ein RS3 M 2020 mit einem neuen Mechanismus. Dabei kommt die MagLev-Technologie anstelle von Federn zum Einsatz, die sich auf absto\u00dfende Magnete st\u00fctzen, um die Federkraft zu imitieren. Dadurch wird die Reibung reduziert und Federger\u00e4usche werden vollst\u00e4ndig eliminiert, da es keine Federn gibt. Dies ist das erste in Serie gefertigte Puzzle mit Magnetschwebemechanismus.<\/p>\n<p>MoYu RS3M Maglev 3&#215;3:<br \/>\nKernfedern durch zwei Magnete auf jeder Seite ersetzt<br \/>\nDies erh\u00f6ht die Rotationsgeschwindigkeit<br \/>\nLeichteres &#8222;Rutschen&#8220; der Schichten<br \/>\nWesentliche Merkmale<br \/>\nMagLev-Auswurfsystem (keine Federn)<br \/>\nFederkompressionssystem (9 Positionen)<br \/>\nMattierte Oberfl\u00e4che f\u00fcr bessere Griffigkeit<\/p>\n<p>Inklusive Zubeh\u00f6r:<br \/>\nWerkzeug zum Zusammendr\u00fccken von Federn<br \/>\nSchraubenzieher<br \/>\nDisplay-St\u00e4nder<br \/>\nErsatz-Kompressionsst\u00fcck<\/p>\n","protected":false},"excerpt":{"rendered":"<p>MOYU<\/p>\n","protected":false},"featured_media":392409,"template":"","meta":{"_improvement_type_select":"improve_an_existing","_thumb_yes_seoaic":false,"_frame_yes_seoaic":false,"seoaic_generate_description":"","seoaic_improve_instructions_prompt":"","seoaic_rollback_content_improvement":"","seoaic_idea_thumbnail_generator":"","thumbnail_generated":false,"thumbnail_generate_prompt":"","seoaic_article_description":"","product-afmeting-lengte-mm":"","product-afmeting-breedte-mm":"","product-afmeting-hoogte-mm":""},"product_brand":[],"product_cat":[1221,1332,1211],"product_tag":[],"class_list":{"0":"post-426461","1":"product","2":"type-product","3":"status-publish","4":"has-post-thumbnail","6":"product_cat-3x3-de","7":"product_cat-moyu-de","8":"product_cat-speedcube-de","9":"pa_merken-moyu-de","11":"first","12":"instock","13":"taxable","14":"shipping-taxable","15":"purchasable","16":"product-type-simple"},"df_price":16.99,"df_sale_price":"","df_regular_price":16.99,"df_image_link":"https:\/\/www.speedcube.nl\/wp-content\/uploads\/2023\/06\/Productvisuals_Speedcubes-MoYu-rs3m-maglev-3\u00d73-1-1-285x300.jpg","_links":{"self":[{"href":"https:\/\/www.speedcube.nl\/de\/wp-json\/wp\/v2\/product\/426461","targetHints":{"allow":["GET"]}}],"collection":[{"href":"https:\/\/www.speedcube.nl\/de\/wp-json\/wp\/v2\/product"}],"about":[{"href":"https:\/\/www.speedcube.nl\/de\/wp-json\/wp\/v2\/types\/product"}],"version-history":[{"count":0,"href":"https:\/\/www.speedcube.nl\/de\/wp-json\/wp\/v2\/product\/426461\/revisions"}],"wp:featuredmedia":[{"embeddable":true,"href":"https:\/\/www.speedcube.nl\/de\/wp-json\/wp\/v2\/media\/392409"}],"wp:attachment":[{"href":"https:\/\/www.speedcube.nl\/de\/wp-json\/wp\/v2\/media?parent=426461"}],"wp:term":[{"taxonomy":"product_brand","embeddable":true,"href":"https:\/\/www.speedcube.nl\/de\/wp-json\/wp\/v2\/product_brand?post=426461"},{"taxonomy":"product_cat","embeddable":true,"href":"https:\/\/www.speedcube.nl\/de\/wp-json\/wp\/v2\/product_cat?post=426461"},{"taxonomy":"product_tag","embeddable":true,"href":"https:\/\/www.speedcube.nl\/de\/wp-json\/wp\/v2\/product_tag?post=426461"}],"curies":[{"name":"wp","href":"https:\/\/api.w.org\/{rel}","templated":true}]}}