{"id":426454,"date":"2021-11-06T14:00:55","date_gmt":"2021-11-06T13:00:55","guid":{"rendered":"https:\/\/www.speedcube.nl\/unkategorisiert\/qiyi-9x9\/"},"modified":"2026-05-02T05:01:25","modified_gmt":"2026-05-02T03:01:25","slug":"qiyi-9x9","status":"publish","type":"product","link":"https:\/\/www.speedcube.nl\/de\/speedcube-de\/9x9-de\/qiyi-9x9\/","title":{"rendered":"Qiyi 9&#215;9"},"content":{"rendered":"<p>Der QiYi 9&#215;9 ist ein gro\u00dfartiger W\u00fcrfel f\u00fcr jemanden, der einen kompakten gro\u00dfen W\u00fcrfel sucht. Mit einer Gr\u00f6\u00dfe von nur 75 mm liegt dieser W\u00fcrfel gut in der Hand, hat helle, aufkleberfreie Farben und l\u00e4uft sofort nach dem Auspacken problemlos.<\/p>\n<p>&nbsp;<\/p>\n<p><strong>Sind Sie neu im Cubing oder ein Anf\u00e4nger?<\/p>\n<p><\/strong><strong>Pops und Expolsians sind nicht von der Garantie abgedeckt.<\/strong><\/p>\n<p><strong>Seien Sie also vorsichtig, wenn Sie die ersten Kurven fahren.<\/strong><\/p>\n<p><strong>Passen Sie den W\u00fcrfel bei Bedarf fester an.<\/strong><\/p>\n<p><strong>R\u00fccksendungen werden nur f\u00fcr vollst\u00e4ndig montierte W\u00fcrfel akzeptiert.<\/p>\n<p><\/strong><strong>Es gibt 2 Arten von &#8218;Pops&#8216; beim W\u00fcrfeln:<\/strong><\/p>\n<p><strong> <\/strong><strong>-Pops &#8211; Ein einzelnes St\u00fcck (oder mehrere St\u00fccke) f\u00e4llt aus dem W\u00fcrfel.<\/strong><\/p>\n<p><strong>-Explosionen &#8211; der ganze W\u00fcrfel f\u00e4llt auseinander und Sie haben nur noch einen Haufen Scherben.<\/strong><\/p>\n<p><strong><br \/>\n<\/strong><strong>Hinweis: Dies kann bei einem brandneuen W\u00fcrfel bei Ihrer ersten L\u00f6sung passieren. Es ist immer eine gute Idee, einige langsame Drehungen zu machen und die Spannung des W\u00fcrfels zu \u00fcberpr\u00fcfen.<br \/>\n<\/strong><\/p>\n<p><strong>In jedem Fall sind Sie vielleicht ein wenig irritiert und verwirrt, wie Sie es wieder zusammensetzen sollen.  <\/strong><\/p>\n<p><strong>Wenn Ihr W\u00fcrfel explodiert ist und Sie nur noch einen Haufen Scherben haben oder ein<\/strong><strong>Wenn Ihr W\u00fcrfel geplatzt ist und ein einzelnes St\u00fcck oder ein paar St\u00fccke herausgekommen sind, lassen Sie es uns bitte wissen und wir k\u00f6nnen Ihnen ein Anleitungsvideo schicken.<\/strong><\/p>\n<p><strong>Hinweis: Sollte ein St\u00fcck brechen, ersetzen wir das St\u00fcck und nicht den ganzen W\u00fcrfel.<\/strong><\/p>\n<p><strong> <\/strong><\/p>\n<p><strong> <\/strong><\/p>\n<p>&nbsp;<\/p>\n","protected":false},"excerpt":{"rendered":"<p>QIYI<\/p>\n","protected":false},"featured_media":392973,"template":"","meta":{"_improvement_type_select":"improve_an_existing","_thumb_yes_seoaic":false,"_frame_yes_seoaic":false,"seoaic_generate_description":"","seoaic_improve_instructions_prompt":"","seoaic_rollback_content_improvement":"","seoaic_idea_thumbnail_generator":"","thumbnail_generated":false,"thumbnail_generate_prompt":"","seoaic_article_description":"","product-afmeting-lengte-mm":"","product-afmeting-breedte-mm":"","product-afmeting-hoogte-mm":""},"product_brand":[],"product_cat":[1379,1235,1211],"product_tag":[],"class_list":{"0":"post-426454","1":"product","2":"type-product","3":"status-publish","4":"has-post-thumbnail","6":"product_cat-9x9-de","7":"product_cat-qiyi-de","8":"product_cat-speedcube-de","9":"pa_merken-qiyi-de","11":"first","12":"instock","13":"taxable","14":"shipping-taxable","15":"purchasable","16":"product-type-simple"},"df_price":37.95,"df_sale_price":"","df_regular_price":37.95,"df_image_link":"https:\/\/www.speedcube.nl\/wp-content\/uploads\/2023\/06\/Productvisuals_Speedcubes-QiYi-9\u00d79-285x300.jpg","_links":{"self":[{"href":"https:\/\/www.speedcube.nl\/de\/wp-json\/wp\/v2\/product\/426454","targetHints":{"allow":["GET"]}}],"collection":[{"href":"https:\/\/www.speedcube.nl\/de\/wp-json\/wp\/v2\/product"}],"about":[{"href":"https:\/\/www.speedcube.nl\/de\/wp-json\/wp\/v2\/types\/product"}],"version-history":[{"count":1,"href":"https:\/\/www.speedcube.nl\/de\/wp-json\/wp\/v2\/product\/426454\/revisions"}],"predecessor-version":[{"id":520739,"href":"https:\/\/www.speedcube.nl\/de\/wp-json\/wp\/v2\/product\/426454\/revisions\/520739"}],"wp:featuredmedia":[{"embeddable":true,"href":"https:\/\/www.speedcube.nl\/de\/wp-json\/wp\/v2\/media\/392973"}],"wp:attachment":[{"href":"https:\/\/www.speedcube.nl\/de\/wp-json\/wp\/v2\/media?parent=426454"}],"wp:term":[{"taxonomy":"product_brand","embeddable":true,"href":"https:\/\/www.speedcube.nl\/de\/wp-json\/wp\/v2\/product_brand?post=426454"},{"taxonomy":"product_cat","embeddable":true,"href":"https:\/\/www.speedcube.nl\/de\/wp-json\/wp\/v2\/product_cat?post=426454"},{"taxonomy":"product_tag","embeddable":true,"href":"https:\/\/www.speedcube.nl\/de\/wp-json\/wp\/v2\/product_tag?post=426454"}],"curies":[{"name":"wp","href":"https:\/\/api.w.org\/{rel}","templated":true}]}}