{"id":426452,"date":"2021-08-05T16:41:00","date_gmt":"2021-08-05T14:41:00","guid":{"rendered":"https:\/\/www.speedcube.nl\/unkategorisiert\/constantin-puzzle-box-nr-3\/"},"modified":"2026-05-11T05:00:56","modified_gmt":"2026-05-11T03:00:56","slug":"constantin-puzzle-box-nr-3","status":"publish","type":"product","link":"https:\/\/www.speedcube.nl\/de\/aanbieding-de\/constantin-puzzle-box-nr-3\/","title":{"rendered":"Constantin Puzzle-Box Nr. 3"},"content":{"rendered":"<p>Constantin Puzzle Box Nummer 3! Jahrhundertelang wurden R\u00e4tselboxen verwendet, um geheime Botschaften und kleine Kostbarkeiten weiterzugeben. Diese Puzzleschachtel enth\u00e4lt ein verstecktes Fach. Kannst du es finden und \u00f6ffnen?<\/p>\n<p>Alter: 12+<br \/>\nSchwierigkeitsgrad: 5 Sterne<br \/>\nWarnung: Vorsicht bei der Handhabung, \u00fcberm\u00e4\u00dfige Kraft ist nicht erforderlich!<\/p>\n","protected":false},"excerpt":{"rendered":"<p>CONSTANTIN<\/p>\n","protected":false},"featured_media":392007,"template":"","meta":{"_improvement_type_select":"improve_an_existing","_thumb_yes_seoaic":false,"_frame_yes_seoaic":false,"seoaic_generate_description":"","seoaic_improve_instructions_prompt":"","seoaic_rollback_content_improvement":"","seoaic_idea_thumbnail_generator":"","thumbnail_generated":false,"thumbnail_generate_prompt":"","seoaic_article_description":"","product-afmeting-lengte-mm":"","product-afmeting-breedte-mm":"","product-afmeting-hoogte-mm":""},"product_brand":[],"product_cat":[2517,1227,2558],"product_tag":[],"class_list":{"0":"post-426452","1":"product","2":"type-product","3":"status-publish","4":"has-post-thumbnail","6":"product_cat-constantin-de","7":"product_cat-knobelaufgaben","8":"product_cat-aanbieding-de","9":"pa_merken-constantin-de","11":"first","12":"instock","13":"sale","14":"taxable","15":"shipping-taxable","16":"purchasable","17":"product-type-simple"},"df_price":11.97,"df_sale_price":11.97,"df_regular_price":19.95,"df_image_link":"https:\/\/www.speedcube.nl\/wp-content\/uploads\/2023\/06\/Productvisuals_Breinbrekers-Constantin-Puzzle-Box-nr.3-285x300.jpg","_links":{"self":[{"href":"https:\/\/www.speedcube.nl\/de\/wp-json\/wp\/v2\/product\/426452","targetHints":{"allow":["GET"]}}],"collection":[{"href":"https:\/\/www.speedcube.nl\/de\/wp-json\/wp\/v2\/product"}],"about":[{"href":"https:\/\/www.speedcube.nl\/de\/wp-json\/wp\/v2\/types\/product"}],"version-history":[{"count":0,"href":"https:\/\/www.speedcube.nl\/de\/wp-json\/wp\/v2\/product\/426452\/revisions"}],"wp:featuredmedia":[{"embeddable":true,"href":"https:\/\/www.speedcube.nl\/de\/wp-json\/wp\/v2\/media\/392007"}],"wp:attachment":[{"href":"https:\/\/www.speedcube.nl\/de\/wp-json\/wp\/v2\/media?parent=426452"}],"wp:term":[{"taxonomy":"product_brand","embeddable":true,"href":"https:\/\/www.speedcube.nl\/de\/wp-json\/wp\/v2\/product_brand?post=426452"},{"taxonomy":"product_cat","embeddable":true,"href":"https:\/\/www.speedcube.nl\/de\/wp-json\/wp\/v2\/product_cat?post=426452"},{"taxonomy":"product_tag","embeddable":true,"href":"https:\/\/www.speedcube.nl\/de\/wp-json\/wp\/v2\/product_tag?post=426452"}],"curies":[{"name":"wp","href":"https:\/\/api.w.org\/{rel}","templated":true}]}}