{"id":426442,"date":"2021-08-21T14:37:00","date_gmt":"2021-08-21T12:37:00","guid":{"rendered":"https:\/\/www.speedcube.nl\/unkategorisiert\/gan-251-m-2x2\/"},"modified":"2026-05-09T05:04:05","modified_gmt":"2026-05-09T03:04:05","slug":"gan-251-m-2x2","status":"publish","type":"product","link":"https:\/\/www.speedcube.nl\/de\/speedcube-de\/gan-de\/gan-251-m-2x2\/","title":{"rendered":"Gan 251 M 2&#215;2"},"content":{"rendered":"<p>Das GAN 251 M 2&#215;2 ist ein Update aus dem Jahr 2021, das auf dem Vorg\u00e4ngermodell GAN 251 aufbaut. Die Leap-Version hat eine einstellbare Magnetst\u00e4rke und verwendet das Winkel-\/Kernmagnetsystem des GAN 11 M Pro zusammen mit der Technologie der magnetischen Weitwinkelausrichtung&#8220;. Dadurch gleitet der W\u00fcrfel erstaunlich leicht an seinen Platz.<\/p>\n<div class=\"table-wrapper\">\n<table width=\"100%\">\n<tbody>\n<tr>\n<td><\/td>\n<td><strong>Luft<\/strong><\/td>\n<td><strong>Pro<\/strong><\/td>\n<td><strong>Springen<\/strong><\/td>\n<\/tr>\n<tr>\n<td><strong>Anpassungsf\u00e4hige Magnete<\/strong><\/td>\n<td>&#8211;<\/td>\n<td>Ja<\/td>\n<td>Ja<\/td>\n<\/tr>\n<tr>\n<td><strong>Magnetischer Kern<\/strong><\/td>\n<td>&#8211;<\/td>\n<td>Ja<\/td>\n<td>Ja<\/td>\n<\/tr>\n<tr>\n<td><strong>Auto-Ausrichtung<\/strong><\/td>\n<td>&#8211;<\/td>\n<td>&#8211;<\/td>\n<td>Ja<\/td>\n<\/tr>\n<tr>\n<td><strong>\u00c4u\u00dfere Ausf\u00fchrung<\/strong><\/td>\n<td>Mattiert<\/td>\n<td>Mattiert<\/td>\n<td>UV-beschichtet \/ mattiert<\/td>\n<\/tr>\n<tr>\n<td><strong>Gewicht<\/strong><\/td>\n<td>50g<\/td>\n<td>56g<\/td>\n<td>58g<\/td>\n<\/tr>\n<\/tbody>\n<\/table>\n<\/div>\n<p>&nbsp;<\/p>\n","protected":false},"excerpt":{"rendered":"<p>GAN<\/p>\n","protected":false},"featured_media":391299,"template":"","meta":{"_improvement_type_select":"improve_an_existing","_thumb_yes_seoaic":false,"_frame_yes_seoaic":false,"seoaic_generate_description":"","seoaic_improve_instructions_prompt":"","seoaic_rollback_content_improvement":"","seoaic_idea_thumbnail_generator":"","thumbnail_generated":false,"thumbnail_generate_prompt":"","seoaic_article_description":"","product-afmeting-lengte-mm":"","product-afmeting-breedte-mm":"","product-afmeting-hoogte-mm":""},"product_brand":[],"product_cat":[1267,1270,1211],"product_tag":[],"class_list":{"0":"post-426442","1":"product","2":"type-product","3":"status-publish","4":"has-post-thumbnail","6":"product_cat-2x2-de","7":"product_cat-gan-de","8":"product_cat-speedcube-de","9":"pa_merken-gan-de","11":"first","12":"instock","13":"taxable","14":"shipping-taxable","15":"purchasable","16":"product-type-variable"},"df_price":24.99,"df_sale_price":"","df_regular_price":24.99,"df_image_link":"https:\/\/www.speedcube.nl\/wp-content\/uploads\/2023\/06\/Productvisuals_Speedcubes-GAN-251-m-leap-2\u00d72-1-285x300.jpg","_links":{"self":[{"href":"https:\/\/www.speedcube.nl\/de\/wp-json\/wp\/v2\/product\/426442","targetHints":{"allow":["GET"]}}],"collection":[{"href":"https:\/\/www.speedcube.nl\/de\/wp-json\/wp\/v2\/product"}],"about":[{"href":"https:\/\/www.speedcube.nl\/de\/wp-json\/wp\/v2\/types\/product"}],"version-history":[{"count":0,"href":"https:\/\/www.speedcube.nl\/de\/wp-json\/wp\/v2\/product\/426442\/revisions"}],"wp:featuredmedia":[{"embeddable":true,"href":"https:\/\/www.speedcube.nl\/de\/wp-json\/wp\/v2\/media\/391299"}],"wp:attachment":[{"href":"https:\/\/www.speedcube.nl\/de\/wp-json\/wp\/v2\/media?parent=426442"}],"wp:term":[{"taxonomy":"product_brand","embeddable":true,"href":"https:\/\/www.speedcube.nl\/de\/wp-json\/wp\/v2\/product_brand?post=426442"},{"taxonomy":"product_cat","embeddable":true,"href":"https:\/\/www.speedcube.nl\/de\/wp-json\/wp\/v2\/product_cat?post=426442"},{"taxonomy":"product_tag","embeddable":true,"href":"https:\/\/www.speedcube.nl\/de\/wp-json\/wp\/v2\/product_tag?post=426442"}],"curies":[{"name":"wp","href":"https:\/\/api.w.org\/{rel}","templated":true}]}}