{"id":426436,"date":"2021-10-04T18:04:00","date_gmt":"2021-10-04T16:04:00","guid":{"rendered":"https:\/\/www.speedcube.nl\/unkategorisiert\/gan-mini-m-pro-3x3-53mm\/"},"modified":"2026-04-30T05:12:53","modified_gmt":"2026-04-30T03:12:53","slug":"gan-mini-m-pro-3x3-53mm","status":"publish","type":"product","link":"https:\/\/www.speedcube.nl\/de\/aanbieding-de\/gan-mini-m-pro-3x3-53mm\/","title":{"rendered":"Gan Mini M Pro 3&#215;3 53mm"},"content":{"rendered":"<p>Der GAN Mini M Pro 3&#215;3 ist ein leistungsstarker Speedcube in kleinerem Format. Mit einem Durchmesser von 53 mm ist es das kleinste voll einstellbare 3&#215;3, das je auf den Markt kam. Das Sch\u00f6ne am GAN 11 M Pro Mini ist, dass er sich f\u00fcr jeden Cuber eignet, egal ob Anf\u00e4nger oder Fortgeschrittener, da das Gesamtgef\u00fchl genau auf die eigenen Vorlieben abgestimmt werden kann.<\/p>\n<p>Wesentliche Merkmale:<br \/>\n53 mm Gr\u00f6\u00dfe (56 mm Normalgr\u00f6\u00dfe)<br \/>\nEinstellbare Magnetst\u00e4rke<br \/>\nKern mit doppelter Einstellung f\u00fcr unabh\u00e4ngige Federkompression und -spannung<br \/>\nWinkel-\/Kernmagnet-Positionierungssystem<\/p>\n<p>Einfach zu justieren:<br \/>\n4 Spannungseinstellungen<br \/>\n6 Einstellungen der Federkompression<br \/>\n3 Einstellungen f\u00fcr die Magnetst\u00e4rke<br \/>\nWabenf\u00f6rmiges Design f\u00fcr sanfteres Drehen<br \/>\nMagnetischer Kern<br \/>\nMattierte Oberfl\u00e4che<\/p>\n","protected":false},"excerpt":{"rendered":"<p>GAN<\/p>\n","protected":false},"featured_media":392357,"template":"","meta":{"_improvement_type_select":"improve_an_existing","_thumb_yes_seoaic":false,"_frame_yes_seoaic":false,"seoaic_generate_description":"","seoaic_improve_instructions_prompt":"","seoaic_rollback_content_improvement":"","seoaic_idea_thumbnail_generator":"","thumbnail_generated":false,"thumbnail_generate_prompt":"","seoaic_article_description":"","product-afmeting-lengte-mm":"53","product-afmeting-breedte-mm":"53","product-afmeting-hoogte-mm":"53"},"product_brand":[],"product_cat":[1270,1211,2558],"product_tag":[],"class_list":{"0":"post-426436","1":"product","2":"type-product","3":"status-publish","4":"has-post-thumbnail","6":"product_cat-gan-de","7":"product_cat-speedcube-de","8":"product_cat-aanbieding-de","9":"pa_merken-gan-de","11":"first","12":"instock","13":"sale","14":"taxable","15":"shipping-taxable","16":"purchasable","17":"product-type-simple"},"df_price":34.99,"df_sale_price":34.99,"df_regular_price":49.99,"df_image_link":"https:\/\/www.speedcube.nl\/wp-content\/uploads\/2023\/06\/Productvisuals_Speedcubes-GAN-mini-m-pro-3\u00d73-285x300.jpg","_links":{"self":[{"href":"https:\/\/www.speedcube.nl\/de\/wp-json\/wp\/v2\/product\/426436","targetHints":{"allow":["GET"]}}],"collection":[{"href":"https:\/\/www.speedcube.nl\/de\/wp-json\/wp\/v2\/product"}],"about":[{"href":"https:\/\/www.speedcube.nl\/de\/wp-json\/wp\/v2\/types\/product"}],"version-history":[{"count":0,"href":"https:\/\/www.speedcube.nl\/de\/wp-json\/wp\/v2\/product\/426436\/revisions"}],"wp:featuredmedia":[{"embeddable":true,"href":"https:\/\/www.speedcube.nl\/de\/wp-json\/wp\/v2\/media\/392357"}],"wp:attachment":[{"href":"https:\/\/www.speedcube.nl\/de\/wp-json\/wp\/v2\/media?parent=426436"}],"wp:term":[{"taxonomy":"product_brand","embeddable":true,"href":"https:\/\/www.speedcube.nl\/de\/wp-json\/wp\/v2\/product_brand?post=426436"},{"taxonomy":"product_cat","embeddable":true,"href":"https:\/\/www.speedcube.nl\/de\/wp-json\/wp\/v2\/product_cat?post=426436"},{"taxonomy":"product_tag","embeddable":true,"href":"https:\/\/www.speedcube.nl\/de\/wp-json\/wp\/v2\/product_tag?post=426436"}],"curies":[{"name":"wp","href":"https:\/\/api.w.org\/{rel}","templated":true}]}}