{"id":426421,"date":"2021-11-10T13:10:48","date_gmt":"2021-11-10T12:10:48","guid":{"rendered":"https:\/\/www.speedcube.nl\/unkategorisiert\/robotime-rokr-robotic-stegosaurus-d410-fernsteuerung\/"},"modified":"2026-05-03T05:27:11","modified_gmt":"2026-05-03T03:27:11","slug":"robotime-rokr-robotic-stegosaurus-d410-fernsteuerung","status":"publish","type":"product","link":"https:\/\/www.speedcube.nl\/de\/aanbieding-de\/robotime-rokr-robotic-stegosaurus-d410-fernsteuerung\/","title":{"rendered":"Robotime ROKR Robotic Stegosaurus D410 (Fernsteuerung)"},"content":{"rendered":"<p>DINO Walking Dinosaur Stegosaurus &#8211; Bausatz Dinosaurier aus Holz. Das Produkt wurde entwickelt, um Kindern, die sich leicht ablenken lassen, die M\u00f6glichkeit zu geben, sich zu konzentrieren und ihre \u00dcbungsf\u00e4higkeiten zu verbessern. Der Spa\u00df kommt nicht nur von der Montage, sondern auch von der POWER-ACTIVATED-Technologie. Es bringt Kindern viele gl\u00fcckliche und aufregende Momente. Bei einigen Montageschritten ist die Hilfe der Eltern erforderlich, was die Interaktion zwischen Kindern und Eltern f\u00f6rdern kann.<br \/>\nDie Kinder werden inspiriert und sp\u00fcren die Liebe und F\u00fcrsorge der Eltern.<\/p>\n<p>Stegosaurus bedeutet w\u00f6rtlich \u00fcbersetzt Dachechse und ist aus dem Griechischen abgeleitet. Er ist ein Dinosaurier, der nur Pflanzen frisst, also ein Pflanzenfresser. Diese Dinosaurier wurden erstmals im Westen der Vereinigten Staaten und in Portugal gesichtet. Ein Stegosaurus ist gro\u00df und kr\u00e4ftig gebaut und hat einen runden R\u00fccken, kurze Vorderbeine, lange Hinterbeine und einen hohen Schwanz. Der Stegosaurus ist aufgrund seiner charakteristischen Kombination aus breiten, aufrechten Platten und spitz zulaufendem Schwanz eine der am besten erkennbaren Dinosaurierarten. Jetzt k\u00f6nnen Sie Ihre eigene 3D-Miniaturversion erstellen. Dieser Stegosaurus kann br\u00fcllen, bei\u00dfen, sich nach links und rechts drehen und vorw\u00e4rts bewegen. Geeignet f\u00fcr Kinder ab 8 Jahren.<\/p>\n<p>Anzahl der Teile: 88<br \/>\nGesch\u00e4tzte Montagezeit: 6 Stunden<\/p>\n","protected":false},"excerpt":{"rendered":"<p>ROBOTIME<\/p>\n","protected":false},"featured_media":422034,"template":"","meta":{"_improvement_type_select":"improve_an_existing","_thumb_yes_seoaic":false,"_frame_yes_seoaic":false,"seoaic_generate_description":"","seoaic_improve_instructions_prompt":"","seoaic_rollback_content_improvement":"","seoaic_idea_thumbnail_generator":"","thumbnail_generated":false,"thumbnail_generate_prompt":"","seoaic_article_description":"","product-afmeting-lengte-mm":"400","product-afmeting-breedte-mm":"105","product-afmeting-hoogte-mm":"182"},"product_brand":[],"product_cat":[1499,1619,2558],"product_tag":[],"class_list":{"0":"post-426421","1":"product","2":"type-product","3":"status-publish","4":"has-post-thumbnail","6":"product_cat-modellbau","7":"product_cat-robotime-de","8":"product_cat-aanbieding-de","9":"pa_merken-robotime-de","11":"first","12":"instock","13":"sale","14":"taxable","15":"shipping-taxable","16":"purchasable","17":"product-type-simple"},"df_price":25,"df_sale_price":25,"df_regular_price":49.99,"df_image_link":"https:\/\/www.speedcube.nl\/wp-content\/uploads\/2023\/11\/Productvisuals_Modelbouw-Robotime-robotic-dinosaurs-rc-stegosaurus-d410-285x300.jpg","_links":{"self":[{"href":"https:\/\/www.speedcube.nl\/de\/wp-json\/wp\/v2\/product\/426421","targetHints":{"allow":["GET"]}}],"collection":[{"href":"https:\/\/www.speedcube.nl\/de\/wp-json\/wp\/v2\/product"}],"about":[{"href":"https:\/\/www.speedcube.nl\/de\/wp-json\/wp\/v2\/types\/product"}],"version-history":[{"count":0,"href":"https:\/\/www.speedcube.nl\/de\/wp-json\/wp\/v2\/product\/426421\/revisions"}],"wp:featuredmedia":[{"embeddable":true,"href":"https:\/\/www.speedcube.nl\/de\/wp-json\/wp\/v2\/media\/422034"}],"wp:attachment":[{"href":"https:\/\/www.speedcube.nl\/de\/wp-json\/wp\/v2\/media?parent=426421"}],"wp:term":[{"taxonomy":"product_brand","embeddable":true,"href":"https:\/\/www.speedcube.nl\/de\/wp-json\/wp\/v2\/product_brand?post=426421"},{"taxonomy":"product_cat","embeddable":true,"href":"https:\/\/www.speedcube.nl\/de\/wp-json\/wp\/v2\/product_cat?post=426421"},{"taxonomy":"product_tag","embeddable":true,"href":"https:\/\/www.speedcube.nl\/de\/wp-json\/wp\/v2\/product_tag?post=426421"}],"curies":[{"name":"wp","href":"https:\/\/api.w.org\/{rel}","templated":true}]}}