{"id":426406,"date":"2021-11-11T11:58:29","date_gmt":"2021-11-11T10:58:29","guid":{"rendered":"https:\/\/www.speedcube.nl\/unkategorisiert\/qiyi-unendliche-geistestrainingsmatte\/"},"modified":"2026-05-03T05:27:24","modified_gmt":"2026-05-03T03:27:24","slug":"qiyi-unendliche-geistestrainingsmatte","status":"publish","type":"product","link":"https:\/\/www.speedcube.nl\/de\/speedcube-de\/mats-de\/qiyi-unendliche-geistestrainingsmatte\/","title":{"rendered":"Qiyi Unendliche Geistestrainingsmatte"},"content":{"rendered":"<p>Die QiYi Infinite Mind Trainingsmatte hat eine Dicke von 3 mm, die Matte kann die Auswirkungen von Sch\u00e4den beim L\u00f6sen des W\u00fcrfels effektiv reduzieren. Au\u00dferdem verf\u00fcgt er \u00fcber einen originellen Gummifu\u00df, der fest mit der Schreibtischoberfl\u00e4che verbunden werden kann. Abmessungen in mm = 490 x 300 x 3.<\/p>\n","protected":false},"excerpt":{"rendered":"<p>QIYI<\/p>\n","protected":false},"featured_media":393193,"template":"","meta":{"_improvement_type_select":"improve_an_existing","_thumb_yes_seoaic":false,"_frame_yes_seoaic":false,"seoaic_generate_description":"","seoaic_improve_instructions_prompt":"","seoaic_rollback_content_improvement":"","seoaic_idea_thumbnail_generator":"","thumbnail_generated":false,"thumbnail_generate_prompt":"","seoaic_article_description":"","product-afmeting-lengte-mm":"","product-afmeting-breedte-mm":"","product-afmeting-hoogte-mm":""},"product_brand":[],"product_cat":[2154,1235,1211],"product_tag":[],"class_list":{"0":"post-426406","1":"product","2":"type-product","3":"status-publish","4":"has-post-thumbnail","6":"product_cat-mats-de","7":"product_cat-qiyi-de","8":"product_cat-speedcube-de","9":"pa_merken-qiyi-de","11":"first","12":"instock","13":"taxable","14":"shipping-taxable","15":"purchasable","16":"product-type-simple"},"df_price":12.95,"df_sale_price":"","df_regular_price":12.95,"df_image_link":"https:\/\/www.speedcube.nl\/wp-content\/uploads\/2023\/06\/Productvisuals_Speedcubes-QiYi-infinite-mind-training-mat-1-285x300.jpg","_links":{"self":[{"href":"https:\/\/www.speedcube.nl\/de\/wp-json\/wp\/v2\/product\/426406","targetHints":{"allow":["GET"]}}],"collection":[{"href":"https:\/\/www.speedcube.nl\/de\/wp-json\/wp\/v2\/product"}],"about":[{"href":"https:\/\/www.speedcube.nl\/de\/wp-json\/wp\/v2\/types\/product"}],"version-history":[{"count":0,"href":"https:\/\/www.speedcube.nl\/de\/wp-json\/wp\/v2\/product\/426406\/revisions"}],"wp:featuredmedia":[{"embeddable":true,"href":"https:\/\/www.speedcube.nl\/de\/wp-json\/wp\/v2\/media\/393193"}],"wp:attachment":[{"href":"https:\/\/www.speedcube.nl\/de\/wp-json\/wp\/v2\/media?parent=426406"}],"wp:term":[{"taxonomy":"product_brand","embeddable":true,"href":"https:\/\/www.speedcube.nl\/de\/wp-json\/wp\/v2\/product_brand?post=426406"},{"taxonomy":"product_cat","embeddable":true,"href":"https:\/\/www.speedcube.nl\/de\/wp-json\/wp\/v2\/product_cat?post=426406"},{"taxonomy":"product_tag","embeddable":true,"href":"https:\/\/www.speedcube.nl\/de\/wp-json\/wp\/v2\/product_tag?post=426406"}],"curies":[{"name":"wp","href":"https:\/\/api.w.org\/{rel}","templated":true}]}}