{"id":426396,"date":"2021-11-10T13:22:46","date_gmt":"2021-11-10T12:22:46","guid":{"rendered":"https:\/\/www.speedcube.nl\/unkategorisiert\/qiyi-secret-selbststudienbuch\/"},"modified":"2026-04-30T05:11:58","modified_gmt":"2026-04-30T03:11:58","slug":"qiyi-secret-selbststudienbuch","status":"publish","type":"product","link":"https:\/\/www.speedcube.nl\/de\/speedcube-de\/zubehor-speedcube\/qiyi-secret-selbststudienbuch\/","title":{"rendered":"Qiyi Secret Selbststudienbuch"},"content":{"rendered":"<p>Das QiYi Secret Tutorial Book ist eine umfassende Anleitung zum L\u00f6sen komplizierter W\u00fcrfel. Von 3&#215;3 zu Mastermorphix ist in Schritte unterteilt, die zur L\u00f6sung f\u00fchren.<\/p>\n","protected":false},"excerpt":{"rendered":"<p>QIYI<\/p>\n","protected":false},"featured_media":393073,"template":"","meta":{"_improvement_type_select":"improve_an_existing","_thumb_yes_seoaic":false,"_frame_yes_seoaic":false,"seoaic_generate_description":"","seoaic_improve_instructions_prompt":"","seoaic_rollback_content_improvement":"","seoaic_idea_thumbnail_generator":"","thumbnail_generated":false,"thumbnail_generate_prompt":"","seoaic_article_description":"","product-afmeting-lengte-mm":"","product-afmeting-breedte-mm":"","product-afmeting-hoogte-mm":""},"product_brand":[],"product_cat":[1235,1211,2704,2558],"product_tag":[],"class_list":{"0":"post-426396","1":"product","2":"type-product","3":"status-publish","4":"has-post-thumbnail","6":"product_cat-qiyi-de","7":"product_cat-speedcube-de","8":"product_cat-zubehor-speedcube","9":"product_cat-aanbieding-de","10":"pa_merken-qiyi-de","12":"first","13":"instock","14":"sale","15":"taxable","16":"shipping-taxable","17":"purchasable","18":"product-type-simple"},"df_price":4.95,"df_sale_price":4.95,"df_regular_price":6.95,"df_image_link":"https:\/\/www.speedcube.nl\/wp-content\/uploads\/2023\/06\/Productvisuals_Speedcubes-QiYi-geheim-zelfstudieboek-1-285x300.jpg","_links":{"self":[{"href":"https:\/\/www.speedcube.nl\/de\/wp-json\/wp\/v2\/product\/426396","targetHints":{"allow":["GET"]}}],"collection":[{"href":"https:\/\/www.speedcube.nl\/de\/wp-json\/wp\/v2\/product"}],"about":[{"href":"https:\/\/www.speedcube.nl\/de\/wp-json\/wp\/v2\/types\/product"}],"version-history":[{"count":0,"href":"https:\/\/www.speedcube.nl\/de\/wp-json\/wp\/v2\/product\/426396\/revisions"}],"wp:featuredmedia":[{"embeddable":true,"href":"https:\/\/www.speedcube.nl\/de\/wp-json\/wp\/v2\/media\/393073"}],"wp:attachment":[{"href":"https:\/\/www.speedcube.nl\/de\/wp-json\/wp\/v2\/media?parent=426396"}],"wp:term":[{"taxonomy":"product_brand","embeddable":true,"href":"https:\/\/www.speedcube.nl\/de\/wp-json\/wp\/v2\/product_brand?post=426396"},{"taxonomy":"product_cat","embeddable":true,"href":"https:\/\/www.speedcube.nl\/de\/wp-json\/wp\/v2\/product_cat?post=426396"},{"taxonomy":"product_tag","embeddable":true,"href":"https:\/\/www.speedcube.nl\/de\/wp-json\/wp\/v2\/product_tag?post=426396"}],"curies":[{"name":"wp","href":"https:\/\/api.w.org\/{rel}","templated":true}]}}