{"id":426380,"date":"2021-11-15T09:40:31","date_gmt":"2021-11-15T08:40:31","guid":{"rendered":"https:\/\/www.speedcube.nl\/unkategorisiert\/qiyi-mp-magnetische-pyraminx\/"},"modified":"2026-04-18T05:01:58","modified_gmt":"2026-04-18T03:01:58","slug":"qiyi-mp-magnetische-pyraminx","status":"publish","type":"product","link":"https:\/\/www.speedcube.nl\/de\/aanbieding-de\/qiyi-mp-magnetische-pyraminx\/","title":{"rendered":"Qiyi MP Magnetische Pyraminx"},"content":{"rendered":"<p>Die QiYi MP Pyraminx M beh\u00e4lt das geschmeidige Gef\u00fchl, das man von der MP-Serie kennt. Diese Pyraminx f\u00fchlt sich beim Drehen extrem stabil an. Es hat eine gl\u00e4nzende Oberfl\u00e4che und leuchtende Farben ohne Aufkleber.<\/p>\n","protected":false},"excerpt":{"rendered":"<p>QIYI<\/p>\n","protected":false},"featured_media":393625,"template":"","meta":{"_improvement_type_select":"improve_an_existing","_thumb_yes_seoaic":false,"_frame_yes_seoaic":false,"seoaic_generate_description":"","seoaic_improve_instructions_prompt":"","seoaic_rollback_content_improvement":"","seoaic_idea_thumbnail_generator":"","thumbnail_generated":false,"thumbnail_generate_prompt":"","seoaic_article_description":"","product-afmeting-lengte-mm":"","product-afmeting-breedte-mm":"","product-afmeting-hoogte-mm":""},"product_brand":[],"product_cat":[1235,1211,2558],"product_tag":[],"class_list":{"0":"post-426380","1":"product","2":"type-product","3":"status-publish","4":"has-post-thumbnail","6":"product_cat-qiyi-de","7":"product_cat-speedcube-de","8":"product_cat-aanbieding-de","9":"pa_merken-qiyi-de","11":"first","12":"instock","13":"sale","14":"taxable","15":"shipping-taxable","16":"purchasable","17":"product-type-simple"},"df_price":13.97,"df_sale_price":13.97,"df_regular_price":19.95,"df_image_link":"https:\/\/www.speedcube.nl\/wp-content\/uploads\/2023\/06\/Productvisuals_Speedcubes-QiYi-mp-magnetic-pyraminx-1-285x300.jpg","_links":{"self":[{"href":"https:\/\/www.speedcube.nl\/de\/wp-json\/wp\/v2\/product\/426380","targetHints":{"allow":["GET"]}}],"collection":[{"href":"https:\/\/www.speedcube.nl\/de\/wp-json\/wp\/v2\/product"}],"about":[{"href":"https:\/\/www.speedcube.nl\/de\/wp-json\/wp\/v2\/types\/product"}],"version-history":[{"count":0,"href":"https:\/\/www.speedcube.nl\/de\/wp-json\/wp\/v2\/product\/426380\/revisions"}],"wp:featuredmedia":[{"embeddable":true,"href":"https:\/\/www.speedcube.nl\/de\/wp-json\/wp\/v2\/media\/393625"}],"wp:attachment":[{"href":"https:\/\/www.speedcube.nl\/de\/wp-json\/wp\/v2\/media?parent=426380"}],"wp:term":[{"taxonomy":"product_brand","embeddable":true,"href":"https:\/\/www.speedcube.nl\/de\/wp-json\/wp\/v2\/product_brand?post=426380"},{"taxonomy":"product_cat","embeddable":true,"href":"https:\/\/www.speedcube.nl\/de\/wp-json\/wp\/v2\/product_cat?post=426380"},{"taxonomy":"product_tag","embeddable":true,"href":"https:\/\/www.speedcube.nl\/de\/wp-json\/wp\/v2\/product_tag?post=426380"}],"curies":[{"name":"wp","href":"https:\/\/api.w.org\/{rel}","templated":true}]}}