{"id":426366,"date":"2021-11-15T09:50:57","date_gmt":"2021-11-15T08:50:57","guid":{"rendered":"https:\/\/www.speedcube.nl\/unkategorisiert\/yuxin-kleine-magie-3x3-v2m\/"},"modified":"2026-04-09T05:01:32","modified_gmt":"2026-04-09T03:01:32","slug":"yuxin-kleine-magie-3x3-v2m","status":"publish","type":"product","link":"https:\/\/www.speedcube.nl\/de\/aanbieding-de\/yuxin-kleine-magie-3x3-v2m\/","title":{"rendered":"Yuxin Kleine Magie 3&#215;3 V2M"},"content":{"rendered":"<p>Der YuXin Little Magic 3&#215;3 V2 M ist ein Update des 3&#215;3. Mit einer &#8222;Ziegelsteinstruktur&#8220; auf den Oberfl\u00e4chen, einer gl\u00e4nzenden Oberfl\u00e4che und mittelstarken Magneten.<\/p>\n","protected":false},"excerpt":{"rendered":"<p>YUXIN<\/p>\n","protected":false},"featured_media":393505,"template":"","meta":{"_improvement_type_select":"improve_an_existing","_thumb_yes_seoaic":false,"_frame_yes_seoaic":false,"seoaic_generate_description":"","seoaic_improve_instructions_prompt":"","seoaic_rollback_content_improvement":"","seoaic_idea_thumbnail_generator":"","thumbnail_generated":false,"thumbnail_generate_prompt":"","seoaic_article_description":"","product-afmeting-lengte-mm":"","product-afmeting-breedte-mm":"","product-afmeting-hoogte-mm":""},"product_brand":[],"product_cat":[1377,1211,2558],"product_tag":[],"class_list":{"0":"post-426366","1":"product","2":"type-product","3":"status-publish","4":"has-post-thumbnail","6":"product_cat-yuxin-de","7":"product_cat-speedcube-de","8":"product_cat-aanbieding-de","9":"pa_merken-yuxin-de","11":"first","12":"instock","13":"sale","14":"taxable","15":"shipping-taxable","16":"purchasable","17":"product-type-simple"},"df_price":11.21,"df_sale_price":11.21,"df_regular_price":14.95,"df_image_link":"https:\/\/www.speedcube.nl\/wp-content\/uploads\/2023\/06\/Productvisuals_Speedcubes-Yuxin-little-magic-3\u00d73-v2m-1-285x300.jpg","_links":{"self":[{"href":"https:\/\/www.speedcube.nl\/de\/wp-json\/wp\/v2\/product\/426366","targetHints":{"allow":["GET"]}}],"collection":[{"href":"https:\/\/www.speedcube.nl\/de\/wp-json\/wp\/v2\/product"}],"about":[{"href":"https:\/\/www.speedcube.nl\/de\/wp-json\/wp\/v2\/types\/product"}],"version-history":[{"count":0,"href":"https:\/\/www.speedcube.nl\/de\/wp-json\/wp\/v2\/product\/426366\/revisions"}],"wp:featuredmedia":[{"embeddable":true,"href":"https:\/\/www.speedcube.nl\/de\/wp-json\/wp\/v2\/media\/393505"}],"wp:attachment":[{"href":"https:\/\/www.speedcube.nl\/de\/wp-json\/wp\/v2\/media?parent=426366"}],"wp:term":[{"taxonomy":"product_brand","embeddable":true,"href":"https:\/\/www.speedcube.nl\/de\/wp-json\/wp\/v2\/product_brand?post=426366"},{"taxonomy":"product_cat","embeddable":true,"href":"https:\/\/www.speedcube.nl\/de\/wp-json\/wp\/v2\/product_cat?post=426366"},{"taxonomy":"product_tag","embeddable":true,"href":"https:\/\/www.speedcube.nl\/de\/wp-json\/wp\/v2\/product_tag?post=426366"}],"curies":[{"name":"wp","href":"https:\/\/api.w.org\/{rel}","templated":true}]}}