{"id":426331,"date":"2021-11-25T10:46:33","date_gmt":"2021-11-25T09:46:33","guid":{"rendered":"https:\/\/www.speedcube.nl\/unkategorisiert\/v-cube-3-schluesselanhaenger-kissen\/"},"modified":"2026-05-02T05:00:43","modified_gmt":"2026-05-02T03:00:43","slug":"v-cube-3-schluesselanhaenger-kissen","status":"publish","type":"product","link":"https:\/\/www.speedcube.nl\/de\/speedcube-de\/v-wurfel\/v-cube-3-schluesselanhaenger-kissen\/","title":{"rendered":"V-Cube 3 Schl\u00fcsselanh\u00e4nger-Kissen"},"content":{"rendered":"<p>Diesen Schl\u00fcsselanh\u00e4nger in Form eines W\u00fcrfels k\u00f6nnen Sie ganz einfach an Ihrer Tasche oder Ihrem Schl\u00fcsselbund befestigen. So haben Sie auch unterwegs immer einen lustigen W\u00fcrfel dabei!<\/p>\n<p>Spezifikationen:<br \/>\nFarbe: orange, wei\u00df, blau<br \/>\nMaterial: Kunststoff<br \/>\nAbmessungen: 3,5 x 3,5 x 3,5 cm<br \/>\nAlter: ab 6 Jahren<\/p>\n","protected":false},"excerpt":{"rendered":"<p>V-CUBE<\/p>\n","protected":false},"featured_media":394993,"template":"","meta":{"_improvement_type_select":"improve_an_existing","_thumb_yes_seoaic":false,"_frame_yes_seoaic":false,"seoaic_generate_description":"","seoaic_improve_instructions_prompt":"","seoaic_rollback_content_improvement":"","seoaic_idea_thumbnail_generator":"","thumbnail_generated":false,"thumbnail_generate_prompt":"","seoaic_article_description":"","product-afmeting-lengte-mm":"","product-afmeting-breedte-mm":"","product-afmeting-hoogte-mm":""},"product_brand":[],"product_cat":[2730,1211,2558],"product_tag":[],"class_list":{"0":"post-426331","1":"product","2":"type-product","3":"status-publish","4":"has-post-thumbnail","6":"product_cat-v-wurfel","7":"product_cat-speedcube-de","8":"product_cat-aanbieding-de","9":"pa_merken-v-cube-de","11":"first","12":"instock","13":"sale","14":"taxable","15":"shipping-taxable","16":"purchasable","17":"product-type-simple"},"df_price":6.71,"df_sale_price":6.71,"df_regular_price":8.95,"df_image_link":"https:\/\/www.speedcube.nl\/wp-content\/uploads\/2023\/06\/Productvisuals_Speedcubes-V-Cube-3-sleutelhanger-pillow-1-285x300.jpg","_links":{"self":[{"href":"https:\/\/www.speedcube.nl\/de\/wp-json\/wp\/v2\/product\/426331","targetHints":{"allow":["GET"]}}],"collection":[{"href":"https:\/\/www.speedcube.nl\/de\/wp-json\/wp\/v2\/product"}],"about":[{"href":"https:\/\/www.speedcube.nl\/de\/wp-json\/wp\/v2\/types\/product"}],"version-history":[{"count":0,"href":"https:\/\/www.speedcube.nl\/de\/wp-json\/wp\/v2\/product\/426331\/revisions"}],"wp:featuredmedia":[{"embeddable":true,"href":"https:\/\/www.speedcube.nl\/de\/wp-json\/wp\/v2\/media\/394993"}],"wp:attachment":[{"href":"https:\/\/www.speedcube.nl\/de\/wp-json\/wp\/v2\/media?parent=426331"}],"wp:term":[{"taxonomy":"product_brand","embeddable":true,"href":"https:\/\/www.speedcube.nl\/de\/wp-json\/wp\/v2\/product_brand?post=426331"},{"taxonomy":"product_cat","embeddable":true,"href":"https:\/\/www.speedcube.nl\/de\/wp-json\/wp\/v2\/product_cat?post=426331"},{"taxonomy":"product_tag","embeddable":true,"href":"https:\/\/www.speedcube.nl\/de\/wp-json\/wp\/v2\/product_tag?post=426331"}],"curies":[{"name":"wp","href":"https:\/\/api.w.org\/{rel}","templated":true}]}}