{"id":426325,"date":"2021-11-25T18:21:54","date_gmt":"2021-11-25T17:21:54","guid":{"rendered":"https:\/\/www.speedcube.nl\/unkategorisiert\/inside-legend-the-skull-kassette\/"},"modified":"2026-05-02T05:01:00","modified_gmt":"2026-05-02T03:01:00","slug":"inside-legend-the-skull-kassette","status":"publish","type":"product","link":"https:\/\/www.speedcube.nl\/de\/aanbieding-de\/inside-legend-the-skull-kassette\/","title":{"rendered":"Inside Legend The Skull (Kassette)"},"content":{"rendered":"<p>Ein minimalistisches und reines Abenteuerspiel. Die Legend-Reihe sorgt f\u00fcr spannende Momente und regt die Fantasie an. Zug\u00e4nglich f\u00fcr alle Spieler, die abenteuerliche Untergr\u00fcnde voller Fallen und Geheimg\u00e4nge m\u00f6gen. Ein inklusives Universum dank der gro\u00dfartigen Illustrationen von Mona FINDEN.<\/p>\n<p><em><br \/>\n  <strong>Bitte beachten Sie<\/strong><br \/>\n<\/em> Dieses Spielzeug ist eine Patrone. Sie m\u00fcssen ein komplettes Set haben, um es zu benutzen. Der Bausatz enth\u00e4lt: einen Ball, eine Vorlage und eine Beschreibung des Universums.<\/p>\n<p>Alter: 8+<br \/>\nSchwierigkeitsgrad: 3 Sterne<br \/>\nKann allein oder mit anderen gespielt werden<br \/>\nHergestellt in Frankreich<\/p>\n","protected":false},"excerpt":{"rendered":"<p>INNEN<\/p>\n","protected":false},"featured_media":395163,"template":"","meta":{"_improvement_type_select":"improve_an_existing","_thumb_yes_seoaic":false,"_frame_yes_seoaic":false,"seoaic_generate_description":"","seoaic_improve_instructions_prompt":"","seoaic_rollback_content_improvement":"","seoaic_idea_thumbnail_generator":"","thumbnail_generated":false,"thumbnail_generate_prompt":"","seoaic_article_description":"","product-afmeting-lengte-mm":"","product-afmeting-breedte-mm":"","product-afmeting-hoogte-mm":""},"product_brand":[],"product_cat":[2183,1227,2558],"product_tag":[],"class_list":{"0":"post-426325","1":"product","2":"type-product","3":"status-publish","4":"has-post-thumbnail","6":"product_cat-innen","7":"product_cat-knobelaufgaben","8":"product_cat-aanbieding-de","9":"pa_merken-innen","11":"first","12":"instock","13":"sale","14":"taxable","15":"shipping-taxable","16":"purchasable","17":"product-type-simple"},"df_price":6.5,"df_sale_price":6.5,"df_regular_price":12.99,"df_image_link":"https:\/\/www.speedcube.nl\/wp-content\/uploads\/2023\/06\/Productvisuals_Breinbrekers-Inside-Legend-The-Skull-cartridge-285x300.jpg","_links":{"self":[{"href":"https:\/\/www.speedcube.nl\/de\/wp-json\/wp\/v2\/product\/426325","targetHints":{"allow":["GET"]}}],"collection":[{"href":"https:\/\/www.speedcube.nl\/de\/wp-json\/wp\/v2\/product"}],"about":[{"href":"https:\/\/www.speedcube.nl\/de\/wp-json\/wp\/v2\/types\/product"}],"version-history":[{"count":0,"href":"https:\/\/www.speedcube.nl\/de\/wp-json\/wp\/v2\/product\/426325\/revisions"}],"wp:featuredmedia":[{"embeddable":true,"href":"https:\/\/www.speedcube.nl\/de\/wp-json\/wp\/v2\/media\/395163"}],"wp:attachment":[{"href":"https:\/\/www.speedcube.nl\/de\/wp-json\/wp\/v2\/media?parent=426325"}],"wp:term":[{"taxonomy":"product_brand","embeddable":true,"href":"https:\/\/www.speedcube.nl\/de\/wp-json\/wp\/v2\/product_brand?post=426325"},{"taxonomy":"product_cat","embeddable":true,"href":"https:\/\/www.speedcube.nl\/de\/wp-json\/wp\/v2\/product_cat?post=426325"},{"taxonomy":"product_tag","embeddable":true,"href":"https:\/\/www.speedcube.nl\/de\/wp-json\/wp\/v2\/product_tag?post=426325"}],"curies":[{"name":"wp","href":"https:\/\/api.w.org\/{rel}","templated":true}]}}