{"id":426299,"date":"2021-12-29T17:10:29","date_gmt":"2021-12-29T16:10:29","guid":{"rendered":"https:\/\/www.speedcube.nl\/unkategorisiert\/magicyoyo-k2\/"},"modified":"2026-04-30T05:14:43","modified_gmt":"2026-04-30T03:14:43","slug":"magicyoyo-k2","status":"publish","type":"product","link":"https:\/\/www.speedcube.nl\/de\/yo-yos\/magicyoyo-de\/magicyoyo-k2\/","title":{"rendered":"MagicYoYo K2"},"content":{"rendered":"<p>MAGICYOYO K2 CRYSTAL ist ein Einsteiger-Doppelfunktionsjojo aus dem Hause MAGICYOYO. Es ist ein ausgezeichnetes Yoyo f\u00fcr Anf\u00e4nger und auch zum \u00dcben von grundlegenden Yoyo String Tricks. Wenn du leicht an der Schnur ziehst, kommt sie leicht in deine Hand zur\u00fcck. Wenn Sie bereit sind f\u00fcr den Modus des nicht reagierenden Jojos, k\u00f6nnen Sie die Jojo-Lager, die l\u00e4ngere Welle und das hohle Lager entfernen. Du bekommst jetzt ein neues, nicht reagierendes Jojo! Es gibt also keinen Grund, gleich ein neues Jojo zu kaufen. Bitte beachten Sie, dass das zus\u00e4tzliche Lager nicht in der Verpackung enthalten ist. Separat erh\u00e4ltlich.<\/p>\n<p>Gewicht: 65 Gramm<br \/>\nDurchmesser: 55,5 mm<br \/>\nBreite: 43 mm<br \/>\n(Un)reaktionsf\u00e4hig: reaktionsf\u00e4hig und nicht reaktionsf\u00e4hig<\/p>\n","protected":false},"excerpt":{"rendered":"<p>MAGICYOYO<\/p>\n","protected":false},"featured_media":396197,"template":"","meta":{"_improvement_type_select":"improve_an_existing","_thumb_yes_seoaic":false,"_frame_yes_seoaic":false,"seoaic_generate_description":"","seoaic_improve_instructions_prompt":"","seoaic_rollback_content_improvement":"","seoaic_idea_thumbnail_generator":"","thumbnail_generated":false,"thumbnail_generate_prompt":"","seoaic_article_description":"","product-afmeting-lengte-mm":"","product-afmeting-breedte-mm":"","product-afmeting-hoogte-mm":""},"product_brand":[],"product_cat":[1419,1418,1705,1238],"product_tag":[],"class_list":{"0":"post-426299","1":"product","2":"type-product","3":"status-publish","4":"has-post-thumbnail","6":"product_cat-ansprechbar","7":"product_cat-kunststoff","8":"product_cat-magicyoyo-de","9":"product_cat-yo-yos","10":"pa_merken-magicyoyo-de","12":"first","13":"instock","14":"taxable","15":"shipping-taxable","16":"purchasable","17":"product-type-variable"},"df_price":12.99,"df_sale_price":"","df_regular_price":12.99,"df_image_link":"https:\/\/www.speedcube.nl\/wp-content\/uploads\/2023\/06\/Productvisuals_yoyo_magicyoyo-k26-1-285x300.jpg","_links":{"self":[{"href":"https:\/\/www.speedcube.nl\/de\/wp-json\/wp\/v2\/product\/426299","targetHints":{"allow":["GET"]}}],"collection":[{"href":"https:\/\/www.speedcube.nl\/de\/wp-json\/wp\/v2\/product"}],"about":[{"href":"https:\/\/www.speedcube.nl\/de\/wp-json\/wp\/v2\/types\/product"}],"version-history":[{"count":0,"href":"https:\/\/www.speedcube.nl\/de\/wp-json\/wp\/v2\/product\/426299\/revisions"}],"wp:featuredmedia":[{"embeddable":true,"href":"https:\/\/www.speedcube.nl\/de\/wp-json\/wp\/v2\/media\/396197"}],"wp:attachment":[{"href":"https:\/\/www.speedcube.nl\/de\/wp-json\/wp\/v2\/media?parent=426299"}],"wp:term":[{"taxonomy":"product_brand","embeddable":true,"href":"https:\/\/www.speedcube.nl\/de\/wp-json\/wp\/v2\/product_brand?post=426299"},{"taxonomy":"product_cat","embeddable":true,"href":"https:\/\/www.speedcube.nl\/de\/wp-json\/wp\/v2\/product_cat?post=426299"},{"taxonomy":"product_tag","embeddable":true,"href":"https:\/\/www.speedcube.nl\/de\/wp-json\/wp\/v2\/product_tag?post=426299"}],"curies":[{"name":"wp","href":"https:\/\/api.w.org\/{rel}","templated":true}]}}