{"id":426275,"date":"2021-12-11T12:36:04","date_gmt":"2021-12-11T11:36:04","guid":{"rendered":"https:\/\/www.speedcube.nl\/unkategorisiert\/teching-v8-motor-dm118\/"},"modified":"2026-05-01T05:02:28","modified_gmt":"2026-05-01T03:02:28","slug":"teching-v8-motor-dm118","status":"publish","type":"product","link":"https:\/\/www.speedcube.nl\/de\/modellbau\/teching-de\/teching-v8-motor-dm118\/","title":{"rendered":"Teching V8-Motor DM118"},"content":{"rendered":"<p>Exquisite Modelldekorationen: V8-Motor-Modellbaus\u00e4tze, stark texturierte Metallteile, bringen Ihnen das ganze Wissen \u00fcber die wunderbare Welt des Maschinenbaus in einer immersiven Umgebung. Sie bauen Ihren eigenen V8-Motor. Der Motor besteht aus mehr als 500 Teilen und wird mit einer englischen Papieranleitung geliefert.<\/p>\n<p>Sie werden pers\u00f6nlich den gesamten Prozess des Zusammenbaus von Kleinteilen zu vollst\u00e4ndigen Produkten durchlaufen und ein schockierendes V8-Motormodell bauen. Der V8-Motor kann angetrieben werden, was realistischer und interessanter ist. W\u00e4hrend des gesamten Prozesses k\u00f6nnen Sie den laufenden Prozess des Motors beobachten. Es ist nicht nur ein sch\u00f6nes Dekorationsmodell, sondern auch ein dynamisches Simulationsmodell, das den Betrieb eines echten Motors simulieren kann.<\/p>\n<p>Gewicht: 4,1 kg<br \/>\nMaterial: rostfreier Stahl + Aluminiumlegierung<br \/>\nAlter: 14+<br \/>\nProdukt mm : 198 \u00d7 170 \u00d7 180<br \/>\nAnzahl der St\u00fccke : 500<br \/>\nMontagezeit : ca. 5 Stunden nach Anleitung<br \/>\nSchwierigkeitsgrad : 4 Sterne<br \/>\nHandbuch : Englisch v8 Motormodell<\/p>\n<p>1 \u00d7 v8-Motormodell<br \/>\n1 x Batterie<br \/>\n1 x Ladeger\u00e4t<br \/>\n1 x englisches Handbuch<br \/>\n1 x Metallbox<\/p>\n<p>&nbsp;<\/p>\n<p>&nbsp;<\/p>\n","protected":false},"excerpt":{"rendered":"<p>TECHING<\/p>\n","protected":false},"featured_media":395825,"template":"","meta":{"_improvement_type_select":"improve_an_existing","_thumb_yes_seoaic":false,"_frame_yes_seoaic":false,"seoaic_generate_description":"","seoaic_improve_instructions_prompt":"","seoaic_rollback_content_improvement":"","seoaic_idea_thumbnail_generator":"","thumbnail_generated":false,"thumbnail_generate_prompt":"","seoaic_article_description":"","product-afmeting-lengte-mm":"","product-afmeting-breedte-mm":"","product-afmeting-hoogte-mm":""},"product_brand":[],"product_cat":[1500,1720,1499,1501,2324],"product_tag":[],"class_list":{"0":"post-426275","1":"product","2":"type-product","3":"status-publish","4":"has-post-thumbnail","6":"product_cat-baukasten-fur-erwachsene","7":"product_cat-metallbaukasten","8":"product_cat-modellbau","9":"product_cat-modellmotoren","10":"product_cat-teching-de","11":"pa_merken-teching-de","13":"first","14":"instock","15":"taxable","16":"shipping-taxable","17":"purchasable","18":"product-type-simple"},"df_price":710.95,"df_sale_price":"","df_regular_price":710.95,"df_image_link":"https:\/\/www.speedcube.nl\/wp-content\/uploads\/2023\/06\/Productvisuals_Modelbouw-Teching-v8-Motor-dm118-1-285x300.jpg","_links":{"self":[{"href":"https:\/\/www.speedcube.nl\/de\/wp-json\/wp\/v2\/product\/426275","targetHints":{"allow":["GET"]}}],"collection":[{"href":"https:\/\/www.speedcube.nl\/de\/wp-json\/wp\/v2\/product"}],"about":[{"href":"https:\/\/www.speedcube.nl\/de\/wp-json\/wp\/v2\/types\/product"}],"version-history":[{"count":0,"href":"https:\/\/www.speedcube.nl\/de\/wp-json\/wp\/v2\/product\/426275\/revisions"}],"wp:featuredmedia":[{"embeddable":true,"href":"https:\/\/www.speedcube.nl\/de\/wp-json\/wp\/v2\/media\/395825"}],"wp:attachment":[{"href":"https:\/\/www.speedcube.nl\/de\/wp-json\/wp\/v2\/media?parent=426275"}],"wp:term":[{"taxonomy":"product_brand","embeddable":true,"href":"https:\/\/www.speedcube.nl\/de\/wp-json\/wp\/v2\/product_brand?post=426275"},{"taxonomy":"product_cat","embeddable":true,"href":"https:\/\/www.speedcube.nl\/de\/wp-json\/wp\/v2\/product_cat?post=426275"},{"taxonomy":"product_tag","embeddable":true,"href":"https:\/\/www.speedcube.nl\/de\/wp-json\/wp\/v2\/product_tag?post=426275"}],"curies":[{"name":"wp","href":"https:\/\/api.w.org\/{rel}","templated":true}]}}