{"id":426233,"date":"2022-01-08T11:56:55","date_gmt":"2022-01-08T10:56:55","guid":{"rendered":"https:\/\/www.speedcube.nl\/unkategorisiert\/escapewelt-quest-pyramide\/"},"modified":"2026-04-16T05:27:07","modified_gmt":"2026-04-16T03:27:07","slug":"escapewelt-quest-pyramide","status":"publish","type":"product","link":"https:\/\/www.speedcube.nl\/de\/knobelaufgaben\/holzerne-knobelaufgaben\/escapewelt-quest-pyramide\/","title":{"rendered":"Escapewelt Quest Pyramide"},"content":{"rendered":"<p>Du musst alle R\u00e4tsel l\u00f6sen, um an das geheime Fach im Inneren zu gelangen. Beobachten Sie Quest Pyramid sorgf\u00e4ltig und achten Sie auf besondere Symbole. Diese werden dir helfen, die Mechanismen zu verstehen und die geheimnisvolle Questpyramide zu \u00f6ffnen. Im Durchschnitt dauert es 60-90 Minuten, um alle R\u00e4tsel zu l\u00f6sen und die Pyramide zu \u00f6ffnen. Das Spiel ist f\u00fcr bis zu 2-3 Spieler ausgelegt. Sie k\u00f6nnen Quest Pyramid aber auch gerne alleine spielen.<\/p>\n","protected":false},"excerpt":{"rendered":"<p>ESCAPEWELT<\/p>\n","protected":false},"featured_media":396599,"template":"","meta":{"_improvement_type_select":"improve_an_existing","_thumb_yes_seoaic":false,"_frame_yes_seoaic":false,"seoaic_generate_description":"","seoaic_improve_instructions_prompt":"","seoaic_rollback_content_improvement":"","seoaic_idea_thumbnail_generator":"","thumbnail_generated":false,"thumbnail_generate_prompt":"","seoaic_article_description":"","product-afmeting-lengte-mm":"","product-afmeting-breedte-mm":"","product-afmeting-hoogte-mm":""},"product_brand":[],"product_cat":[1511,1774,1795,1244,1227,1233,1237],"product_tag":[],"class_list":{"0":"post-426233","1":"product","2":"type-product","3":"status-publish","4":"has-post-thumbnail","6":"product_cat-3-sterne-normal","7":"product_cat-escapewelt-de","8":"product_cat-holzerne-knobelaufgaben","9":"product_cat-knobelaufgaben-de","10":"product_cat-knobelaufgaben","11":"product_cat-knobelaufgaben-fur-erwachsene","12":"product_cat-knobelaufgaben-fur-kinder","13":"pa_merken-escapewelt-de","15":"first","16":"instock","17":"taxable","18":"shipping-taxable","19":"purchasable","20":"product-type-simple"},"df_price":49.99,"df_sale_price":"","df_regular_price":49.99,"df_image_link":"https:\/\/www.speedcube.nl\/wp-content\/uploads\/2023\/06\/Productvisuals_Breinbrekers-escapewelt-Quest-Pyramide1-1-285x300.jpg","_links":{"self":[{"href":"https:\/\/www.speedcube.nl\/de\/wp-json\/wp\/v2\/product\/426233","targetHints":{"allow":["GET"]}}],"collection":[{"href":"https:\/\/www.speedcube.nl\/de\/wp-json\/wp\/v2\/product"}],"about":[{"href":"https:\/\/www.speedcube.nl\/de\/wp-json\/wp\/v2\/types\/product"}],"version-history":[{"count":0,"href":"https:\/\/www.speedcube.nl\/de\/wp-json\/wp\/v2\/product\/426233\/revisions"}],"wp:featuredmedia":[{"embeddable":true,"href":"https:\/\/www.speedcube.nl\/de\/wp-json\/wp\/v2\/media\/396599"}],"wp:attachment":[{"href":"https:\/\/www.speedcube.nl\/de\/wp-json\/wp\/v2\/media?parent=426233"}],"wp:term":[{"taxonomy":"product_brand","embeddable":true,"href":"https:\/\/www.speedcube.nl\/de\/wp-json\/wp\/v2\/product_brand?post=426233"},{"taxonomy":"product_cat","embeddable":true,"href":"https:\/\/www.speedcube.nl\/de\/wp-json\/wp\/v2\/product_cat?post=426233"},{"taxonomy":"product_tag","embeddable":true,"href":"https:\/\/www.speedcube.nl\/de\/wp-json\/wp\/v2\/product_tag?post=426233"}],"curies":[{"name":"wp","href":"https:\/\/api.w.org\/{rel}","templated":true}]}}