{"id":426226,"date":"2021-11-28T18:22:33","date_gmt":"2021-11-28T17:22:33","guid":{"rendered":"https:\/\/www.speedcube.nl\/unkategorisiert\/suessigkeiten-kendama-massiv-gold\/"},"modified":"2026-05-10T05:04:56","modified_gmt":"2026-05-10T03:04:56","slug":"suessigkeiten-kendama-massiv-gold","status":"publish","type":"product","link":"https:\/\/www.speedcube.nl\/de\/yo-yos\/susigkeiten-kendamas\/suessigkeiten-kendama-massiv-gold\/","title":{"rendered":"S\u00fc\u00dfigkeiten Kendama Massiv Gold"},"content":{"rendered":"<p>Das massive Gold zeigt das F3 Ken in Kombination mit 10 verschiedenen werkseitig eingef\u00e4rbten Volltonfarben. Unsere werksseitige Lackformel wurde erheblich verbessert, was zu einem gl\u00e4nzenden, aber angenehm &#8222;klebrigen&#8220; Finish f\u00fchrt. Wie ideal f\u00fcr Tama-Balance-Tricks. Wir sind der Meinung, dass es genau das richtige Verh\u00e4ltnis zwischen Schlupf und Haftung hat, so dass die Balance angepasst werden kann und trotzdem stabil bleibt.<br \/>\nJede F3 wird mit einer Anleitung, einer zus\u00e4tzlichen Schnur und Perle sowie Aufklebern geliefert.<\/p>\n","protected":false},"excerpt":{"rendered":"<p>S\u00dcSSWAREN KENDAMAS<\/p>\n","protected":false},"featured_media":395767,"template":"","meta":{"_improvement_type_select":"improve_an_existing","_thumb_yes_seoaic":false,"_frame_yes_seoaic":false,"seoaic_generate_description":"","seoaic_improve_instructions_prompt":"","seoaic_rollback_content_improvement":"","seoaic_idea_thumbnail_generator":"","thumbnail_generated":false,"thumbnail_generate_prompt":"","seoaic_article_description":"","product-afmeting-lengte-mm":"","product-afmeting-breedte-mm":"","product-afmeting-hoogte-mm":""},"product_brand":[],"product_cat":[1975,2425,1238],"product_tag":[],"class_list":{"0":"post-426226","1":"product","2":"type-product","3":"status-publish","4":"has-post-thumbnail","6":"product_cat-kendama-de","7":"product_cat-susigkeiten-kendamas","8":"product_cat-yo-yos","9":"pa_merken-susswaren-kendamas","11":"first","12":"outofstock","13":"taxable","14":"shipping-taxable","15":"purchasable","16":"product-type-simple"},"df_price":15.99,"df_sale_price":"","df_regular_price":15.99,"df_image_link":"https:\/\/www.speedcube.nl\/wp-content\/uploads\/2023\/06\/Productvisuals_kendama-jan.-2022-8-1-285x300.jpg","_links":{"self":[{"href":"https:\/\/www.speedcube.nl\/de\/wp-json\/wp\/v2\/product\/426226","targetHints":{"allow":["GET"]}}],"collection":[{"href":"https:\/\/www.speedcube.nl\/de\/wp-json\/wp\/v2\/product"}],"about":[{"href":"https:\/\/www.speedcube.nl\/de\/wp-json\/wp\/v2\/types\/product"}],"version-history":[{"count":0,"href":"https:\/\/www.speedcube.nl\/de\/wp-json\/wp\/v2\/product\/426226\/revisions"}],"wp:featuredmedia":[{"embeddable":true,"href":"https:\/\/www.speedcube.nl\/de\/wp-json\/wp\/v2\/media\/395767"}],"wp:attachment":[{"href":"https:\/\/www.speedcube.nl\/de\/wp-json\/wp\/v2\/media?parent=426226"}],"wp:term":[{"taxonomy":"product_brand","embeddable":true,"href":"https:\/\/www.speedcube.nl\/de\/wp-json\/wp\/v2\/product_brand?post=426226"},{"taxonomy":"product_cat","embeddable":true,"href":"https:\/\/www.speedcube.nl\/de\/wp-json\/wp\/v2\/product_cat?post=426226"},{"taxonomy":"product_tag","embeddable":true,"href":"https:\/\/www.speedcube.nl\/de\/wp-json\/wp\/v2\/product_tag?post=426226"}],"curies":[{"name":"wp","href":"https:\/\/api.w.org\/{rel}","templated":true}]}}