{"id":426188,"date":"2021-12-30T13:27:32","date_gmt":"2021-12-30T12:27:32","guid":{"rendered":"https:\/\/www.speedcube.nl\/unkategorisiert\/magicyoyo-seile-neon-25-stueck\/"},"modified":"2026-05-09T05:04:16","modified_gmt":"2026-05-09T03:04:16","slug":"magicyoyo-seile-neon-25-stueck","status":"publish","type":"product","link":"https:\/\/www.speedcube.nl\/de\/yo-yos\/zubehor-yoyos\/magicyoyo-seile-neon-25-stueck\/","title":{"rendered":"MagicYoYo Seile Neon 25 St\u00fcck"},"content":{"rendered":"<p>MAGICYOYO Seile sind ein hochwertiger, professioneller Ersatz f\u00fcr Ihr bisheriges Yo-Yo Seil. Langlebig und aus Polyester hergestellt. Jede Yo-Yo-Schnur ist etwa 110 cm lang. Das ist lang genug f\u00fcr alle Spieler. Dieses Seil kann f\u00fcr alle Yoyos verwendet werden. Dieses Produkt enth\u00e4lt 25 bunte Yo-Yo-Schn\u00fcre. Erh\u00e4ltlich in den Farben blau, gelb, gr\u00fcn, orange, lila, rot, rosa und wei\u00df, also f\u00fcr jeden etwas!<\/p>\n","protected":false},"excerpt":{"rendered":"<p>MAGICYOYO<\/p>\n","protected":false},"featured_media":396351,"template":"","meta":{"_improvement_type_select":"improve_an_existing","_thumb_yes_seoaic":false,"_frame_yes_seoaic":false,"seoaic_generate_description":"","seoaic_improve_instructions_prompt":"","seoaic_rollback_content_improvement":"","seoaic_idea_thumbnail_generator":"","thumbnail_generated":false,"thumbnail_generate_prompt":"","seoaic_article_description":"","product-afmeting-lengte-mm":"","product-afmeting-breedte-mm":"","product-afmeting-hoogte-mm":""},"product_brand":[],"product_cat":[2561,1705,1238,2696],"product_tag":[],"class_list":{"0":"post-426188","1":"product","2":"type-product","3":"status-publish","4":"has-post-thumbnail","6":"product_cat-draht","7":"product_cat-magicyoyo-de","8":"product_cat-yo-yos","9":"product_cat-zubehor-yoyos","10":"pa_merken-magicyoyo-de","12":"first","13":"instock","14":"taxable","15":"shipping-taxable","16":"purchasable","17":"product-type-variable"},"df_price":7.99,"df_sale_price":"","df_regular_price":7.99,"df_image_link":"https:\/\/www.speedcube.nl\/wp-content\/uploads\/2023\/06\/Productvisuals_yoyo_MAGICYOYO-touwtjes-1-285x300.jpg","_links":{"self":[{"href":"https:\/\/www.speedcube.nl\/de\/wp-json\/wp\/v2\/product\/426188","targetHints":{"allow":["GET"]}}],"collection":[{"href":"https:\/\/www.speedcube.nl\/de\/wp-json\/wp\/v2\/product"}],"about":[{"href":"https:\/\/www.speedcube.nl\/de\/wp-json\/wp\/v2\/types\/product"}],"version-history":[{"count":0,"href":"https:\/\/www.speedcube.nl\/de\/wp-json\/wp\/v2\/product\/426188\/revisions"}],"wp:featuredmedia":[{"embeddable":true,"href":"https:\/\/www.speedcube.nl\/de\/wp-json\/wp\/v2\/media\/396351"}],"wp:attachment":[{"href":"https:\/\/www.speedcube.nl\/de\/wp-json\/wp\/v2\/media?parent=426188"}],"wp:term":[{"taxonomy":"product_brand","embeddable":true,"href":"https:\/\/www.speedcube.nl\/de\/wp-json\/wp\/v2\/product_brand?post=426188"},{"taxonomy":"product_cat","embeddable":true,"href":"https:\/\/www.speedcube.nl\/de\/wp-json\/wp\/v2\/product_cat?post=426188"},{"taxonomy":"product_tag","embeddable":true,"href":"https:\/\/www.speedcube.nl\/de\/wp-json\/wp\/v2\/product_tag?post=426188"}],"curies":[{"name":"wp","href":"https:\/\/api.w.org\/{rel}","templated":true}]}}