{"id":426187,"date":"2021-11-28T18:42:24","date_gmt":"2021-11-28T17:42:24","guid":{"rendered":"https:\/\/www.speedcube.nl\/unkategorisiert\/kendama-usa-kaizen-trip-stripe-rosa-mit-schwarz\/"},"modified":"2026-05-01T05:00:22","modified_gmt":"2026-05-01T03:00:22","slug":"kendama-usa-kaizen-trip-stripe-rosa-mit-schwarz","status":"publish","type":"product","link":"https:\/\/www.speedcube.nl\/de\/yo-yos\/kendama-usa-de\/kendama-usa-kaizen-trip-stripe-rosa-mit-schwarz\/","title":{"rendered":"Kendama USA Kaizen Trip Stripe Rosa mit Schwarz"},"content":{"rendered":"<p>Kendama USA ist die \u00e4lteste Kendama-Marke Amerikas. Kendama ist ein aktives traditionelles japanisches Spiel, das die Hand-Augen-Koordination, das Gleichgewicht, die Reflexe und die Kreativit\u00e4t f\u00f6rdert. Man kann den Ball auf verschiedene Arten fangen, wobei die Basis die drei unterschiedlich gro\u00dfen Becher sind, aber die Form des Lochs erlaubt es auch, den Ball auf den Kanten ruhen zu lassen. Diese werden als &#8222;St\u00e4nde&#8220; bezeichnet. Sie k\u00f6nnen auch den Ball (Tama) anstelle des Griffs (Ken) halten und so den Ken auf unterschiedliche Weise auf dem Ball balancieren.<\/p>\n<p>Sie werden heute in der ganzen Welt von verschiedenen Marken hergestellt.<br \/>\nJedes Kaizen Kendama wird mit einer Anleitung, Aufklebern und einer Ersatzschnur und -perle geliefert. Hergestellt aus 100% Buchenholz und beschichtet mit unserer eigenen SILK-Farbe.<\/p>\n<p>Kendama ist von hoher Qualit\u00e4t und kann sowohl f\u00fcr Links- als auch f\u00fcr Rechtsh\u00e4nder verwendet werden.<\/p>\n<p>&nbsp;<\/p>\n","protected":false},"excerpt":{"rendered":"<p>KENDAMA USA<\/p>\n","protected":false},"featured_media":395775,"template":"","meta":{"_improvement_type_select":"improve_an_existing","_thumb_yes_seoaic":false,"_frame_yes_seoaic":false,"seoaic_generate_description":"","seoaic_improve_instructions_prompt":"","seoaic_rollback_content_improvement":"","seoaic_idea_thumbnail_generator":"","thumbnail_generated":false,"thumbnail_generate_prompt":"","seoaic_article_description":"","product-afmeting-lengte-mm":"","product-afmeting-breedte-mm":"","product-afmeting-hoogte-mm":""},"product_brand":[],"product_cat":[1975,2701,1238],"product_tag":[],"class_list":{"0":"post-426187","1":"product","2":"type-product","3":"status-publish","4":"has-post-thumbnail","6":"product_cat-kendama-de","7":"product_cat-kendama-usa-de","8":"product_cat-yo-yos","9":"pa_merken-kendama-usa-de","11":"first","12":"outofstock","13":"taxable","14":"shipping-taxable","15":"purchasable","16":"product-type-simple"},"df_price":14.95,"df_sale_price":"","df_regular_price":14.95,"df_image_link":"https:\/\/www.speedcube.nl\/wp-content\/uploads\/2023\/06\/Productvisuals_kendama-jan.-2022-4-2-285x300.jpg","_links":{"self":[{"href":"https:\/\/www.speedcube.nl\/de\/wp-json\/wp\/v2\/product\/426187","targetHints":{"allow":["GET"]}}],"collection":[{"href":"https:\/\/www.speedcube.nl\/de\/wp-json\/wp\/v2\/product"}],"about":[{"href":"https:\/\/www.speedcube.nl\/de\/wp-json\/wp\/v2\/types\/product"}],"version-history":[{"count":0,"href":"https:\/\/www.speedcube.nl\/de\/wp-json\/wp\/v2\/product\/426187\/revisions"}],"wp:featuredmedia":[{"embeddable":true,"href":"https:\/\/www.speedcube.nl\/de\/wp-json\/wp\/v2\/media\/395775"}],"wp:attachment":[{"href":"https:\/\/www.speedcube.nl\/de\/wp-json\/wp\/v2\/media?parent=426187"}],"wp:term":[{"taxonomy":"product_brand","embeddable":true,"href":"https:\/\/www.speedcube.nl\/de\/wp-json\/wp\/v2\/product_brand?post=426187"},{"taxonomy":"product_cat","embeddable":true,"href":"https:\/\/www.speedcube.nl\/de\/wp-json\/wp\/v2\/product_cat?post=426187"},{"taxonomy":"product_tag","embeddable":true,"href":"https:\/\/www.speedcube.nl\/de\/wp-json\/wp\/v2\/product_tag?post=426187"}],"curies":[{"name":"wp","href":"https:\/\/api.w.org\/{rel}","templated":true}]}}