{"id":426182,"date":"2022-01-11T10:04:23","date_gmt":"2022-01-11T09:04:23","guid":{"rendered":"https:\/\/www.speedcube.nl\/unkategorisiert\/qiyi-regenbogenturm-von-hanoi-10-ringe\/"},"modified":"2026-04-30T05:11:13","modified_gmt":"2026-04-30T03:11:13","slug":"qiyi-regenbogenturm-von-hanoi-10-ringe","status":"publish","type":"product","link":"https:\/\/www.speedcube.nl\/de\/knobelaufgaben-de\/qiyi-regenbogenturm-von-hanoi-10-ringe\/","title":{"rendered":"Qiyi Regenbogenturm von Hanoi &#8211; 10 Ringe"},"content":{"rendered":"<p>Der Turm von Hanoi ist ein Puzzle mit drei nebeneinander liegenden St\u00e4ben und Ringen, die auf die St\u00e4be passen. Die Ringe beginnen auf einer einzigen Stange, wobei der gr\u00f6\u00dfte unten ist und nach oben hin kleiner wird. Das Ziel ist es, die Ringe nach einigen Regeln auf die gegen\u00fcberliegende Stange zu bringen: 1. Es kann jeweils nur eine Scheibe bewegt werden, 2. Jeder Zug besteht darin, das oberste Pl\u00e4ttchen von einem der Stapel zu nehmen und es auf einen anderen Stapel oder eine leere Leiste zu legen, 3. Keine Scheibe darf auf eine kleinere Scheibe gelegt werden. Diese Version hat 10 Ringe und kann am effizientesten in 1023 Z\u00fcgen gel\u00f6st werden. Werden Sie Erfolg haben?<\/p>\n","protected":false},"excerpt":{"rendered":"<p>qiyi<\/p>\n","protected":false},"featured_media":396697,"template":"","meta":{"_improvement_type_select":"improve_an_existing","_thumb_yes_seoaic":false,"_frame_yes_seoaic":false,"seoaic_generate_description":"","seoaic_improve_instructions_prompt":"","seoaic_rollback_content_improvement":"","seoaic_idea_thumbnail_generator":"","thumbnail_generated":false,"thumbnail_generate_prompt":"","seoaic_article_description":"","product-afmeting-lengte-mm":"","product-afmeting-breedte-mm":"","product-afmeting-hoogte-mm":""},"product_brand":[],"product_cat":[1240,1227,1244,1233,1237,1241,1235,1211],"product_tag":[],"class_list":{"0":"post-426182","1":"product","2":"type-product","3":"status-publish","4":"has-post-thumbnail","6":"product_cat-4-sterne-schwierig","7":"product_cat-knobelaufgaben","8":"product_cat-knobelaufgaben-de","9":"product_cat-knobelaufgaben-fur-erwachsene","10":"product_cat-knobelaufgaben-fur-kinder","11":"product_cat-plastik-ratsel","12":"product_cat-qiyi-de","13":"product_cat-speedcube-de","14":"pa_merken-qiyi-de","16":"first","17":"instock","18":"taxable","19":"shipping-taxable","20":"purchasable","21":"product-type-simple"},"df_price":19.95,"df_sale_price":"","df_regular_price":19.95,"df_image_link":"https:\/\/www.speedcube.nl\/wp-content\/uploads\/2023\/06\/Productvisuals_Breinbrekers-QiYi-Rainbow-Tower-of-Hanoi-10-towers-1-285x300.jpg","_links":{"self":[{"href":"https:\/\/www.speedcube.nl\/de\/wp-json\/wp\/v2\/product\/426182","targetHints":{"allow":["GET"]}}],"collection":[{"href":"https:\/\/www.speedcube.nl\/de\/wp-json\/wp\/v2\/product"}],"about":[{"href":"https:\/\/www.speedcube.nl\/de\/wp-json\/wp\/v2\/types\/product"}],"version-history":[{"count":0,"href":"https:\/\/www.speedcube.nl\/de\/wp-json\/wp\/v2\/product\/426182\/revisions"}],"wp:featuredmedia":[{"embeddable":true,"href":"https:\/\/www.speedcube.nl\/de\/wp-json\/wp\/v2\/media\/396697"}],"wp:attachment":[{"href":"https:\/\/www.speedcube.nl\/de\/wp-json\/wp\/v2\/media?parent=426182"}],"wp:term":[{"taxonomy":"product_brand","embeddable":true,"href":"https:\/\/www.speedcube.nl\/de\/wp-json\/wp\/v2\/product_brand?post=426182"},{"taxonomy":"product_cat","embeddable":true,"href":"https:\/\/www.speedcube.nl\/de\/wp-json\/wp\/v2\/product_cat?post=426182"},{"taxonomy":"product_tag","embeddable":true,"href":"https:\/\/www.speedcube.nl\/de\/wp-json\/wp\/v2\/product_tag?post=426182"}],"curies":[{"name":"wp","href":"https:\/\/api.w.org\/{rel}","templated":true}]}}