{"id":426170,"date":"2022-01-11T10:02:24","date_gmt":"2022-01-11T09:02:24","guid":{"rendered":"https:\/\/www.speedcube.nl\/unkategorisiert\/yj-mgc-evo-3x3\/"},"modified":"2026-04-18T05:00:46","modified_gmt":"2026-04-18T03:00:46","slug":"yj-mgc-evo-3x3","status":"publish","type":"product","link":"https:\/\/www.speedcube.nl\/de\/aanbieding-de\/yj-mgc-evo-3x3\/","title":{"rendered":"YJ MGC Evo 3&#215;3"},"content":{"rendered":"<p>Das MGC EVO ist das neueste und genialste 3&#215;3 von YJ, das auf dem Markt ist. Obwohl es sich um ein weiteres 3&#215;3 aus der MGC-Serie handelt, f\u00fchlt es sich nicht wie sein Vorg\u00e4nger an. Der EVO bietet ein knackiges&#8220; und geschmeidiges Drehgef\u00fchl mit vielen Anpassungsm\u00f6glichkeiten. W\u00e4hlen Sie aus 6 verschiedenen Magnetst\u00e4rken und aus 11 verschiedenen Spannungsstufen.<\/p>\n","protected":false},"excerpt":{"rendered":"<p>yj<\/p>\n","protected":false},"featured_media":396681,"template":"","meta":{"_improvement_type_select":"improve_an_existing","_thumb_yes_seoaic":false,"_frame_yes_seoaic":false,"seoaic_generate_description":"","seoaic_improve_instructions_prompt":"","seoaic_rollback_content_improvement":"","seoaic_idea_thumbnail_generator":"","thumbnail_generated":false,"thumbnail_generate_prompt":"","seoaic_article_description":"","product-afmeting-lengte-mm":"","product-afmeting-breedte-mm":"","product-afmeting-hoogte-mm":""},"product_brand":[],"product_cat":[2174,1211,2558],"product_tag":[],"class_list":{"0":"post-426170","1":"product","2":"type-product","3":"status-publish","4":"has-post-thumbnail","6":"product_cat-yj-de","7":"product_cat-speedcube-de","8":"product_cat-aanbieding-de","9":"pa_merken-yj-de","11":"first","12":"instock","13":"sale","14":"taxable","15":"shipping-taxable","16":"purchasable","17":"product-type-simple"},"df_price":17.47,"df_sale_price":17.47,"df_regular_price":24.95,"df_image_link":"https:\/\/www.speedcube.nl\/wp-content\/uploads\/2023\/06\/Productvisuals_Speedcubes-YJ-MGC-EVO-3x3-1-1-285x300.jpg","_links":{"self":[{"href":"https:\/\/www.speedcube.nl\/de\/wp-json\/wp\/v2\/product\/426170","targetHints":{"allow":["GET"]}}],"collection":[{"href":"https:\/\/www.speedcube.nl\/de\/wp-json\/wp\/v2\/product"}],"about":[{"href":"https:\/\/www.speedcube.nl\/de\/wp-json\/wp\/v2\/types\/product"}],"version-history":[{"count":0,"href":"https:\/\/www.speedcube.nl\/de\/wp-json\/wp\/v2\/product\/426170\/revisions"}],"wp:featuredmedia":[{"embeddable":true,"href":"https:\/\/www.speedcube.nl\/de\/wp-json\/wp\/v2\/media\/396681"}],"wp:attachment":[{"href":"https:\/\/www.speedcube.nl\/de\/wp-json\/wp\/v2\/media?parent=426170"}],"wp:term":[{"taxonomy":"product_brand","embeddable":true,"href":"https:\/\/www.speedcube.nl\/de\/wp-json\/wp\/v2\/product_brand?post=426170"},{"taxonomy":"product_cat","embeddable":true,"href":"https:\/\/www.speedcube.nl\/de\/wp-json\/wp\/v2\/product_cat?post=426170"},{"taxonomy":"product_tag","embeddable":true,"href":"https:\/\/www.speedcube.nl\/de\/wp-json\/wp\/v2\/product_tag?post=426170"}],"curies":[{"name":"wp","href":"https:\/\/api.w.org\/{rel}","templated":true}]}}