{"id":426126,"date":"2022-01-19T17:09:31","date_gmt":"2022-01-19T16:09:31","guid":{"rendered":"https:\/\/www.speedcube.nl\/unkategorisiert\/eureka-10-metallpuzzle-set-blau\/"},"modified":"2026-05-07T05:12:07","modified_gmt":"2026-05-07T03:12:07","slug":"eureka-10-metallpuzzle-set-blau","status":"publish","type":"product","link":"https:\/\/www.speedcube.nl\/de\/knobelaufgaben\/eureka-ratsel-de-2\/eureka-10-metallpuzzle-set-blau\/","title":{"rendered":"Eureka 10 Metallpuzzle Set Blau"},"content":{"rendered":"<p>Dieses Set enth\u00e4lt nicht weniger als 10 Metallpuzzles. Nehmen Sie die Teile auseinander und bringen Sie sie anschlie\u00dfend wieder in die Ausgangsposition. Jedes Set enth\u00e4lt ein Spiralpuzzle, ein Nagelpuzzle, ein kleines Gusspuzzle, usw. Es ist also f\u00fcr jeden etwas dabei. In jeder Box gibt es auch verschiedene Stufen: 1x *** Schwierigkeitsgrad, 4x ** Schwierigkeitsgrad, 5x * Schwierigkeitsgrad.<\/p>\n","protected":false},"excerpt":{"rendered":"<p>EUREKA<\/p>\n","protected":false},"featured_media":397143,"template":"","meta":{"_improvement_type_select":"improve_an_existing","_thumb_yes_seoaic":false,"_frame_yes_seoaic":false,"seoaic_generate_description":"","seoaic_improve_instructions_prompt":"","seoaic_rollback_content_improvement":"","seoaic_idea_thumbnail_generator":"","thumbnail_generated":false,"thumbnail_generate_prompt":"","seoaic_article_description":"","product-afmeting-lengte-mm":"","product-afmeting-breedte-mm":"","product-afmeting-hoogte-mm":""},"product_brand":[],"product_cat":[1661,1570,1511,2212,1244,1227,1233,1237,1488],"product_tag":[],"class_list":{"0":"post-426126","1":"product","2":"type-product","3":"status-publish","4":"has-post-thumbnail","6":"product_cat-1-stern-sehr-leicht","7":"product_cat-2-sterne-leicht","8":"product_cat-3-sterne-normal","9":"product_cat-eureka-ratsel-de-2","10":"product_cat-knobelaufgaben-de","11":"product_cat-knobelaufgaben","12":"product_cat-knobelaufgaben-fur-erwachsene","13":"product_cat-knobelaufgaben-fur-kinder","14":"product_cat-metall","15":"pa_merken-eureka-de-2","17":"first","18":"outofstock","19":"taxable","20":"shipping-taxable","21":"purchasable","22":"product-type-simple"},"df_price":9.95,"df_sale_price":"","df_regular_price":9.95,"df_image_link":"https:\/\/www.speedcube.nl\/wp-content\/uploads\/2023\/06\/Productvisuals_Breinbrekers-Metal-Puzzles-Set-Blue-1-285x300.jpg","_links":{"self":[{"href":"https:\/\/www.speedcube.nl\/de\/wp-json\/wp\/v2\/product\/426126","targetHints":{"allow":["GET"]}}],"collection":[{"href":"https:\/\/www.speedcube.nl\/de\/wp-json\/wp\/v2\/product"}],"about":[{"href":"https:\/\/www.speedcube.nl\/de\/wp-json\/wp\/v2\/types\/product"}],"version-history":[{"count":0,"href":"https:\/\/www.speedcube.nl\/de\/wp-json\/wp\/v2\/product\/426126\/revisions"}],"wp:featuredmedia":[{"embeddable":true,"href":"https:\/\/www.speedcube.nl\/de\/wp-json\/wp\/v2\/media\/397143"}],"wp:attachment":[{"href":"https:\/\/www.speedcube.nl\/de\/wp-json\/wp\/v2\/media?parent=426126"}],"wp:term":[{"taxonomy":"product_brand","embeddable":true,"href":"https:\/\/www.speedcube.nl\/de\/wp-json\/wp\/v2\/product_brand?post=426126"},{"taxonomy":"product_cat","embeddable":true,"href":"https:\/\/www.speedcube.nl\/de\/wp-json\/wp\/v2\/product_cat?post=426126"},{"taxonomy":"product_tag","embeddable":true,"href":"https:\/\/www.speedcube.nl\/de\/wp-json\/wp\/v2\/product_tag?post=426126"}],"curies":[{"name":"wp","href":"https:\/\/api.w.org\/{rel}","templated":true}]}}