{"id":426119,"date":"2022-01-21T11:48:51","date_gmt":"2022-01-21T10:48:51","guid":{"rendered":"https:\/\/www.speedcube.nl\/unkategorisiert\/stressball-mini-3-auf-karte\/"},"modified":"2026-05-12T05:00:45","modified_gmt":"2026-05-12T03:00:45","slug":"stressball-mini-3-auf-karte","status":"publish","type":"product","link":"https:\/\/www.speedcube.nl\/de\/aanbieding-de\/stressball-mini-3-auf-karte\/","title":{"rendered":"Stressball Mini 3 auf Karte"},"content":{"rendered":"<p>Stress Ball Mini 3 auf Karte Zappelphilipp. Drei knautschbare Stressb\u00e4lle in verschiedenen Farben. Die Kugeln sind 5 cm gro\u00df, so dass sie gut in der Hand liegen. Geeignet f\u00fcr Kinder ab 3 Jahren.<\/p>\n","protected":false},"excerpt":{"rendered":"<p>BRANDLOOS<\/p>\n","protected":false},"featured_media":397459,"template":"","meta":{"_improvement_type_select":"improve_an_existing","_thumb_yes_seoaic":false,"_frame_yes_seoaic":false,"seoaic_generate_description":"","seoaic_improve_instructions_prompt":"","seoaic_rollback_content_improvement":"","seoaic_idea_thumbnail_generator":"","thumbnail_generated":false,"thumbnail_generate_prompt":"","seoaic_article_description":"","product-afmeting-lengte-mm":"","product-afmeting-breedte-mm":"","product-afmeting-hoogte-mm":""},"product_brand":[],"product_cat":[2558,1230],"product_tag":[],"class_list":{"0":"post-426119","1":"product","2":"type-product","3":"status-publish","4":"has-post-thumbnail","6":"product_cat-aanbieding-de","7":"product_cat-zappelphilipp","8":"pa_merken-brandloos","10":"first","11":"instock","12":"sale","13":"taxable","14":"shipping-taxable","15":"purchasable","16":"product-type-simple"},"df_price":1.79,"df_sale_price":1.79,"df_regular_price":2.99,"df_image_link":"https:\/\/www.speedcube.nl\/wp-content\/uploads\/2023\/06\/Productvisuals_Fidgets-Stressball-mini-1-285x300.jpg","_links":{"self":[{"href":"https:\/\/www.speedcube.nl\/de\/wp-json\/wp\/v2\/product\/426119","targetHints":{"allow":["GET"]}}],"collection":[{"href":"https:\/\/www.speedcube.nl\/de\/wp-json\/wp\/v2\/product"}],"about":[{"href":"https:\/\/www.speedcube.nl\/de\/wp-json\/wp\/v2\/types\/product"}],"version-history":[{"count":0,"href":"https:\/\/www.speedcube.nl\/de\/wp-json\/wp\/v2\/product\/426119\/revisions"}],"wp:featuredmedia":[{"embeddable":true,"href":"https:\/\/www.speedcube.nl\/de\/wp-json\/wp\/v2\/media\/397459"}],"wp:attachment":[{"href":"https:\/\/www.speedcube.nl\/de\/wp-json\/wp\/v2\/media?parent=426119"}],"wp:term":[{"taxonomy":"product_brand","embeddable":true,"href":"https:\/\/www.speedcube.nl\/de\/wp-json\/wp\/v2\/product_brand?post=426119"},{"taxonomy":"product_cat","embeddable":true,"href":"https:\/\/www.speedcube.nl\/de\/wp-json\/wp\/v2\/product_cat?post=426119"},{"taxonomy":"product_tag","embeddable":true,"href":"https:\/\/www.speedcube.nl\/de\/wp-json\/wp\/v2\/product_tag?post=426119"}],"curies":[{"name":"wp","href":"https:\/\/api.w.org\/{rel}","templated":true}]}}