{"id":426118,"date":"2022-01-25T13:45:38","date_gmt":"2022-01-25T12:45:38","guid":{"rendered":"https:\/\/www.speedcube.nl\/unkategorisiert\/professor-puzzle-einstein-haus-puzzle\/"},"modified":"2026-04-30T05:11:09","modified_gmt":"2026-04-30T03:11:09","slug":"professor-puzzle-einstein-haus-puzzle","status":"publish","type":"product","link":"https:\/\/www.speedcube.nl\/de\/knobelaufgaben\/professor-puzzle-de\/professor-puzzle-einstein-haus-puzzle\/","title":{"rendered":"Professor Puzzle Einstein Haus Puzzle"},"content":{"rendered":"<p>Einstein, der ultimative Probleml\u00f6ser und Liebhaber von R\u00e4tseln, soll dieses klassische R\u00e4tsel selbst geschrieben haben. Es ist ein unterhaltsamer, aber anspruchsvoller Test des schlussfolgernden Denkens. Ziel ist es, mithilfe der 15 Hinweise die Teile der Holzh\u00e4user an der richtigen Stelle anzuordnen, um herauszufinden, wem der Fisch geh\u00f6rt. W\u00e4hrend jeder bei PP versucht, die Theorie zu widerlegen, glaubt man, dass 98 % derjenigen, die es versuchen, nicht in der Lage sind, sie zu l\u00f6sen. K\u00f6nnen Sie Ihren Platz in den 2 % beanspruchen, deren Genialit\u00e4t der des gro\u00dfen Mannes gleichkommen k\u00f6nnte? Nur ein Teil aus der Einstein-Puzzle-Serie. Ist Ihr Gehirn gro\u00df genug f\u00fcr sie alle?<\/p>\n<p>Anzahl der Spieler: 1<br \/>\nSprache: Englisch<br \/>\nAlter: 8+<\/p>\n","protected":false},"excerpt":{"rendered":"<p>PROFESSORENR\u00c4TSEL<\/p>\n","protected":false},"featured_media":397667,"template":"","meta":{"_improvement_type_select":"improve_an_existing","_thumb_yes_seoaic":false,"_frame_yes_seoaic":false,"seoaic_generate_description":"","seoaic_improve_instructions_prompt":"","seoaic_rollback_content_improvement":"","seoaic_idea_thumbnail_generator":"","thumbnail_generated":false,"thumbnail_generate_prompt":"","seoaic_article_description":"","product-afmeting-lengte-mm":"","product-afmeting-breedte-mm":"","product-afmeting-hoogte-mm":""},"product_brand":[],"product_cat":[1227,2670,2558],"product_tag":[],"class_list":{"0":"post-426118","1":"product","2":"type-product","3":"status-publish","4":"has-post-thumbnail","6":"product_cat-knobelaufgaben","7":"product_cat-professor-puzzle-de","8":"product_cat-aanbieding-de","9":"pa_merken-professorenratsel","11":"first","12":"instock","13":"sale","14":"taxable","15":"shipping-taxable","16":"purchasable","17":"product-type-simple"},"df_price":10.995,"df_sale_price":10.995,"df_regular_price":21.99,"df_image_link":"https:\/\/www.speedcube.nl\/wp-content\/uploads\/2023\/06\/Productvisuals_Breinbrekers-Einstein-House-Puzzle-1-285x300.jpg","_links":{"self":[{"href":"https:\/\/www.speedcube.nl\/de\/wp-json\/wp\/v2\/product\/426118","targetHints":{"allow":["GET"]}}],"collection":[{"href":"https:\/\/www.speedcube.nl\/de\/wp-json\/wp\/v2\/product"}],"about":[{"href":"https:\/\/www.speedcube.nl\/de\/wp-json\/wp\/v2\/types\/product"}],"version-history":[{"count":0,"href":"https:\/\/www.speedcube.nl\/de\/wp-json\/wp\/v2\/product\/426118\/revisions"}],"wp:featuredmedia":[{"embeddable":true,"href":"https:\/\/www.speedcube.nl\/de\/wp-json\/wp\/v2\/media\/397667"}],"wp:attachment":[{"href":"https:\/\/www.speedcube.nl\/de\/wp-json\/wp\/v2\/media?parent=426118"}],"wp:term":[{"taxonomy":"product_brand","embeddable":true,"href":"https:\/\/www.speedcube.nl\/de\/wp-json\/wp\/v2\/product_brand?post=426118"},{"taxonomy":"product_cat","embeddable":true,"href":"https:\/\/www.speedcube.nl\/de\/wp-json\/wp\/v2\/product_cat?post=426118"},{"taxonomy":"product_tag","embeddable":true,"href":"https:\/\/www.speedcube.nl\/de\/wp-json\/wp\/v2\/product_tag?post=426118"}],"curies":[{"name":"wp","href":"https:\/\/api.w.org\/{rel}","templated":true}]}}