{"id":426108,"date":"2022-01-27T14:04:16","date_gmt":"2022-01-27T13:04:16","guid":{"rendered":"https:\/\/www.speedcube.nl\/unkategorisiert\/duncan-spin-drifter\/"},"modified":"2026-04-21T05:30:23","modified_gmt":"2026-04-21T03:30:23","slug":"duncan-spin-drifter","status":"publish","type":"product","link":"https:\/\/www.speedcube.nl\/de\/aanbieding-de\/duncan-spin-drifter\/","title":{"rendered":"Duncan Spin Drifter"},"content":{"rendered":"<p>Das Duncan&#8217;s Spin Drifter bietet 3 Spielmuster in einem neuen Yo-Yo-Design! Von Anf\u00e4ngern bis zu Fortgeschrittenen: Duncan&#8217;s Spin Drifter ist f\u00fcr das normale Spiel ausgestattet oder man kann die seitlichen Spinner verwenden, damit der Spieler das Yo-Yo beim Drehen halten kann. Lernen Sie so viele neue Tricks! Stapeln und Drehen: \u00c4hnlich wie bei Fidget Spinnern lassen sich die Seitenabdeckungen des Spin Drifters ineinander greifen, um das Stapeln w\u00e4hrend des Drehens zu erm\u00f6glichen. Einfach die Schnur entfernen und wie einen Kreisel aufziehen. Die Transaxle-Achsenkonstruktion gew\u00e4hrleistet lange Schleuderzeiten. Um die Saiten zu wechseln, schrauben Sie einfach die Seiten ab.<\/p>\n<p>Gewicht 55 Gramm<br \/>\nDurchmesser 53 mm<br \/>\nBreite 29 mm<br \/>\n(Un)ansprechbar<\/p>\n","protected":false},"excerpt":{"rendered":"<p>DUNCAN<\/p>\n","protected":false},"featured_media":397787,"template":"","meta":{"_improvement_type_select":"improve_an_existing","_thumb_yes_seoaic":false,"_frame_yes_seoaic":false,"seoaic_generate_description":"","seoaic_improve_instructions_prompt":"","seoaic_rollback_content_improvement":"","seoaic_idea_thumbnail_generator":"","thumbnail_generated":false,"thumbnail_generate_prompt":"","seoaic_article_description":"","product-afmeting-lengte-mm":"","product-afmeting-breedte-mm":"","product-afmeting-hoogte-mm":""},"product_brand":[],"product_cat":[1242,1238,2558],"product_tag":[],"class_list":{"0":"post-426108","1":"product","2":"type-product","3":"status-publish","4":"has-post-thumbnail","6":"product_cat-duncan-de","7":"product_cat-yo-yos","8":"product_cat-aanbieding-de","9":"pa_merken-duncan-de","11":"first","12":"instock","13":"sale","14":"taxable","15":"shipping-taxable","16":"purchasable","17":"product-type-variable"},"df_price":6.5,"df_sale_price":"","df_regular_price":6.5,"df_image_link":"https:\/\/www.speedcube.nl\/wp-content\/uploads\/2023\/06\/Productvisuals_yoyo-Duncan-Spin-Drifter-scaled-2-285x300.jpg","_links":{"self":[{"href":"https:\/\/www.speedcube.nl\/de\/wp-json\/wp\/v2\/product\/426108","targetHints":{"allow":["GET"]}}],"collection":[{"href":"https:\/\/www.speedcube.nl\/de\/wp-json\/wp\/v2\/product"}],"about":[{"href":"https:\/\/www.speedcube.nl\/de\/wp-json\/wp\/v2\/types\/product"}],"version-history":[{"count":0,"href":"https:\/\/www.speedcube.nl\/de\/wp-json\/wp\/v2\/product\/426108\/revisions"}],"wp:featuredmedia":[{"embeddable":true,"href":"https:\/\/www.speedcube.nl\/de\/wp-json\/wp\/v2\/media\/397787"}],"wp:attachment":[{"href":"https:\/\/www.speedcube.nl\/de\/wp-json\/wp\/v2\/media?parent=426108"}],"wp:term":[{"taxonomy":"product_brand","embeddable":true,"href":"https:\/\/www.speedcube.nl\/de\/wp-json\/wp\/v2\/product_brand?post=426108"},{"taxonomy":"product_cat","embeddable":true,"href":"https:\/\/www.speedcube.nl\/de\/wp-json\/wp\/v2\/product_cat?post=426108"},{"taxonomy":"product_tag","embeddable":true,"href":"https:\/\/www.speedcube.nl\/de\/wp-json\/wp\/v2\/product_tag?post=426108"}],"curies":[{"name":"wp","href":"https:\/\/api.w.org\/{rel}","templated":true}]}}