{"id":426106,"date":"2022-02-07T14:32:43","date_gmt":"2022-02-07T13:32:43","guid":{"rendered":"https:\/\/www.speedcube.nl\/unkategorisiert\/gocube-x\/"},"modified":"2026-05-03T05:27:29","modified_gmt":"2026-05-03T03:27:29","slug":"gocube-x","status":"publish","type":"product","link":"https:\/\/www.speedcube.nl\/de\/speedcube-de\/gocube-de\/gocube-x\/","title":{"rendered":"GoCube-x"},"content":{"rendered":"<p>Treten Sie ein in die Welt der Speed Cubes und stellen Sie sich der Herausforderung dieses klassischen 3&#215;3-Gehirnjoggings im neuen Look. Dieser W\u00fcrfel l\u00e4sst sich \u00fcber eine App mit Ihrem Tablet oder Smartphone verbinden, die Ihnen Schritt f\u00fcr Schritt zeigt, wie Sie ihn l\u00f6sen k\u00f6nnen. In der Verpackung finden Sie den GoCube-X Speedcube und eine Knopfzellenbatterie ist enthalten (gesch\u00fctzt).<\/p>\n<p>Der Speedcube ist f\u00fcr alle Altersgruppen geeignet. Lerne, wie man den W\u00fcrfel l\u00f6st und spiele Minispiele. Auf diese Weise k\u00f6nnen Sie sich selbst herausfordern und Ihr Gehirn auf eine harte Probe stellen.<\/p>\n<p>Mit der dazugeh\u00f6rigen App kannst du Schritt f\u00fcr Schritt lernen, wie man den W\u00fcrfel l\u00f6st! Der Go Cube X 3&#215;3 enth\u00e4lt intelligente Sensoren, die alle Ihre Drehbewegungen kontinuierlich verfolgen. Bluetooth 5.0 sorgt f\u00fcr eine einwandfreie Verbindung zur App. Mit einer einzigen Batterie k\u00f6nnen Sie mehr als 60 Stunden spielen.<\/p>\n<p>SPEZIFIKATIONEN;<br \/>\nKann sich selbst\u00e4ndig mit dem Internet verbinden: Nein<br \/>\nApp f\u00fcr volle Funktionalit\u00e4t erforderlich: Ja<br \/>\nDie App funktioniert auf folgenden Betriebssystemen: Android und iOS<br \/>\nBluetooth erforderlich: Ja<\/p>\n","protected":false},"excerpt":{"rendered":"<p>GOCUBE<\/p>\n","protected":false},"featured_media":397971,"template":"","meta":{"_improvement_type_select":"improve_an_existing","_thumb_yes_seoaic":false,"_frame_yes_seoaic":false,"seoaic_generate_description":"","seoaic_improve_instructions_prompt":"","seoaic_rollback_content_improvement":"","seoaic_idea_thumbnail_generator":"","thumbnail_generated":false,"thumbnail_generate_prompt":"","seoaic_article_description":"","product-afmeting-lengte-mm":"","product-afmeting-breedte-mm":"","product-afmeting-hoogte-mm":""},"product_brand":[],"product_cat":[1221,2545,1564,1211],"product_tag":[],"class_list":{"0":"post-426106","1":"product","2":"type-product","3":"status-publish","4":"has-post-thumbnail","6":"product_cat-3x3-de","7":"product_cat-gocube-de","8":"product_cat-smartcubes-de","9":"product_cat-speedcube-de","10":"pa_merken-gocube-de","12":"first","13":"outofstock","14":"taxable","15":"shipping-taxable","16":"purchasable","17":"product-type-simple"},"df_price":49.99,"df_sale_price":"","df_regular_price":49.99,"df_image_link":"https:\/\/www.speedcube.nl\/wp-content\/uploads\/2023\/06\/Productvisuals_Speedcubes-Go-Cube-X1-1-285x300.jpg","_links":{"self":[{"href":"https:\/\/www.speedcube.nl\/de\/wp-json\/wp\/v2\/product\/426106","targetHints":{"allow":["GET"]}}],"collection":[{"href":"https:\/\/www.speedcube.nl\/de\/wp-json\/wp\/v2\/product"}],"about":[{"href":"https:\/\/www.speedcube.nl\/de\/wp-json\/wp\/v2\/types\/product"}],"version-history":[{"count":0,"href":"https:\/\/www.speedcube.nl\/de\/wp-json\/wp\/v2\/product\/426106\/revisions"}],"wp:featuredmedia":[{"embeddable":true,"href":"https:\/\/www.speedcube.nl\/de\/wp-json\/wp\/v2\/media\/397971"}],"wp:attachment":[{"href":"https:\/\/www.speedcube.nl\/de\/wp-json\/wp\/v2\/media?parent=426106"}],"wp:term":[{"taxonomy":"product_brand","embeddable":true,"href":"https:\/\/www.speedcube.nl\/de\/wp-json\/wp\/v2\/product_brand?post=426106"},{"taxonomy":"product_cat","embeddable":true,"href":"https:\/\/www.speedcube.nl\/de\/wp-json\/wp\/v2\/product_cat?post=426106"},{"taxonomy":"product_tag","embeddable":true,"href":"https:\/\/www.speedcube.nl\/de\/wp-json\/wp\/v2\/product_tag?post=426106"}],"curies":[{"name":"wp","href":"https:\/\/api.w.org\/{rel}","templated":true}]}}