{"id":426088,"date":"2022-02-14T10:38:25","date_gmt":"2022-02-14T09:38:25","guid":{"rendered":"https:\/\/www.speedcube.nl\/unkategorisiert\/heye-puzzle-sorter-satz-mit-6-schachteln\/"},"modified":"2026-04-24T05:01:26","modified_gmt":"2026-04-24T03:01:26","slug":"heye-puzzle-sorter-satz-mit-6-schachteln","status":"publish","type":"product","link":"https:\/\/www.speedcube.nl\/de\/ratsel-de\/grader\/heye-puzzle-sorter-satz-mit-6-schachteln\/","title":{"rendered":"Heye Puzzle Sorter, Satz mit 6 Schachteln"},"content":{"rendered":"<p>Puzzlesortierer, 6 Sortierboxen, Heye Geeignet zum bequemen Sortieren Ihrer Puzzleteile. Das Set besteht aus 6 ineinander greifenden farbigen Sortierk\u00e4sten. Wei\u00df, Gelb, Gr\u00fcn, Blau, Rot und Schwarz. Die Gr\u00f6\u00dfe der Schachtel betr\u00e4gt: 37 x 27 x 5,4 cm.<\/p>\n<p>&nbsp;<\/p>\n<p>&nbsp;<\/p>\n","protected":false},"excerpt":{"rendered":"<p>HEYE<\/p>\n","protected":false},"featured_media":398007,"template":"","meta":{"_improvement_type_select":"improve_an_existing","_thumb_yes_seoaic":false,"_frame_yes_seoaic":false,"seoaic_generate_description":"","seoaic_improve_instructions_prompt":"","seoaic_rollback_content_improvement":"","seoaic_idea_thumbnail_generator":"","thumbnail_generated":false,"thumbnail_generate_prompt":"","seoaic_article_description":"","product-afmeting-lengte-mm":"","product-afmeting-breedte-mm":"","product-afmeting-hoogte-mm":""},"product_brand":[],"product_cat":[2610,2267,1620,1613,2609],"product_tag":[],"class_list":{"0":"post-426088","1":"product","2":"type-product","3":"status-publish","4":"has-post-thumbnail","6":"product_cat-grader","7":"product_cat-heye-de","8":"product_cat-jigsaw-puzzles","9":"product_cat-ratsel-de","10":"product_cat-zubehor","11":"pa_merken-heye-de","13":"first","14":"instock","15":"taxable","16":"shipping-taxable","17":"purchasable","18":"product-type-simple"},"df_price":18.99,"df_sale_price":"","df_regular_price":18.99,"df_image_link":"https:\/\/www.speedcube.nl\/wp-content\/uploads\/2023\/06\/Productvisuals_Puzzels-Heye-Puzzel-Sorteerder-1-285x300.jpg","_links":{"self":[{"href":"https:\/\/www.speedcube.nl\/de\/wp-json\/wp\/v2\/product\/426088","targetHints":{"allow":["GET"]}}],"collection":[{"href":"https:\/\/www.speedcube.nl\/de\/wp-json\/wp\/v2\/product"}],"about":[{"href":"https:\/\/www.speedcube.nl\/de\/wp-json\/wp\/v2\/types\/product"}],"version-history":[{"count":0,"href":"https:\/\/www.speedcube.nl\/de\/wp-json\/wp\/v2\/product\/426088\/revisions"}],"wp:featuredmedia":[{"embeddable":true,"href":"https:\/\/www.speedcube.nl\/de\/wp-json\/wp\/v2\/media\/398007"}],"wp:attachment":[{"href":"https:\/\/www.speedcube.nl\/de\/wp-json\/wp\/v2\/media?parent=426088"}],"wp:term":[{"taxonomy":"product_brand","embeddable":true,"href":"https:\/\/www.speedcube.nl\/de\/wp-json\/wp\/v2\/product_brand?post=426088"},{"taxonomy":"product_cat","embeddable":true,"href":"https:\/\/www.speedcube.nl\/de\/wp-json\/wp\/v2\/product_cat?post=426088"},{"taxonomy":"product_tag","embeddable":true,"href":"https:\/\/www.speedcube.nl\/de\/wp-json\/wp\/v2\/product_tag?post=426088"}],"curies":[{"name":"wp","href":"https:\/\/api.w.org\/{rel}","templated":true}]}}