{"id":426033,"date":"2022-02-16T16:18:20","date_gmt":"2022-02-16T15:18:20","guid":{"rendered":"https:\/\/www.speedcube.nl\/unkategorisiert\/eindrahtiger-feuriger-fuchs\/"},"modified":"2026-04-24T05:04:15","modified_gmt":"2026-04-24T03:04:15","slug":"eindrahtiger-feuriger-fuchs","status":"publish","type":"product","link":"https:\/\/www.speedcube.nl\/de\/ratsel-de\/unidragon-de\/eindrahtiger-feuriger-fuchs\/","title":{"rendered":"Eindrahtiger Feuriger Fuchs"},"content":{"rendered":"<p>Der feurige Fuchs war auf der Jagd. Gr\u00fcne Augen faszinieren durch ihre Tiefe. Das Fell gl\u00e4nzt in den Sonnenstrahlen wie ein loderndes Feuer. Niedlich und charmant auf den ersten Blick, aber lassen Sie sich nicht von ihrer Sch\u00f6nheit t\u00e4uschen. Sie ist gerissen und berechnend und wei\u00df genau, wie sie um scharfe Ecken kommt und ihre Gegner in t\u00fcckische Fallen lockt. Niemand schafft es, sie zu \u00fcberlisten, sie denkt immer an einen Ausweg und rettet sich aus jeder Situation.<\/p>\n<p>Ein Feuerblitz schoss durch die B\u00e4ume. Was ist das? Weiche dunkle Pfoten treten auf den Boden, eine sensible Nase hat die Beute bereits gerochen. Noch ein bisschen l\u00e4nger und du wirst ihr nicht mehr widerstehen k\u00f6nnen. Entdecke den heimt\u00fcckischen Plan der rothaarigen Sch\u00f6nheit, entwirre ihren gerissenen Plan und lerne diese bezaubernde Kreatur besser kennen. Eine faszinierende Reise durch den Wald wird von den ersten Details an eingefangen. Jedes Teil des Puzzles passt perfekt an seinen Platz. Wenn man das Puzzle zusammensetzt, scheint man die ganze Geschichte aus dem Leben eines gef\u00e4hrlichen J\u00e4gers zu verfolgen. Einzigartige Figuren von Waldbewohnern helfen dir dabei und begleiten dich auf dieser neuen Reise von Unidragon. Wirst du der Magie eines verzauberten Blicks widerstehen k\u00f6nnen, wirst du alle Geheimnisse und Tricks des Feurigen Fuchses verraten?<\/p>\n<p>Die Puzzles sind aus 3 mm starkem, gepresstem HDF gefertigt. Dieses Material ist umweltfreundlich, hochwertig und langlebig. Wenn du mit dem Zusammensetzen fertig bist, darfst du das Puzzle nicht zur\u00fcck in den Schrank legen. Verwenden Sie es als Innendekoration! Zu diesem Zweck haben wir ein spezielles Klebesystem entwickelt, das das Puzzle zusammensetzt und an die Wand klebt.<\/p>\n<p>KLEIN<br \/>\nAnzahl der St\u00fccke: 107<br \/>\nGr\u00f6\u00dfe des Puzzles: 160 x 240 mm<br \/>\nVerpackung: 122 \u0445 182 \u0445 38 mm<\/p>\n<p>MEDIUM<br \/>\nAnzahl der St\u00fccke: 197<br \/>\nGr\u00f6\u00dfe des Puzzles: 220 x 320 mm<br \/>\nVerpackung: 152 \u0445 202 \u0445 44 mm<\/p>\n","protected":false},"excerpt":{"rendered":"<p>UNIDRAGON<\/p>\n","protected":false},"featured_media":398711,"template":"","meta":{"_improvement_type_select":"improve_an_existing","_thumb_yes_seoaic":false,"_frame_yes_seoaic":false,"seoaic_generate_description":"","seoaic_improve_instructions_prompt":"","seoaic_rollback_content_improvement":"","seoaic_idea_thumbnail_generator":"","thumbnail_generated":false,"thumbnail_generate_prompt":"","seoaic_article_description":"","product-afmeting-lengte-mm":"","product-afmeting-breedte-mm":"","product-afmeting-hoogte-mm":""},"product_brand":[],"product_cat":[1621,1618,1620,1616,1613,1623,1622,1624],"product_tag":[],"class_list":{"0":"post-426033","1":"product","2":"type-product","3":"status-publish","4":"has-post-thumbnail","6":"product_cat-besondere-ratsel","7":"product_cat-holzerne-puzzles","8":"product_cat-jigsaw-puzzles","9":"product_cat-puzzle-0-499-teile","10":"product_cat-ratsel-de","11":"product_cat-puzzles-fur-kinder","12":"product_cat-tier-puzzles","13":"product_cat-unidragon-de","14":"pa_merken-unidragon-de","16":"first","17":"outofstock","18":"sale","19":"taxable","20":"shipping-taxable","21":"purchasable","22":"product-type-variable"},"df_price":7.5,"df_sale_price":"","df_regular_price":7.5,"df_image_link":"https:\/\/www.speedcube.nl\/wp-content\/uploads\/2023\/06\/Productvisuals_Puzzels-UNIDRAGON-Fiery-Fox-1-285x300.jpg","_links":{"self":[{"href":"https:\/\/www.speedcube.nl\/de\/wp-json\/wp\/v2\/product\/426033","targetHints":{"allow":["GET"]}}],"collection":[{"href":"https:\/\/www.speedcube.nl\/de\/wp-json\/wp\/v2\/product"}],"about":[{"href":"https:\/\/www.speedcube.nl\/de\/wp-json\/wp\/v2\/types\/product"}],"version-history":[{"count":0,"href":"https:\/\/www.speedcube.nl\/de\/wp-json\/wp\/v2\/product\/426033\/revisions"}],"wp:featuredmedia":[{"embeddable":true,"href":"https:\/\/www.speedcube.nl\/de\/wp-json\/wp\/v2\/media\/398711"}],"wp:attachment":[{"href":"https:\/\/www.speedcube.nl\/de\/wp-json\/wp\/v2\/media?parent=426033"}],"wp:term":[{"taxonomy":"product_brand","embeddable":true,"href":"https:\/\/www.speedcube.nl\/de\/wp-json\/wp\/v2\/product_brand?post=426033"},{"taxonomy":"product_cat","embeddable":true,"href":"https:\/\/www.speedcube.nl\/de\/wp-json\/wp\/v2\/product_cat?post=426033"},{"taxonomy":"product_tag","embeddable":true,"href":"https:\/\/www.speedcube.nl\/de\/wp-json\/wp\/v2\/product_tag?post=426033"}],"curies":[{"name":"wp","href":"https:\/\/api.w.org\/{rel}","templated":true}]}}