{"id":426019,"date":"2022-02-16T19:03:46","date_gmt":"2022-02-16T18:03:46","guid":{"rendered":"https:\/\/www.speedcube.nl\/unkategorisiert\/unidragon-inspirierendes-einhorn\/"},"modified":"2026-05-08T05:03:59","modified_gmt":"2026-05-08T03:03:59","slug":"unidragon-inspirierendes-einhorn","status":"publish","type":"product","link":"https:\/\/www.speedcube.nl\/de\/ratsel-de\/unidragon-de\/unidragon-inspirierendes-einhorn\/","title":{"rendered":"Unidragon Inspirierendes Einhorn"},"content":{"rendered":"<p>Rosafarbenes, kurzes Haar, als ob es mit bunten Diamanten bestreut w\u00e4re. Alles leuchtet im Licht. Sein Schwanz ist mit bunten Streifen versehen, die vom Hals bis zu den Knien in einem Regenbogen fallen. Das Tier dreht langsam seine Ohren. Aus der Mitte seiner Stirn tritt ein wei\u00dfes, verdrehtes Horn hervor. Seine Sch\u00f6nheit ist atemberaubend, es ist ein lebendiges M\u00e4rchen.<\/p>\n<p>Dieses wundersame Tier strahlt auf den ersten Blick Abenteuer und Sieg aus. Alle Prinzessinnen der Welt w\u00fcrden sich so ein sch\u00f6nes Biest w\u00fcnschen. Echte Diamanten kommen unter seinen Hufen hervor, und mit seinem Horn kann er Magie erzeugen. Er kann mit der gleichen Leichtigkeit einen Regenbogen oder ein Eis f\u00fcr seinen Reiter machen. Das Einhorn entf\u00fchrt die Prinzessin in eine m\u00e4rchenhafte Welt, in der Schmetterlinge umherflattern und Sterne am Himmel zu sehen sind. Und neben dem magischen Schloss wartet ein tapferer Prinz. In dieser Welt gibt es Zauberst\u00e4be, leuchtende V\u00f6gel, eine Horde von Einh\u00f6rnern oder verschiedene Farben, eine ganze Menge magischer Dinge. Tauchen Sie ein in diese magische Welt mit dem Inspirational Unicorn Puzzle.<\/p>\n<p>Die Puzzles sind aus 3 mm starkem, gepresstem HDF gefertigt. Dieses Material ist umweltfreundlich, hochwertig und langlebig. Wenn du mit dem Zusammensetzen fertig bist, darfst du das Puzzle nicht zur\u00fcck in den Schrank legen. Verwenden Sie es als Innendekoration! Zu diesem Zweck haben wir ein spezielles Klebesystem entwickelt, das das Puzzle zusammensetzt und an die Wand klebt.<\/p>\n<p>KLEIN<br \/>\nAnzahl der St\u00fccke: 103<br \/>\nGr\u00f6\u00dfe des Puzzles: 180 x 240 mm<br \/>\nVerpackung: 122 \u0445 182 \u0445 38 mm<\/p>\n<p>MEDIUM<br \/>\nAnzahl der St\u00fccke: 195<br \/>\nGr\u00f6\u00dfe des Puzzles: 260 x 320 mm<br \/>\nVerpackung: 152 \u0445 202 \u0445 44 mm<\/p>\n<p>K\u00d6NIGLICHE GR\u00d6SSE<br \/>\nAnzahl der St\u00fccke: 700<br \/>\nGr\u00f6\u00dfe des Puzzles: 450 x 600 mm<br \/>\nVerpackung: 202 \u0445 284 \u0445 44 mm<\/p>\n","protected":false},"excerpt":{"rendered":"<p>UNIDRAGON<\/p>\n","protected":false},"featured_media":398999,"template":"","meta":{"_improvement_type_select":"improve_an_existing","_thumb_yes_seoaic":false,"_frame_yes_seoaic":false,"seoaic_generate_description":"","seoaic_improve_instructions_prompt":"","seoaic_rollback_content_improvement":"","seoaic_idea_thumbnail_generator":"","thumbnail_generated":false,"thumbnail_generate_prompt":"","seoaic_article_description":"","product-afmeting-lengte-mm":"","product-afmeting-breedte-mm":"","product-afmeting-hoogte-mm":""},"product_brand":[],"product_cat":[1621,1618,1620,1616,1613,1623,1622,1624],"product_tag":[],"class_list":{"0":"post-426019","1":"product","2":"type-product","3":"status-publish","4":"has-post-thumbnail","6":"product_cat-besondere-ratsel","7":"product_cat-holzerne-puzzles","8":"product_cat-jigsaw-puzzles","9":"product_cat-puzzle-0-499-teile","10":"product_cat-ratsel-de","11":"product_cat-puzzles-fur-kinder","12":"product_cat-tier-puzzles","13":"product_cat-unidragon-de","14":"pa_merken-unidragon-de","16":"first","17":"outofstock","18":"taxable","19":"shipping-taxable","20":"purchasable","21":"product-type-variable"},"df_price":29.99,"df_sale_price":"","df_regular_price":29.99,"df_image_link":"https:\/\/www.speedcube.nl\/wp-content\/uploads\/2023\/06\/Productvisuals_Puzzels-UNIDRAGON-Inspiring-Unicorn-1-285x300.jpg","_links":{"self":[{"href":"https:\/\/www.speedcube.nl\/de\/wp-json\/wp\/v2\/product\/426019","targetHints":{"allow":["GET"]}}],"collection":[{"href":"https:\/\/www.speedcube.nl\/de\/wp-json\/wp\/v2\/product"}],"about":[{"href":"https:\/\/www.speedcube.nl\/de\/wp-json\/wp\/v2\/types\/product"}],"version-history":[{"count":0,"href":"https:\/\/www.speedcube.nl\/de\/wp-json\/wp\/v2\/product\/426019\/revisions"}],"wp:featuredmedia":[{"embeddable":true,"href":"https:\/\/www.speedcube.nl\/de\/wp-json\/wp\/v2\/media\/398999"}],"wp:attachment":[{"href":"https:\/\/www.speedcube.nl\/de\/wp-json\/wp\/v2\/media?parent=426019"}],"wp:term":[{"taxonomy":"product_brand","embeddable":true,"href":"https:\/\/www.speedcube.nl\/de\/wp-json\/wp\/v2\/product_brand?post=426019"},{"taxonomy":"product_cat","embeddable":true,"href":"https:\/\/www.speedcube.nl\/de\/wp-json\/wp\/v2\/product_cat?post=426019"},{"taxonomy":"product_tag","embeddable":true,"href":"https:\/\/www.speedcube.nl\/de\/wp-json\/wp\/v2\/product_tag?post=426019"}],"curies":[{"name":"wp","href":"https:\/\/api.w.org\/{rel}","templated":true}]}}