{"id":426016,"date":"2022-02-14T10:57:10","date_gmt":"2022-02-14T09:57:10","guid":{"rendered":"https:\/\/www.speedcube.nl\/unkategorisiert\/heye-funky-zoo-afrikanisches-habitat-1000-teile\/"},"modified":"2026-05-12T05:00:31","modified_gmt":"2026-05-12T03:00:31","slug":"heye-funky-zoo-afrikanisches-habitat-1000-teile","status":"publish","type":"product","link":"https:\/\/www.speedcube.nl\/de\/aanbieding-de\/heye-funky-zoo-afrikanisches-habitat-1000-teile\/","title":{"rendered":"Heye Funky Zoo Afrikanisches Habitat 1000 Teile"},"content":{"rendered":"<p>Heye African Habitat Puzzle mit 1000 Teilen. Dieses Puzzle zeigt ein afrikanisches Tiergehege mit Elefanten, Giraffen, L\u00f6wen, Geiern, Strau\u00dfen und Zebras. Es passiert alles M\u00f6gliche. Der Cartoonist Marino Degano hat sich mit seiner Funky-Zoo-Serie etwas Besonderes einfallen lassen: Die verschiedenen Funky-Zoo-Puzzles k\u00f6nnen in beliebiger Kombination nebeneinander gelegt werden. So kann jeder seinen eigenen Zoo schaffen!<\/p>\n<p>Anzahl der St\u00fccke: 1000<br \/>\nMaterial: Pappe<br \/>\nGr\u00f6\u00dfe des Puzzles: 70 x 50 cm<br \/>\nVerpackung: 37 x 27 x 5,5 cm<br \/>\nAlter: 6 &#8211; 99 Jahre<\/p>\n","protected":false},"excerpt":{"rendered":"<p>HEYE<\/p>\n","protected":false},"featured_media":398015,"template":"","meta":{"_improvement_type_select":"improve_an_existing","_thumb_yes_seoaic":false,"_frame_yes_seoaic":false,"seoaic_generate_description":"","seoaic_improve_instructions_prompt":"","seoaic_rollback_content_improvement":"","seoaic_idea_thumbnail_generator":"","thumbnail_generated":false,"thumbnail_generate_prompt":"","seoaic_article_description":"","product-afmeting-lengte-mm":"","product-afmeting-breedte-mm":"","product-afmeting-hoogte-mm":""},"product_brand":[],"product_cat":[2267,1613,2558],"product_tag":[],"class_list":{"0":"post-426016","1":"product","2":"type-product","3":"status-publish","4":"has-post-thumbnail","6":"product_cat-heye-de","7":"product_cat-ratsel-de","8":"product_cat-aanbieding-de","9":"pa_merken-heye-de","11":"first","12":"instock","13":"sale","14":"taxable","15":"shipping-taxable","16":"purchasable","17":"product-type-simple"},"df_price":11.39,"df_sale_price":11.39,"df_regular_price":18.99,"df_image_link":"https:\/\/www.speedcube.nl\/wp-content\/uploads\/2023\/06\/Productvisuals_Puzzels-Heye-Funky-Zoo-African-Habitat-1-1-285x300.jpg","_links":{"self":[{"href":"https:\/\/www.speedcube.nl\/de\/wp-json\/wp\/v2\/product\/426016","targetHints":{"allow":["GET"]}}],"collection":[{"href":"https:\/\/www.speedcube.nl\/de\/wp-json\/wp\/v2\/product"}],"about":[{"href":"https:\/\/www.speedcube.nl\/de\/wp-json\/wp\/v2\/types\/product"}],"version-history":[{"count":0,"href":"https:\/\/www.speedcube.nl\/de\/wp-json\/wp\/v2\/product\/426016\/revisions"}],"wp:featuredmedia":[{"embeddable":true,"href":"https:\/\/www.speedcube.nl\/de\/wp-json\/wp\/v2\/media\/398015"}],"wp:attachment":[{"href":"https:\/\/www.speedcube.nl\/de\/wp-json\/wp\/v2\/media?parent=426016"}],"wp:term":[{"taxonomy":"product_brand","embeddable":true,"href":"https:\/\/www.speedcube.nl\/de\/wp-json\/wp\/v2\/product_brand?post=426016"},{"taxonomy":"product_cat","embeddable":true,"href":"https:\/\/www.speedcube.nl\/de\/wp-json\/wp\/v2\/product_cat?post=426016"},{"taxonomy":"product_tag","embeddable":true,"href":"https:\/\/www.speedcube.nl\/de\/wp-json\/wp\/v2\/product_tag?post=426016"}],"curies":[{"name":"wp","href":"https:\/\/api.w.org\/{rel}","templated":true}]}}