{"id":426013,"date":"2022-02-14T13:45:30","date_gmt":"2022-02-14T12:45:30","guid":{"rendered":"https:\/\/www.speedcube.nl\/unkategorisiert\/heye-jolly-pets-herz-des-loewen-2000-stueck\/"},"modified":"2026-05-14T05:15:18","modified_gmt":"2026-05-14T03:15:18","slug":"heye-jolly-pets-herz-des-loewen-2000-stueck","status":"publish","type":"product","link":"https:\/\/www.speedcube.nl\/de\/aanbieding-de\/heye-jolly-pets-herz-des-loewen-2000-stueck\/","title":{"rendered":"Heye Jolly Pets Herz des L\u00f6wen 2000 St\u00fcck"},"content":{"rendered":"<p>Heye Jolly Pets Lion&#8217;s Heart von 2000 St\u00fcck. Dieses farbenfrohe R\u00e4tsel wurde von Dean Russo gezeichnet. Seine wirklich einzigartigen Kunstwerke zeigen seine Liebe zu Tieren und unterst\u00fctzen sein Engagement f\u00fcr den Tierschutz. Dieses Puzzle ist ein sch\u00f6nes St\u00fcck an der Wand f\u00fcr Ihr Zuhause oder B\u00fcro zu h\u00e4ngen. Wann werden Sie es schaffen?<\/p>\n<p>Anzahl der St\u00fccke: 2000<br \/>\nMaterial: Pappe<br \/>\nGr\u00f6\u00dfe des Puzzles: 96,6 x 68,8 cm<br \/>\nVerpackung: 37 x 27 x 8,5 cm<br \/>\nAlter: 6 &#8211; 99 Jahre<\/p>\n","protected":false},"excerpt":{"rendered":"<p>HEYE<\/p>\n","protected":false},"featured_media":398095,"template":"","meta":{"_improvement_type_select":"improve_an_existing","_thumb_yes_seoaic":false,"_frame_yes_seoaic":false,"seoaic_generate_description":"","seoaic_improve_instructions_prompt":"","seoaic_rollback_content_improvement":"","seoaic_idea_thumbnail_generator":"","thumbnail_generated":false,"thumbnail_generate_prompt":"","seoaic_article_description":"","product-afmeting-lengte-mm":"","product-afmeting-breedte-mm":"","product-afmeting-hoogte-mm":""},"product_brand":[],"product_cat":[2267,1613,2558],"product_tag":[],"class_list":{"0":"post-426013","1":"product","2":"type-product","3":"status-publish","4":"has-post-thumbnail","6":"product_cat-heye-de","7":"product_cat-ratsel-de","8":"product_cat-aanbieding-de","9":"pa_merken-heye-de","11":"first","12":"instock","13":"sale","14":"taxable","15":"shipping-taxable","16":"purchasable","17":"product-type-simple"},"df_price":17.99,"df_sale_price":17.99,"df_regular_price":29.99,"df_image_link":"https:\/\/www.speedcube.nl\/wp-content\/uploads\/2023\/06\/Productvisuals_Puzzels-Heye-Jolly-Pets-Lions-Heart-1-285x300.jpg","_links":{"self":[{"href":"https:\/\/www.speedcube.nl\/de\/wp-json\/wp\/v2\/product\/426013","targetHints":{"allow":["GET"]}}],"collection":[{"href":"https:\/\/www.speedcube.nl\/de\/wp-json\/wp\/v2\/product"}],"about":[{"href":"https:\/\/www.speedcube.nl\/de\/wp-json\/wp\/v2\/types\/product"}],"version-history":[{"count":0,"href":"https:\/\/www.speedcube.nl\/de\/wp-json\/wp\/v2\/product\/426013\/revisions"}],"wp:featuredmedia":[{"embeddable":true,"href":"https:\/\/www.speedcube.nl\/de\/wp-json\/wp\/v2\/media\/398095"}],"wp:attachment":[{"href":"https:\/\/www.speedcube.nl\/de\/wp-json\/wp\/v2\/media?parent=426013"}],"wp:term":[{"taxonomy":"product_brand","embeddable":true,"href":"https:\/\/www.speedcube.nl\/de\/wp-json\/wp\/v2\/product_brand?post=426013"},{"taxonomy":"product_cat","embeddable":true,"href":"https:\/\/www.speedcube.nl\/de\/wp-json\/wp\/v2\/product_cat?post=426013"},{"taxonomy":"product_tag","embeddable":true,"href":"https:\/\/www.speedcube.nl\/de\/wp-json\/wp\/v2\/product_tag?post=426013"}],"curies":[{"name":"wp","href":"https:\/\/api.w.org\/{rel}","templated":true}]}}