{"id":425968,"date":"2022-02-16T19:43:22","date_gmt":"2022-02-16T18:43:22","guid":{"rendered":"https:\/\/www.speedcube.nl\/unkategorisiert\/unidragon-ernsthafter-panda\/"},"modified":"2026-05-08T05:04:04","modified_gmt":"2026-05-08T03:04:04","slug":"unidragon-ernsthafter-panda","status":"publish","type":"product","link":"https:\/\/www.speedcube.nl\/de\/ratsel-de\/unidragon-de\/unidragon-ernsthafter-panda\/","title":{"rendered":"Unidragon Ernsthafter Panda"},"content":{"rendered":"<p>Eine leichte Brise bewegt die langen gr\u00fcnen Bl\u00e4tter, das Rascheln, das Fallen von Tautropfen. V\u00f6gel singen. Insekten sind \u00fcberall. Das Wasser kr\u00e4uselt sich, der Bach verlangsamt sich und m\u00fcndet in einen kleinen See. Dort kreisen die bunten Karpfen in einem freien Tanz. Die Natur dieser himmlischen Welt kommt zur Ruhe. Pl\u00f6tzlich knistert es und es wird laut geschn\u00fcffelt. Aus dem Bambus des Regenwaldes kommt etwas Gro\u00dfes. &#8222;Hatsjie&#8220; und die V\u00f6gel fliegen in alle Richtungen. Eine schwarze Nase riecht an den jungen Trieben, eine Klaue rei\u00dft eine Pflanze aus dem Boden. Das gro\u00dfe schwarz-wei\u00dfe Tier fand, was es suchte. Zufrieden l\u00e4sst er sich auf den Boden plumpsen und beginnt auf dem Bambus zu kauen. Serious Panda hat beschlossen, es gro\u00df anzugehen, nichts wird ihn davon abhalten, diese Mahlzeit zu genie\u00dfen. M\u00f6gen die Affen in den B\u00e4umen herumwuseln, die V\u00f6gel singen, die Bewohner des Bambusdschungels ihren Besch\u00e4ftigungen nachgehen, nichts kann den Panda davon abhalten, an den Bl\u00e4ttern zu knabbern und zufrieden zu l\u00e4cheln.<\/p>\n<p>Das Serious Panda Holzfigurenpuzzle erz\u00e4hlt die Geschichte der putzigen Pandab\u00e4ren: von einer gro\u00dfen Pandafamilie, die ihr Mittagessen inmitten von Blumen, V\u00f6geln und Tieren und der Natur des Ostens genie\u00dft. Das ist ein echtes R\u00e4tsel, das der ganzen Familie Spa\u00df macht.<\/p>\n<p>Die Puzzles sind aus 3 mm starkem, gepresstem HDF gefertigt. Dieses Material ist umweltfreundlich, hochwertig und langlebig. Wenn du mit dem Zusammensetzen fertig bist, darfst du das Puzzle nicht zur\u00fcck in den Schrank legen. Verwenden Sie es als Innendekoration! Zu diesem Zweck haben wir ein spezielles Klebesystem entwickelt, das das Puzzle zusammensetzt und an die Wand klebt.<\/p>\n<p>KLEIN<br \/>\nAnzahl der St\u00fccke: 110<br \/>\nGr\u00f6\u00dfe des Puzzles: 180 x 240 mm<br \/>\nVerpackung: 122 \u0445 182 \u0445 38 mm<\/p>\n<p>MEDIUM<br \/>\nAnzahl der St\u00fccke: 215<br \/>\nGr\u00f6\u00dfe des Puzzles: 250 x 330 mm<br \/>\nVerpackung: 152 \u0445 202 \u0445 44 mm<\/p>\n<p>KING SIZE<br \/>\nAnzahl der St\u00fccke: 318<br \/>\nGr\u00f6\u00dfe des Puzzles: 310 x 410 mm<br \/>\nVerpackung: 174 \u0445 232 \u0445 44 mm<\/p>\n","protected":false},"excerpt":{"rendered":"<p>UNIDRAGON<\/p>\n","protected":false},"featured_media":399343,"template":"","meta":{"_improvement_type_select":"improve_an_existing","_thumb_yes_seoaic":false,"_frame_yes_seoaic":false,"seoaic_generate_description":"","seoaic_improve_instructions_prompt":"","seoaic_rollback_content_improvement":"","seoaic_idea_thumbnail_generator":"","thumbnail_generated":false,"thumbnail_generate_prompt":"","seoaic_article_description":"","product-afmeting-lengte-mm":"","product-afmeting-breedte-mm":"","product-afmeting-hoogte-mm":""},"product_brand":[],"product_cat":[1621,1618,1620,1616,1613,1623,1622,1624],"product_tag":[],"class_list":{"0":"post-425968","1":"product","2":"type-product","3":"status-publish","4":"has-post-thumbnail","6":"product_cat-besondere-ratsel","7":"product_cat-holzerne-puzzles","8":"product_cat-jigsaw-puzzles","9":"product_cat-puzzle-0-499-teile","10":"product_cat-ratsel-de","11":"product_cat-puzzles-fur-kinder","12":"product_cat-tier-puzzles","13":"product_cat-unidragon-de","14":"pa_merken-unidragon-de","16":"first","17":"outofstock","18":"sale","19":"taxable","20":"shipping-taxable","21":"purchasable","22":"product-type-variable"},"df_price":25,"df_sale_price":"","df_regular_price":25,"df_image_link":"https:\/\/www.speedcube.nl\/wp-content\/uploads\/2023\/06\/Productvisuals_Puzzels-UNIDRAGON-Serious-Panda-1-285x300.jpg","_links":{"self":[{"href":"https:\/\/www.speedcube.nl\/de\/wp-json\/wp\/v2\/product\/425968","targetHints":{"allow":["GET"]}}],"collection":[{"href":"https:\/\/www.speedcube.nl\/de\/wp-json\/wp\/v2\/product"}],"about":[{"href":"https:\/\/www.speedcube.nl\/de\/wp-json\/wp\/v2\/types\/product"}],"version-history":[{"count":0,"href":"https:\/\/www.speedcube.nl\/de\/wp-json\/wp\/v2\/product\/425968\/revisions"}],"wp:featuredmedia":[{"embeddable":true,"href":"https:\/\/www.speedcube.nl\/de\/wp-json\/wp\/v2\/media\/399343"}],"wp:attachment":[{"href":"https:\/\/www.speedcube.nl\/de\/wp-json\/wp\/v2\/media?parent=425968"}],"wp:term":[{"taxonomy":"product_brand","embeddable":true,"href":"https:\/\/www.speedcube.nl\/de\/wp-json\/wp\/v2\/product_brand?post=425968"},{"taxonomy":"product_cat","embeddable":true,"href":"https:\/\/www.speedcube.nl\/de\/wp-json\/wp\/v2\/product_cat?post=425968"},{"taxonomy":"product_tag","embeddable":true,"href":"https:\/\/www.speedcube.nl\/de\/wp-json\/wp\/v2\/product_tag?post=425968"}],"curies":[{"name":"wp","href":"https:\/\/api.w.org\/{rel}","templated":true}]}}