{"id":425944,"date":"2022-02-16T18:47:39","date_gmt":"2022-02-16T17:47:39","guid":{"rendered":"https:\/\/www.speedcube.nl\/unkategorisiert\/unidragon-waechterdrache\/"},"modified":"2026-05-04T05:19:18","modified_gmt":"2026-05-04T03:19:18","slug":"unidragon-waechterdrache","status":"publish","type":"product","link":"https:\/\/www.speedcube.nl\/de\/aanbieding-de\/unidragon-waechterdrache\/","title":{"rendered":"Unidragon W\u00e4chterdrache"},"content":{"rendered":"<p>Was f\u00fcr ein pr\u00e4chtiges Biest versteckt sich in dieser riesigen H\u00f6hle? Riesige Stalagtiten h\u00e4ngen von der hohen Decke. In der Dunkelheit kann man sein lautes Atmen h\u00f6ren, ein leichtes Knistern und Rauschen. Sie k\u00f6nnen die Hitze seines Atems sp\u00fcren. Und pl\u00f6tzlich leuchteten seine gro\u00dfen Augen in der Dunkelheit wie Kristallkugeln mit senkrechten Pupillen. In seiner H\u00f6hle gibt es viele Geheimnisse und Sch\u00e4tze. Viele reiche Leute legten ihre Schwerter, Speere, Schilde und R\u00fcstungen nieder und vermehrten ihren Reichtum. Nur wer ein reines Herz und einen klaren Verstand hat, kann mit dieser listigen Echse kommunizieren und die Antworten auf alle Fragen finden.<\/p>\n<p>Sieh dich um: Es gibt Diamanten, Truhen mit M\u00fcnzen, Ringe und Goldplatten. Und es gibt noch weitere kleinere Drachen. Schlie\u00dfen Sie Freundschaft mit ihnen. Und einer von ihnen wird auch in ein paar Jahren ein echter Freund von Ihnen sein. Sprechen Sie gemeinsam \u00fcber Ihre Geheimnisse, um die Zeit am Abend zu \u00fcberbr\u00fccken.<\/p>\n<p>Die Puzzles sind aus 3 mm starkem, gepresstem HDF gefertigt. Dieses Material ist umweltfreundlich, hochwertig und langlebig. Wenn du mit dem Zusammensetzen fertig bist, darfst du das Puzzle nicht zur\u00fcck in den Schrank legen. Verwenden Sie es als Innendekoration! Zu diesem Zweck haben wir ein spezielles Klebesystem entwickelt, das das Puzzle zusammensetzt und an die Wand klebt.<\/p>\n<p>KLEIN<br \/>\nAnzahl der St\u00fccke: 97<br \/>\nGr\u00f6\u00dfe des Puzzles: 160 x 260 mm<br \/>\nVerpackung: 122 \u0445 182 \u0445 38 mm<\/p>\n<p>MEDIUM<br \/>\nAnzahl der St\u00fccke: 183<br \/>\nGr\u00f6\u00dfe des Puzzles: 210 x 330 mm<br \/>\nVerpackung: 152 \u0445 202 \u0445 44 mm<\/p>\n","protected":false},"excerpt":{"rendered":"<p>UNIDRAGON<\/p>\n","protected":false},"featured_media":398861,"template":"","meta":{"_improvement_type_select":"improve_an_existing","_thumb_yes_seoaic":false,"_frame_yes_seoaic":false,"seoaic_generate_description":"","seoaic_improve_instructions_prompt":"","seoaic_rollback_content_improvement":"","seoaic_idea_thumbnail_generator":"","thumbnail_generated":false,"thumbnail_generate_prompt":"","seoaic_article_description":"","product-afmeting-lengte-mm":"","product-afmeting-breedte-mm":"","product-afmeting-hoogte-mm":""},"product_brand":[],"product_cat":[1613,1624,2558],"product_tag":[],"class_list":{"0":"post-425944","1":"product","2":"type-product","3":"status-publish","4":"has-post-thumbnail","6":"product_cat-ratsel-de","7":"product_cat-unidragon-de","8":"product_cat-aanbieding-de","9":"pa_merken-unidragon-de","11":"first","12":"instock","13":"sale","14":"taxable","15":"shipping-taxable","16":"purchasable","17":"product-type-variable"},"df_price":12,"df_sale_price":"","df_regular_price":12,"df_image_link":"https:\/\/www.speedcube.nl\/wp-content\/uploads\/2023\/06\/Productvisuals_Puzzels-UNIDRAGON-Guarding-Dragon-1-285x300.jpg","_links":{"self":[{"href":"https:\/\/www.speedcube.nl\/de\/wp-json\/wp\/v2\/product\/425944","targetHints":{"allow":["GET"]}}],"collection":[{"href":"https:\/\/www.speedcube.nl\/de\/wp-json\/wp\/v2\/product"}],"about":[{"href":"https:\/\/www.speedcube.nl\/de\/wp-json\/wp\/v2\/types\/product"}],"version-history":[{"count":0,"href":"https:\/\/www.speedcube.nl\/de\/wp-json\/wp\/v2\/product\/425944\/revisions"}],"wp:featuredmedia":[{"embeddable":true,"href":"https:\/\/www.speedcube.nl\/de\/wp-json\/wp\/v2\/media\/398861"}],"wp:attachment":[{"href":"https:\/\/www.speedcube.nl\/de\/wp-json\/wp\/v2\/media?parent=425944"}],"wp:term":[{"taxonomy":"product_brand","embeddable":true,"href":"https:\/\/www.speedcube.nl\/de\/wp-json\/wp\/v2\/product_brand?post=425944"},{"taxonomy":"product_cat","embeddable":true,"href":"https:\/\/www.speedcube.nl\/de\/wp-json\/wp\/v2\/product_cat?post=425944"},{"taxonomy":"product_tag","embeddable":true,"href":"https:\/\/www.speedcube.nl\/de\/wp-json\/wp\/v2\/product_tag?post=425944"}],"curies":[{"name":"wp","href":"https:\/\/api.w.org\/{rel}","templated":true}]}}