{"id":425943,"date":"2022-02-17T14:56:22","date_gmt":"2022-02-17T13:56:22","guid":{"rendered":"https:\/\/www.speedcube.nl\/unkategorisiert\/ein-drachen-steigerungstempel\/"},"modified":"2026-04-18T05:02:10","modified_gmt":"2026-04-18T03:02:10","slug":"ein-drachen-steigerungstempel","status":"publish","type":"product","link":"https:\/\/www.speedcube.nl\/de\/ratsel-de\/natur\/ein-drachen-steigerungstempel\/","title":{"rendered":"Ein-Drachen-Steigerungstempel"},"content":{"rendered":"<p>Der Alltagstrott wird von Tag zu Tag schlimmer. Arbeit &#8211; Zuhause &#8211; Arbeit. Schule &#8211; Zuhause &#8211; Schule. Es gibt Tage, an denen es keine Pause zu geben scheint. Wie gerne w\u00fcrden Sie sich von allem ablenken, sich befreien, in die selige Stille eintauchen. Sich an einem abgelegenen Ort aufhalten und die Ruhe genie\u00dfen. Sp\u00fcren Sie die k\u00fchle Brise, bewundern Sie das Gr\u00fcn des Grases und der B\u00e4ume. Meditation kann die Rettung sein, wenn es keine M\u00f6glichkeit f\u00fcr ein Flugticket gibt.<\/p>\n<p>Das neue &#8222;Floating Temple&#8220;-Puzzle aus der Nature-Serie ist die neue Art der Ablenkung f\u00fcr Ihren Geist. Vertiefen Sie sich in Ihre Gedanken, genie\u00dfen Sie die sch\u00f6ne Aussicht. Die sch\u00f6ne Form der St\u00fccke, wenn sie zusammengesetzt werden, verwandeln sich in die gr\u00fcnen Felsdekorationen. Das Finden des richtigen Puzzlest\u00fccks lenkt Sie von schweren Gedanken ab und stimmt Ihren Geist auf die Suche nach der Wahrheit ein. Dieses R\u00e4tsel versetzt dich auf die Veranda eines sch\u00f6nen Hauses. Der Ort, an dem der Himmel mit einem Wolkenschleier in den gr\u00fcnen Felsen f\u00e4llt. Und wenn Sie das letzte St\u00fcck ver\u00f6ffentlichen, werden Sie zum Zen. Sie werden stolz auf sich sein, zufrieden mit Ihrer Arbeit.<\/p>\n<p>Die Puzzles sind aus 3 mm starkem, gepresstem HDF gefertigt. Dieses Material ist umweltfreundlich, hochwertig und langlebig. Wenn du mit dem Zusammensetzen fertig bist, darfst du das Puzzle nicht zur\u00fcck in den Schrank legen. Verwenden Sie es als Innendekoration! Zu diesem Zweck haben wir ein spezielles Klebesystem entwickelt, das das Puzzle zusammensetzt und an die Wand klebt.<\/p>\n<p>MEDIUM<br \/>\nAnzahl der St\u00fccke: 250<br \/>\nGr\u00f6\u00dfe des Puzzles: 310 x 230 mm<br \/>\nVerpackung: 152 \u0445 202 \u0445 44 mm<\/p>\n","protected":false},"excerpt":{"rendered":"<p>UNIDRAGON<\/p>\n","protected":false},"featured_media":399827,"template":"","meta":{"_improvement_type_select":"improve_an_existing","_thumb_yes_seoaic":false,"_frame_yes_seoaic":false,"seoaic_generate_description":"","seoaic_improve_instructions_prompt":"","seoaic_rollback_content_improvement":"","seoaic_idea_thumbnail_generator":"","thumbnail_generated":false,"thumbnail_generate_prompt":"","seoaic_article_description":"","product-afmeting-lengte-mm":"","product-afmeting-breedte-mm":"","product-afmeting-hoogte-mm":""},"product_brand":[],"product_cat":[1621,1618,1620,2284,1616,1613,1624],"product_tag":[],"class_list":{"0":"post-425943","1":"product","2":"type-product","3":"status-publish","4":"has-post-thumbnail","6":"product_cat-besondere-ratsel","7":"product_cat-holzerne-puzzles","8":"product_cat-jigsaw-puzzles","9":"product_cat-natur","10":"product_cat-puzzle-0-499-teile","11":"product_cat-ratsel-de","12":"product_cat-unidragon-de","13":"pa_merken-unidragon-de","15":"first","16":"outofstock","17":"taxable","18":"shipping-taxable","19":"purchasable","20":"product-type-simple"},"df_price":29.99,"df_sale_price":"","df_regular_price":29.99,"df_image_link":"https:\/\/www.speedcube.nl\/wp-content\/uploads\/2023\/06\/Productvisuals_Puzzels-UNIDRAGON-Soaring-Temple-1-285x300.jpg","_links":{"self":[{"href":"https:\/\/www.speedcube.nl\/de\/wp-json\/wp\/v2\/product\/425943","targetHints":{"allow":["GET"]}}],"collection":[{"href":"https:\/\/www.speedcube.nl\/de\/wp-json\/wp\/v2\/product"}],"about":[{"href":"https:\/\/www.speedcube.nl\/de\/wp-json\/wp\/v2\/types\/product"}],"version-history":[{"count":0,"href":"https:\/\/www.speedcube.nl\/de\/wp-json\/wp\/v2\/product\/425943\/revisions"}],"wp:featuredmedia":[{"embeddable":true,"href":"https:\/\/www.speedcube.nl\/de\/wp-json\/wp\/v2\/media\/399827"}],"wp:attachment":[{"href":"https:\/\/www.speedcube.nl\/de\/wp-json\/wp\/v2\/media?parent=425943"}],"wp:term":[{"taxonomy":"product_brand","embeddable":true,"href":"https:\/\/www.speedcube.nl\/de\/wp-json\/wp\/v2\/product_brand?post=425943"},{"taxonomy":"product_cat","embeddable":true,"href":"https:\/\/www.speedcube.nl\/de\/wp-json\/wp\/v2\/product_cat?post=425943"},{"taxonomy":"product_tag","embeddable":true,"href":"https:\/\/www.speedcube.nl\/de\/wp-json\/wp\/v2\/product_tag?post=425943"}],"curies":[{"name":"wp","href":"https:\/\/api.w.org\/{rel}","templated":true}]}}