{"id":425902,"date":"2022-02-16T20:17:33","date_gmt":"2022-02-16T19:17:33","guid":{"rendered":"https:\/\/www.speedcube.nl\/unkategorisiert\/unidragon-verspielte-papageien\/"},"modified":"2026-05-12T05:04:09","modified_gmt":"2026-05-12T03:04:09","slug":"unidragon-verspielte-papageien","status":"publish","type":"product","link":"https:\/\/www.speedcube.nl\/de\/ratsel-de\/unidragon-de\/unidragon-verspielte-papageien\/","title":{"rendered":"Unidragon Verspielte Papageien"},"content":{"rendered":"<p>Die F\u00fclle der Ger\u00e4usche des Regenwaldes erzeugt eine ohrenbet\u00e4ubende Kakophonie. Selbst das Licht der Sonne kann kaum durch die Kronen der hoch aufragenden B\u00e4ume brechen. W\u00e4hrend Sie langsam einen gewundenen Weg entlanggehen, sehen Sie aus dem Augenwinkel einen Blitz in schillernden Farben. Wundersch\u00f6n gef\u00e4rbte Papageien sitzen auf einem Ast und zwitschern hin und her wie alte Freunde. Ihre ungew\u00f6hnlich leuchtenden Farben ziehen einen sofort in ihren Bann, und die Muster auf ihren Federn sind faszinierend. Gehen Sie ein paar Schritte weiter und sehen Sie sich die stolzen V\u00f6gel genauer an. Der eine w\u00e4scht sein gl\u00e4nzendes Gefieder, die beiden anderen scheinen sich privat zu unterhalten und mit den Schn\u00e4beln zu schnalzen. Ein anderer richtet seinen aufmerksamen Blick direkt auf Sie. Ist Ihnen diese Beobachtung aufgefallen? Aber seien Sie ruhig &#8211; es w\u00fcrde nichts n\u00fctzen, diese fr\u00f6hliche Gesellschaft zu verscheuchen, die es sich inmitten des tropischen Gr\u00fcns so gem\u00fctlich gemacht hat.<\/p>\n<p>&#8222;Playful Parrots&#8220; ist kein gew\u00f6hnliches statisches R\u00e4tsel. Jeder Vogel wird einzeln zusammengesetzt, und du entscheidest, wie du sie alle zusammensetzen willst. Platzieren Sie die Papageien nach Belieben und kreieren Sie Ihre eigene einzigartige Szene. Ein Puzzle auseinanderzunehmen und wieder zusammenzusetzen ist heute interessanter und spannender als je zuvor. Die unterschiedlich geformten und einzigartigen Teile lassen sich geschickt zu farbenfrohen V\u00f6geln kombinieren, die sich zwar \u00e4hneln, aber dennoch bemerkenswert unterschiedlich sind.<\/p>\n<p>Die Puzzles sind aus 3 mm starkem, gepresstem HDF gefertigt. Dieses Material ist umweltfreundlich, hochwertig und langlebig. Wenn du mit dem Zusammensetzen fertig bist, darfst du das Puzzle nicht zur\u00fcck in den Schrank legen. Verwenden Sie es als Innendekoration! Zu diesem Zweck haben wir ein spezielles Klebesystem entwickelt, das das Puzzle zusammensetzt und an die Wand klebt.<\/p>\n<p>KLEIN<br \/>\nAnzahl der St\u00fccke: 104<br \/>\nGr\u00f6\u00dfe des Puzzles: 330 x 190 mm<br \/>\nVerpackung: 122 \u0445 182 \u0445 38 mm<\/p>\n<p>MEDIUM<br \/>\nAnzahl der St\u00fccke: 193<br \/>\nGr\u00f6\u00dfe des Puzzles: 440 x 250 mm<br \/>\nVerpackung: 152 \u0445 202 \u0445 44 mm<\/p>\n","protected":false},"excerpt":{"rendered":"<p>UNIDRAGON<\/p>\n","protected":false},"featured_media":399631,"template":"","meta":{"_improvement_type_select":"improve_an_existing","_thumb_yes_seoaic":false,"_frame_yes_seoaic":false,"seoaic_generate_description":"","seoaic_improve_instructions_prompt":"","seoaic_rollback_content_improvement":"","seoaic_idea_thumbnail_generator":"","thumbnail_generated":false,"thumbnail_generate_prompt":"","seoaic_article_description":"","product-afmeting-lengte-mm":"","product-afmeting-breedte-mm":"","product-afmeting-hoogte-mm":""},"product_brand":[],"product_cat":[1621,1618,1620,1616,1613,1623,1622,1624],"product_tag":[],"class_list":{"0":"post-425902","1":"product","2":"type-product","3":"status-publish","4":"has-post-thumbnail","6":"product_cat-besondere-ratsel","7":"product_cat-holzerne-puzzles","8":"product_cat-jigsaw-puzzles","9":"product_cat-puzzle-0-499-teile","10":"product_cat-ratsel-de","11":"product_cat-puzzles-fur-kinder","12":"product_cat-tier-puzzles","13":"product_cat-unidragon-de","14":"pa_merken-unidragon-de","16":"first","17":"outofstock","18":"sale","19":"taxable","20":"shipping-taxable","21":"purchasable","22":"product-type-variable"},"df_price":7.5,"df_sale_price":"","df_regular_price":7.5,"df_image_link":"https:\/\/www.speedcube.nl\/wp-content\/uploads\/2023\/06\/Productvisuals_Puzzels-UNIDRAGON-Playful-Parrots-1-285x300.jpg","_links":{"self":[{"href":"https:\/\/www.speedcube.nl\/de\/wp-json\/wp\/v2\/product\/425902","targetHints":{"allow":["GET"]}}],"collection":[{"href":"https:\/\/www.speedcube.nl\/de\/wp-json\/wp\/v2\/product"}],"about":[{"href":"https:\/\/www.speedcube.nl\/de\/wp-json\/wp\/v2\/types\/product"}],"version-history":[{"count":0,"href":"https:\/\/www.speedcube.nl\/de\/wp-json\/wp\/v2\/product\/425902\/revisions"}],"wp:featuredmedia":[{"embeddable":true,"href":"https:\/\/www.speedcube.nl\/de\/wp-json\/wp\/v2\/media\/399631"}],"wp:attachment":[{"href":"https:\/\/www.speedcube.nl\/de\/wp-json\/wp\/v2\/media?parent=425902"}],"wp:term":[{"taxonomy":"product_brand","embeddable":true,"href":"https:\/\/www.speedcube.nl\/de\/wp-json\/wp\/v2\/product_brand?post=425902"},{"taxonomy":"product_cat","embeddable":true,"href":"https:\/\/www.speedcube.nl\/de\/wp-json\/wp\/v2\/product_cat?post=425902"},{"taxonomy":"product_tag","embeddable":true,"href":"https:\/\/www.speedcube.nl\/de\/wp-json\/wp\/v2\/product_tag?post=425902"}],"curies":[{"name":"wp","href":"https:\/\/api.w.org\/{rel}","templated":true}]}}