{"id":425899,"date":"2022-02-16T19:36:19","date_gmt":"2022-02-16T18:36:19","guid":{"rendered":"https:\/\/www.speedcube.nl\/unkategorisiert\/unidragon-wohlhabender-stier\/"},"modified":"2026-05-02T05:01:55","modified_gmt":"2026-05-02T03:01:55","slug":"unidragon-wohlhabender-stier","status":"publish","type":"product","link":"https:\/\/www.speedcube.nl\/de\/aanbieding-de\/unidragon-wohlhabender-stier\/","title":{"rendered":"Unidragon Wohlhabender Stier"},"content":{"rendered":"<p>Dies ist der Stier des Wohlstands an Ihrer T\u00fcr. Seine bronzene Haut schimmert im Feuer, seine gro\u00dfen H\u00f6rner gl\u00e4nzen mit Gold. Die honigfarbenen Augen strahlen vor Selbstbewusstsein. Sie sehen Ihre M\u00f6glichkeiten und W\u00fcnsche. Tr\u00e4umen Sie von einem neuen Auto, einem luxuri\u00f6sen Urlaub, einem neuen Job? Der Stier schl\u00e4gt mit dem Schwanz &#8211; der Wunsch ist in Erf\u00fcllung gegangen. Statt seiner Hufe h\u00f6rt man nun das Klappern von M\u00fcnzen und Scheinen. Wenn der Stier das Gew\u00f6lbe mit seinem Schwanz ber\u00fchrt, bleibt es nicht mehr leer. Der Beginn des neuen Jahres bietet Millionen von M\u00f6glichkeiten. Verpassen Sie es nicht! Packen Sie den Stier bei den H\u00f6rnern! Und Ihr Leben wird nie wieder dasselbe sein.<\/p>\n<p>Das neue Figurenpuzzle des Stiers des Wohlstandes wird Ihnen neue Einsichten und Reichstr\u00e4ume bescheren. Holen Sie sich ein St\u00fcck von diesem Luxus. Nach dem \u00f6stlichen Kalender ist sie das Symbol f\u00fcr das neue Jahr und bringt Reichtum und Wohlstand &#8211; kurzum, ein hervorragendes Neujahrsgeschenk.<\/p>\n<p>Die Puzzles sind aus 3 mm starkem, gepresstem HDF gefertigt. Dieses Material ist umweltfreundlich, hochwertig und langlebig. Wenn du mit dem Zusammensetzen fertig bist, darfst du das Puzzle nicht zur\u00fcck in den Schrank legen. Verwenden Sie es als Innendekoration! Zu diesem Zweck haben wir ein spezielles Klebesystem entwickelt, das das Puzzle zusammensetzt und an die Wand klebt.<\/p>\n<p>KLEIN<br \/>\nAnzahl der St\u00fccke: 102<br \/>\nGr\u00f6\u00dfe des Puzzles: 190 x 220 mm<br \/>\nVerpackung: 122 \u0445 182 \u0445 38 mm<\/p>\n<p>MEDIUM<br \/>\nAnzahl der St\u00fccke: 211<br \/>\nGr\u00f6\u00dfe des Puzzles: 250 x 290 mm<br \/>\nVerpackung: 152 \u0445 202 \u0445 44 mm<\/p>\n","protected":false},"excerpt":{"rendered":"<p>UNIDRAGON<\/p>\n","protected":false},"featured_media":399277,"template":"","meta":{"_improvement_type_select":"improve_an_existing","_thumb_yes_seoaic":false,"_frame_yes_seoaic":false,"seoaic_generate_description":"","seoaic_improve_instructions_prompt":"","seoaic_rollback_content_improvement":"","seoaic_idea_thumbnail_generator":"","thumbnail_generated":false,"thumbnail_generate_prompt":"","seoaic_article_description":"","product-afmeting-lengte-mm":"","product-afmeting-breedte-mm":"","product-afmeting-hoogte-mm":""},"product_brand":[],"product_cat":[1613,1624,2558],"product_tag":[],"class_list":{"0":"post-425899","1":"product","2":"type-product","3":"status-publish","4":"has-post-thumbnail","6":"product_cat-ratsel-de","7":"product_cat-unidragon-de","8":"product_cat-aanbieding-de","9":"pa_merken-unidragon-de","11":"first","12":"instock","13":"sale","14":"taxable","15":"shipping-taxable","16":"purchasable","17":"product-type-variable"},"df_price":15,"df_sale_price":"","df_regular_price":15,"df_image_link":"https:\/\/www.speedcube.nl\/wp-content\/uploads\/2023\/06\/Productvisuals_Puzzels-UNIDRAGON-Prosperous-Bull-1-285x300.jpg","_links":{"self":[{"href":"https:\/\/www.speedcube.nl\/de\/wp-json\/wp\/v2\/product\/425899","targetHints":{"allow":["GET"]}}],"collection":[{"href":"https:\/\/www.speedcube.nl\/de\/wp-json\/wp\/v2\/product"}],"about":[{"href":"https:\/\/www.speedcube.nl\/de\/wp-json\/wp\/v2\/types\/product"}],"version-history":[{"count":0,"href":"https:\/\/www.speedcube.nl\/de\/wp-json\/wp\/v2\/product\/425899\/revisions"}],"wp:featuredmedia":[{"embeddable":true,"href":"https:\/\/www.speedcube.nl\/de\/wp-json\/wp\/v2\/media\/399277"}],"wp:attachment":[{"href":"https:\/\/www.speedcube.nl\/de\/wp-json\/wp\/v2\/media?parent=425899"}],"wp:term":[{"taxonomy":"product_brand","embeddable":true,"href":"https:\/\/www.speedcube.nl\/de\/wp-json\/wp\/v2\/product_brand?post=425899"},{"taxonomy":"product_cat","embeddable":true,"href":"https:\/\/www.speedcube.nl\/de\/wp-json\/wp\/v2\/product_cat?post=425899"},{"taxonomy":"product_tag","embeddable":true,"href":"https:\/\/www.speedcube.nl\/de\/wp-json\/wp\/v2\/product_tag?post=425899"}],"curies":[{"name":"wp","href":"https:\/\/api.w.org\/{rel}","templated":true}]}}