{"id":425896,"date":"2022-02-17T15:24:01","date_gmt":"2022-02-17T14:24:01","guid":{"rendered":"https:\/\/www.speedcube.nl\/unkategorisiert\/unidragon-chiang-mai\/"},"modified":"2026-04-12T05:01:15","modified_gmt":"2026-04-12T03:01:15","slug":"unidragon-chiang-mai","status":"publish","type":"product","link":"https:\/\/www.speedcube.nl\/de\/ratsel-de\/natur\/unidragon-chiang-mai\/","title":{"rendered":"Unidragon Chiang Mai"},"content":{"rendered":"<p>Bei all den t\u00e4glichen Aufgaben und Sorgen scheint es, als bliebe keine Zeit f\u00fcr irgendetwas. Auf der Suche nach etwas Zweitrangigem vergisst man oft das Wichtigste &#8211; sich selbst. Vergessen Sie den Alltag und die Verpflichtungen f\u00fcr eine Weile, denn eine Reise nach Thailand erwartet Sie mit dem neuen Holzpuzzle von Unidragon. Chiang Mai l\u00e4dt Sie ein, ein paar Stunden allein zu verbringen. Entspannen Sie sich und tauchen Sie ein in die Atmosph\u00e4re eines sorglosen Urlaubs im tropischen Klima. Schlendern Sie \u00fcber die verschlungenen Wege des Parks, atmen Sie die feuchte Luft ein und schauen Sie sich um. Die Kuppel des buddhistischen Tempels ragt in den Himmel, die Wolken ziehen langsam \u00fcber den Himmel und verwandeln sich bei Sonnenuntergang in einen rosa Dunst. Von hier aus er\u00f6ffnen sich unglaubliche Aussichten.<\/p>\n<p>Diese malerische Ansicht entsteht, wenn Sie das Puzzle St\u00fcck f\u00fcr St\u00fcck vervollst\u00e4ndigen. Genie\u00dfen Sie die Ruhe und Stille, w\u00e4hrend Sie ein unglaubliches Bild zusammenstellen. Die unterschiedlich geformten Puzzleteile f\u00fcgen sich perfekt zusammen und bilden nach und nach eine faszinierende Landschaft. Der unglaubliche Park mit einem kleinen Teich und einer Holzbr\u00fccke. Das tropische Gr\u00fcn lockt mit smaragdgr\u00fcnen Schattierungen in den Strahlen der untergehenden Sonne. Die endlosen gr\u00fcnen H\u00fcgel scheinen im Himmel zu verschwinden.<\/p>\n<p>Die Puzzles sind aus 3 mm starkem, gepresstem HDF gefertigt. Dieses Material ist umweltfreundlich, hochwertig und langlebig. Wenn du mit dem Zusammensetzen fertig bist, darfst du das Puzzle nicht zur\u00fcck in den Schrank legen. Verwenden Sie es als Innendekoration! Zu diesem Zweck haben wir ein spezielles Klebesystem entwickelt, das das Puzzle zusammensetzt und an die Wand klebt.<\/p>\n<p>MEDIUM<br \/>\nAnzahl der St\u00fccke: 250<br \/>\nGr\u00f6\u00dfe des Puzzles: 310 x 230 mm<br \/>\nVerpackung: 152 \u0445 202 \u0445 44 mm<\/p>\n","protected":false},"excerpt":{"rendered":"<p>UNIDRAGON<\/p>\n","protected":false},"featured_media":399947,"template":"","meta":{"_improvement_type_select":"improve_an_existing","_thumb_yes_seoaic":false,"_frame_yes_seoaic":false,"seoaic_generate_description":"","seoaic_improve_instructions_prompt":"","seoaic_rollback_content_improvement":"","seoaic_idea_thumbnail_generator":"","thumbnail_generated":false,"thumbnail_generate_prompt":"","seoaic_article_description":"","product-afmeting-lengte-mm":"","product-afmeting-breedte-mm":"","product-afmeting-hoogte-mm":""},"product_brand":[],"product_cat":[1621,1618,1620,2284,1616,1613,1624],"product_tag":[],"class_list":{"0":"post-425896","1":"product","2":"type-product","3":"status-publish","4":"has-post-thumbnail","6":"product_cat-besondere-ratsel","7":"product_cat-holzerne-puzzles","8":"product_cat-jigsaw-puzzles","9":"product_cat-natur","10":"product_cat-puzzle-0-499-teile","11":"product_cat-ratsel-de","12":"product_cat-unidragon-de","13":"pa_merken-unidragon-de","15":"first","16":"instock","17":"taxable","18":"shipping-taxable","19":"purchasable","20":"product-type-simple"},"df_price":29.99,"df_sale_price":"","df_regular_price":29.99,"df_image_link":"https:\/\/www.speedcube.nl\/wp-content\/uploads\/2023\/06\/Productvisuals_Puzzels-UNIDRAGON-Chiang-Mai-1-285x300.jpg","_links":{"self":[{"href":"https:\/\/www.speedcube.nl\/de\/wp-json\/wp\/v2\/product\/425896","targetHints":{"allow":["GET"]}}],"collection":[{"href":"https:\/\/www.speedcube.nl\/de\/wp-json\/wp\/v2\/product"}],"about":[{"href":"https:\/\/www.speedcube.nl\/de\/wp-json\/wp\/v2\/types\/product"}],"version-history":[{"count":0,"href":"https:\/\/www.speedcube.nl\/de\/wp-json\/wp\/v2\/product\/425896\/revisions"}],"wp:featuredmedia":[{"embeddable":true,"href":"https:\/\/www.speedcube.nl\/de\/wp-json\/wp\/v2\/media\/399947"}],"wp:attachment":[{"href":"https:\/\/www.speedcube.nl\/de\/wp-json\/wp\/v2\/media?parent=425896"}],"wp:term":[{"taxonomy":"product_brand","embeddable":true,"href":"https:\/\/www.speedcube.nl\/de\/wp-json\/wp\/v2\/product_brand?post=425896"},{"taxonomy":"product_cat","embeddable":true,"href":"https:\/\/www.speedcube.nl\/de\/wp-json\/wp\/v2\/product_cat?post=425896"},{"taxonomy":"product_tag","embeddable":true,"href":"https:\/\/www.speedcube.nl\/de\/wp-json\/wp\/v2\/product_tag?post=425896"}],"curies":[{"name":"wp","href":"https:\/\/api.w.org\/{rel}","templated":true}]}}