{"id":425872,"date":"2022-02-16T19:12:01","date_gmt":"2022-02-16T18:12:01","guid":{"rendered":"https:\/\/www.speedcube.nl\/unkategorisiert\/einaeugiges-schillerndes-chamaeleon\/"},"modified":"2026-04-16T05:30:06","modified_gmt":"2026-04-16T03:30:06","slug":"einaeugiges-schillerndes-chamaeleon","status":"publish","type":"product","link":"https:\/\/www.speedcube.nl\/de\/aanbieding-de\/einaeugiges-schillerndes-chamaeleon\/","title":{"rendered":"Ein\u00e4ugiges schillerndes Cham\u00e4leon"},"content":{"rendered":"<p>Die hell strahlende Sonne scheint durch das dichte Bl\u00e4tterdach des Regenwaldes, w\u00e4hrend eine Vielzahl von Gr\u00fcnt\u00f6nen wundersch\u00f6ne Sonnenmuster erzeugen. Der Wald lebt sein eigenes Leben: V\u00f6gel zwitschern, in der Ferne ert\u00f6nt ein Br\u00fcllen: Es sind Tiere, die sprechen. Tausende von Insekten wuseln hin und her. Und nur dieses Tier scheint \u00fcber den Ast zu gleiten, langsam und lautlos in seiner Verfolgung.<\/p>\n<p>Diese erstaunliche Eidechse versteht es, sich in allen Farben des Regenbogens zu pr\u00e4sentieren. Er hat die sch\u00f6nsten Augen der Welt. Er sieht alles um sich herum und attackiert kleine Insekten mit Lichtgeschwindigkeit. Regenbogen-Cham\u00e4leon. Unser R\u00e4tsel wird auch Ihre Augen erfreuen. Dieser Meister der Verkleidung wird Ihnen viel Neues und Interessantes \u00fcber sein Leben erz\u00e4hlen: \u00fcber exotische Eidechsen und V\u00f6gel, \u00fcber Palmen in der Sonne, \u00fcber saftige Fr\u00fcchte und seine Lieblingsdelikatesse &#8211; Insekten. Die Puzzleteile sind aus Birkensperrholz gefertigt, das ein feines nat\u00fcrliches Aroma hat, das Sie direkt in Dschungelstimmung versetzt. Die Form der Puzzlest\u00fccke ist bei allen Sets unterschiedlich. Dies ist keine Ausnahme.<\/p>\n<p>Die Puzzles sind aus 3 mm starkem, gepresstem HDF gefertigt. Dieses Material ist umweltfreundlich, hochwertig und langlebig. Wenn du mit dem Zusammensetzen fertig bist, darfst du das Puzzle nicht zur\u00fcck in den Schrank legen. Verwenden Sie es als Innendekoration! Zu diesem Zweck haben wir ein spezielles Klebesystem entwickelt, das das Puzzle zusammensetzt und an die Wand klebt.<\/p>\n<p>KLEIN<br \/>\nAnzahl der St\u00fccke: 103<br \/>\nGr\u00f6\u00dfe des Puzzles: 190 x 240 mm<br \/>\nVerpackung: 122 \u0445 182 \u0445 38 mm<\/p>\n<p>MEDIUM<br \/>\nAnzahl der St\u00fccke: 195<br \/>\nGr\u00f6\u00dfe des Puzzles: 260 x 320 mm<br \/>\nVerpackung: 152 \u0445 202 \u0445 44 mm<\/p>\n<p>KING SIZE<br \/>\nAnzahl der St\u00fccke: 314<br \/>\nGr\u00f6\u00dfe des Puzzles: 310 x 410 mm<br \/>\nVerpackung: 174 \u0445 232 \u0445 44 mm<\/p>\n","protected":false},"excerpt":{"rendered":"<p>UNIDRAGON<\/p>\n","protected":false},"featured_media":399065,"template":"","meta":{"_improvement_type_select":"improve_an_existing","_thumb_yes_seoaic":false,"_frame_yes_seoaic":false,"seoaic_generate_description":"","seoaic_improve_instructions_prompt":"","seoaic_rollback_content_improvement":"","seoaic_idea_thumbnail_generator":"","thumbnail_generated":false,"thumbnail_generate_prompt":"","seoaic_article_description":"","product-afmeting-lengte-mm":"","product-afmeting-breedte-mm":"","product-afmeting-hoogte-mm":""},"product_brand":[],"product_cat":[1613,1624,2558],"product_tag":[],"class_list":{"0":"post-425872","1":"product","2":"type-product","3":"status-publish","4":"has-post-thumbnail","6":"product_cat-ratsel-de","7":"product_cat-unidragon-de","8":"product_cat-aanbieding-de","9":"pa_merken-unidragon-de","11":"first","12":"instock","13":"sale","14":"taxable","15":"shipping-taxable","16":"purchasable","17":"product-type-variable"},"df_price":15,"df_sale_price":"","df_regular_price":15,"df_image_link":"https:\/\/www.speedcube.nl\/wp-content\/uploads\/2023\/06\/Productvisuals_Puzzels-UNIDRAGON-Iridescent-Chameleon-1-285x300.jpg","_links":{"self":[{"href":"https:\/\/www.speedcube.nl\/de\/wp-json\/wp\/v2\/product\/425872","targetHints":{"allow":["GET"]}}],"collection":[{"href":"https:\/\/www.speedcube.nl\/de\/wp-json\/wp\/v2\/product"}],"about":[{"href":"https:\/\/www.speedcube.nl\/de\/wp-json\/wp\/v2\/types\/product"}],"version-history":[{"count":0,"href":"https:\/\/www.speedcube.nl\/de\/wp-json\/wp\/v2\/product\/425872\/revisions"}],"wp:featuredmedia":[{"embeddable":true,"href":"https:\/\/www.speedcube.nl\/de\/wp-json\/wp\/v2\/media\/399065"}],"wp:attachment":[{"href":"https:\/\/www.speedcube.nl\/de\/wp-json\/wp\/v2\/media?parent=425872"}],"wp:term":[{"taxonomy":"product_brand","embeddable":true,"href":"https:\/\/www.speedcube.nl\/de\/wp-json\/wp\/v2\/product_brand?post=425872"},{"taxonomy":"product_cat","embeddable":true,"href":"https:\/\/www.speedcube.nl\/de\/wp-json\/wp\/v2\/product_cat?post=425872"},{"taxonomy":"product_tag","embeddable":true,"href":"https:\/\/www.speedcube.nl\/de\/wp-json\/wp\/v2\/product_tag?post=425872"}],"curies":[{"name":"wp","href":"https:\/\/api.w.org\/{rel}","templated":true}]}}