{"id":425871,"date":"2022-02-17T14:30:20","date_gmt":"2022-02-17T13:30:20","guid":{"rendered":"https:\/\/www.speedcube.nl\/unkategorisiert\/unidragon-morgen-abend-amsterdam\/"},"modified":"2026-04-22T05:04:03","modified_gmt":"2026-04-22T03:04:03","slug":"unidragon-morgen-abend-amsterdam","status":"publish","type":"product","link":"https:\/\/www.speedcube.nl\/de\/aanbieding-de\/unidragon-morgen-abend-amsterdam\/","title":{"rendered":"Unidragon Morgen Abend Amsterdam"},"content":{"rendered":"<p>Der Zauber beginnt mit den Details! Ein Boot zieht langsam vorbei, rechts flackern Laternenlichter und links gibt es unglaubliche Architektur, Denkm\u00e4ler und H\u00e4user. Sp\u00fcren Sie den Atem des Abends, die Blumen und den Zauber, erschaffen Sie Ihr eigenes Amsterdam mit Ihren H\u00e4nden. Sie werden einen k\u00fchlen Abendspaziergang entlang der Kan\u00e4le der legend\u00e4ren Stadt erleben.<span class=\"Apple-converted-space\"> <\/span><\/p>\n<p>Puzzleteile in Form von H\u00e4usern und beliebten Attraktionen bereichern das Erlebnis. Die Kanten des Puzzles sind uneben und abgerundet, um das Zusammensetzen noch interessanter und spannender zu machen. Die R\u00fcckseite des Puzzles ahmt die Konturen der Stadt mit ihren glatten Kan\u00e4len und gr\u00fcnen Pl\u00e4tzen nach. Die flie\u00dfenden Kurven der Wellen und die scharfen Kanten der Stra\u00dfen. All dies schafft die unglaubliche Atmosph\u00e4re eines neuen und erstaunlichen Ortes.<\/p>\n<p>Die Puzzles sind aus 3 mm starkem, gepresstem HDF gefertigt. Dieses Material ist umweltfreundlich, hochwertig und langlebig. Wenn du mit dem Zusammensetzen fertig bist, darfst du das Puzzle nicht zur\u00fcck in den Schrank legen. Verwenden Sie es als Innendekoration! Zu diesem Zweck haben wir ein spezielles Klebesystem entwickelt, das das Puzzle zusammensetzt und an die Wand klebt.<\/p>\n<p>MEDIUM<br \/>\nAnzahl der St\u00fccke: 250<br \/>\nGr\u00f6\u00dfe des Puzzles: 310 x 230 mm<br \/>\nVerpackung: 152 \u0445 202 \u0445 44 mm<\/p>\n","protected":false},"excerpt":{"rendered":"<p>UNIDRAGON<\/p>\n","protected":false},"featured_media":399735,"template":"","meta":{"_improvement_type_select":"improve_an_existing","_thumb_yes_seoaic":false,"_frame_yes_seoaic":false,"seoaic_generate_description":"","seoaic_improve_instructions_prompt":"","seoaic_rollback_content_improvement":"","seoaic_idea_thumbnail_generator":"","thumbnail_generated":false,"thumbnail_generate_prompt":"","seoaic_article_description":"","product-afmeting-lengte-mm":"","product-afmeting-breedte-mm":"","product-afmeting-hoogte-mm":""},"product_brand":[],"product_cat":[1613,1624,2558],"product_tag":[],"class_list":{"0":"post-425871","1":"product","2":"type-product","3":"status-publish","4":"has-post-thumbnail","6":"product_cat-ratsel-de","7":"product_cat-unidragon-de","8":"product_cat-aanbieding-de","9":"pa_merken-unidragon-de","11":"first","12":"instock","13":"sale","14":"taxable","15":"shipping-taxable","16":"purchasable","17":"product-type-simple"},"df_price":15,"df_sale_price":15,"df_regular_price":29.99,"df_image_link":"https:\/\/www.speedcube.nl\/wp-content\/uploads\/2023\/06\/Productvisuals_Puzzels-UNIDRAGON-Evening-Amsterdam-1-285x300.jpg","_links":{"self":[{"href":"https:\/\/www.speedcube.nl\/de\/wp-json\/wp\/v2\/product\/425871","targetHints":{"allow":["GET"]}}],"collection":[{"href":"https:\/\/www.speedcube.nl\/de\/wp-json\/wp\/v2\/product"}],"about":[{"href":"https:\/\/www.speedcube.nl\/de\/wp-json\/wp\/v2\/types\/product"}],"version-history":[{"count":0,"href":"https:\/\/www.speedcube.nl\/de\/wp-json\/wp\/v2\/product\/425871\/revisions"}],"wp:featuredmedia":[{"embeddable":true,"href":"https:\/\/www.speedcube.nl\/de\/wp-json\/wp\/v2\/media\/399735"}],"wp:attachment":[{"href":"https:\/\/www.speedcube.nl\/de\/wp-json\/wp\/v2\/media?parent=425871"}],"wp:term":[{"taxonomy":"product_brand","embeddable":true,"href":"https:\/\/www.speedcube.nl\/de\/wp-json\/wp\/v2\/product_brand?post=425871"},{"taxonomy":"product_cat","embeddable":true,"href":"https:\/\/www.speedcube.nl\/de\/wp-json\/wp\/v2\/product_cat?post=425871"},{"taxonomy":"product_tag","embeddable":true,"href":"https:\/\/www.speedcube.nl\/de\/wp-json\/wp\/v2\/product_tag?post=425871"}],"curies":[{"name":"wp","href":"https:\/\/api.w.org\/{rel}","templated":true}]}}