{"id":425866,"date":"2022-02-17T15:29:20","date_gmt":"2022-02-17T14:29:20","guid":{"rendered":"https:\/\/www.speedcube.nl\/unkategorisiert\/unidragon-reisfelder\/"},"modified":"2026-04-18T05:02:00","modified_gmt":"2026-04-18T03:02:00","slug":"unidragon-reisfelder","status":"publish","type":"product","link":"https:\/\/www.speedcube.nl\/de\/aanbieding-de\/unidragon-reisfelder\/","title":{"rendered":"Unidragon-Reisfelder"},"content":{"rendered":"<p>Die Sonnenstrahlen kommen hinter den H\u00fcgeln hervor und beleuchten die weiten Felder. Wenn man hier auf einem der H\u00fcgel steht, versteht man, wie gro\u00df und vielf\u00e4ltig die Welt ist. Die endlosen Stufen der Reisfelder erstrecken sich in der Ferne. Es gibt kein sichtbares Ende oder eine Kante. Um Sie herum gibt es eine wahre F\u00fclle von Gr\u00fcn. In nur einer halben Stunde verdeckt die Regenwolke den letzten Sonnenstrahl, und die lebensspendende Kraft des Regens f\u00e4llt auf das endlose Meer von Feldern. Der Regen ist hier sehr stark. Wir werden Schutz suchen m\u00fcssen. Genie\u00dfen Sie erst einmal die Aussicht. Atmen Sie die leicht feuchte Luft ein.<\/p>\n<p>Erstellen Sie Schritt f\u00fcr Schritt das perfekte Bild der Reisfelder. Setzen Sie das Puzzle St\u00fcck f\u00fcr St\u00fcck zusammen, und eine wundersch\u00f6ne Landschaft wird vor Ihnen erscheinen. Der orange-blaue Himmel geht irgendwo in der Ferne in goldgelbe H\u00fcgel \u00fcber. Die Vielfalt des Gr\u00fcns ist erstaunlich. Die originell geformten Puzzlest\u00fccke passen perfekt zusammen und lassen sich pr\u00e4zise an ihren Platz legen. Die einzigartige Form der Puzzleteile und die ungleichm\u00e4\u00dfigen Kanten machen das Zusammensetzen sowohl schwierig als auch interessant.<\/p>\n<p>Die Puzzles sind aus 3 mm starkem, gepresstem HDF gefertigt. Dieses Material ist umweltfreundlich, hochwertig und langlebig. Wenn du mit dem Zusammensetzen fertig bist, darfst du das Puzzle nicht zur\u00fcck in den Schrank legen. Verwenden Sie es als Innendekoration! Zu diesem Zweck haben wir ein spezielles Klebesystem entwickelt, das das Puzzle zusammensetzt und an die Wand klebt.<\/p>\n<p>MEDIUM<br \/>\nAnzahl der St\u00fccke: 250<br \/>\nGr\u00f6\u00dfe des Puzzles: 310 x 230 mm<br \/>\nVerpackung: 152 \u0445 202 \u0445 44 mm<\/p>\n","protected":false},"excerpt":{"rendered":"<p>UNIDRAGON<\/p>\n","protected":false},"featured_media":399979,"template":"","meta":{"_improvement_type_select":"improve_an_existing","_thumb_yes_seoaic":false,"_frame_yes_seoaic":false,"seoaic_generate_description":"","seoaic_improve_instructions_prompt":"","seoaic_rollback_content_improvement":"","seoaic_idea_thumbnail_generator":"","thumbnail_generated":false,"thumbnail_generate_prompt":"","seoaic_article_description":"","product-afmeting-lengte-mm":"","product-afmeting-breedte-mm":"","product-afmeting-hoogte-mm":""},"product_brand":[],"product_cat":[1613,1624,2558],"product_tag":[],"class_list":{"0":"post-425866","1":"product","2":"type-product","3":"status-publish","4":"has-post-thumbnail","6":"product_cat-ratsel-de","7":"product_cat-unidragon-de","8":"product_cat-aanbieding-de","9":"pa_merken-unidragon-de","11":"first","12":"outofstock","13":"sale","14":"taxable","15":"shipping-taxable","16":"purchasable","17":"product-type-simple"},"df_price":15,"df_sale_price":15,"df_regular_price":29.99,"df_image_link":"https:\/\/www.speedcube.nl\/wp-content\/uploads\/2023\/06\/Productvisuals_Puzzels-UNIDRAGON-Rice-Fields-1-285x300.jpg","_links":{"self":[{"href":"https:\/\/www.speedcube.nl\/de\/wp-json\/wp\/v2\/product\/425866","targetHints":{"allow":["GET"]}}],"collection":[{"href":"https:\/\/www.speedcube.nl\/de\/wp-json\/wp\/v2\/product"}],"about":[{"href":"https:\/\/www.speedcube.nl\/de\/wp-json\/wp\/v2\/types\/product"}],"version-history":[{"count":0,"href":"https:\/\/www.speedcube.nl\/de\/wp-json\/wp\/v2\/product\/425866\/revisions"}],"wp:featuredmedia":[{"embeddable":true,"href":"https:\/\/www.speedcube.nl\/de\/wp-json\/wp\/v2\/media\/399979"}],"wp:attachment":[{"href":"https:\/\/www.speedcube.nl\/de\/wp-json\/wp\/v2\/media?parent=425866"}],"wp:term":[{"taxonomy":"product_brand","embeddable":true,"href":"https:\/\/www.speedcube.nl\/de\/wp-json\/wp\/v2\/product_brand?post=425866"},{"taxonomy":"product_cat","embeddable":true,"href":"https:\/\/www.speedcube.nl\/de\/wp-json\/wp\/v2\/product_cat?post=425866"},{"taxonomy":"product_tag","embeddable":true,"href":"https:\/\/www.speedcube.nl\/de\/wp-json\/wp\/v2\/product_tag?post=425866"}],"curies":[{"name":"wp","href":"https:\/\/api.w.org\/{rel}","templated":true}]}}