{"id":425859,"date":"2022-02-18T10:00:08","date_gmt":"2022-02-18T09:00:08","guid":{"rendered":"https:\/\/www.speedcube.nl\/unkategorisiert\/ein-drachen-mandala-unerschoepflicher-reichtum\/"},"modified":"2026-05-13T05:14:02","modified_gmt":"2026-05-13T03:14:02","slug":"ein-drachen-mandala-unerschoepflicher-reichtum","status":"publish","type":"product","link":"https:\/\/www.speedcube.nl\/de\/ratsel-de\/sammlung\/ein-drachen-mandala-unerschoepflicher-reichtum\/","title":{"rendered":"Ein-Drachen-Mandala Unersch\u00f6pflicher Reichtum"},"content":{"rendered":"<p>Ihre Tr\u00e4ume k\u00f6nnten wahr werden. Das Mandala &#8222;Unersch\u00f6pflicher Reichtum&#8220; hilft Ihnen, sich auf die Dinge zu konzentrieren, die Ihnen wichtig sind, w\u00e4hrend Sie r\u00e4tseln. Die Dinge, die Sie sich w\u00fcnschen, kommen Ihnen mit jeder Minute, die Sie in diese Art der Achtsamkeit investieren, n\u00e4her.<\/p>\n<p>Wir haben dieses Mandala geschaffen, um Ihnen zu helfen, zu wachsen, sich zu verbessern und erfolgreich zu sein. Lassen Sie sich von der Bedeutung des R\u00e4tselns anstecken. Es ist nicht nur atemberaubend, sondern auch Minuten\/Stunden f\u00fcr Sie selbst und Ihre innere Welt. Puzzeln Sie das &#8222;Mandala der unersch\u00f6pflichen F\u00fclle&#8220;, und wenn Sie das letzte Teil an die richtige Stelle setzen, bringt es Harmonie und Achtsamkeit in Ihr Leben.<\/p>\n<p>Die Puzzles sind aus 3 mm starkem, gepresstem HDF gefertigt. Dieses Material ist umweltfreundlich, hochwertig und langlebig. Wenn du mit dem Zusammensetzen fertig bist, darfst du das Puzzle nicht zur\u00fcck in den Schrank legen. Verwenden Sie es als Innendekoration! Zu diesem Zweck haben wir ein spezielles Klebesystem entwickelt, das das Puzzle zusammensetzt und an die Wand klebt.<\/p>\n<p>MEDIUM<br \/>\nAnzahl der St\u00fccke: 200<br \/>\nGr\u00f6\u00dfe des Puzzles: 250 x 250 mm<br \/>\nVerpackung: 159 x 159 x 43 mm<\/p>\n<p>KING SIZE<br \/>\nAnzahl der St\u00fccke: 350<br \/>\nGr\u00f6\u00dfe des Puzzles: 330 x 330 mm<br \/>\nVerpackung: 199 x 199 \u0445 53 mm<\/p>\n<p>K\u00d6NIGLICHE GR\u00d6SSE<br \/>\nAnzahl der St\u00fccke: 700<br \/>\nGr\u00f6\u00dfe des Puzzles: 450 x 450 mm<br \/>\nVerpackung: 242 x 242 \u0445 53 mm<\/p>\n","protected":false},"excerpt":{"rendered":"<p>UNIDRAGON<\/p>\n","protected":false},"featured_media":400191,"template":"","meta":{"_improvement_type_select":"improve_an_existing","_thumb_yes_seoaic":false,"_frame_yes_seoaic":false,"seoaic_generate_description":"","seoaic_improve_instructions_prompt":"","seoaic_rollback_content_improvement":"","seoaic_idea_thumbnail_generator":"","thumbnail_generated":false,"thumbnail_generate_prompt":"","seoaic_article_description":"","product-afmeting-lengte-mm":"","product-afmeting-breedte-mm":"","product-afmeting-hoogte-mm":""},"product_brand":[],"product_cat":[1621,1618,1620,2228,1616,2109,1613,2418,1624],"product_tag":[],"class_list":{"0":"post-425859","1":"product","2":"type-product","3":"status-publish","4":"has-post-thumbnail","6":"product_cat-besondere-ratsel","7":"product_cat-holzerne-puzzles","8":"product_cat-jigsaw-puzzles","9":"product_cat-mandala-puzzle","10":"product_cat-puzzle-0-499-teile","11":"product_cat-puzzle-500-999-teile","12":"product_cat-ratsel-de","13":"product_cat-sammlung","14":"product_cat-unidragon-de","15":"pa_merken-unidragon-de","17":"first","18":"outofstock","19":"sale","20":"taxable","21":"shipping-taxable","22":"purchasable","23":"product-type-variable"},"df_price":24.98,"df_sale_price":"","df_regular_price":24.98,"df_image_link":"https:\/\/www.speedcube.nl\/wp-content\/uploads\/2023\/06\/Productvisuals_Puzzels-Mandala-Inexhaustible-Abundance-1-285x300.jpg","_links":{"self":[{"href":"https:\/\/www.speedcube.nl\/de\/wp-json\/wp\/v2\/product\/425859","targetHints":{"allow":["GET"]}}],"collection":[{"href":"https:\/\/www.speedcube.nl\/de\/wp-json\/wp\/v2\/product"}],"about":[{"href":"https:\/\/www.speedcube.nl\/de\/wp-json\/wp\/v2\/types\/product"}],"version-history":[{"count":0,"href":"https:\/\/www.speedcube.nl\/de\/wp-json\/wp\/v2\/product\/425859\/revisions"}],"wp:featuredmedia":[{"embeddable":true,"href":"https:\/\/www.speedcube.nl\/de\/wp-json\/wp\/v2\/media\/400191"}],"wp:attachment":[{"href":"https:\/\/www.speedcube.nl\/de\/wp-json\/wp\/v2\/media?parent=425859"}],"wp:term":[{"taxonomy":"product_brand","embeddable":true,"href":"https:\/\/www.speedcube.nl\/de\/wp-json\/wp\/v2\/product_brand?post=425859"},{"taxonomy":"product_cat","embeddable":true,"href":"https:\/\/www.speedcube.nl\/de\/wp-json\/wp\/v2\/product_cat?post=425859"},{"taxonomy":"product_tag","embeddable":true,"href":"https:\/\/www.speedcube.nl\/de\/wp-json\/wp\/v2\/product_tag?post=425859"}],"curies":[{"name":"wp","href":"https:\/\/api.w.org\/{rel}","templated":true}]}}