{"id":425836,"date":"2022-02-23T19:06:07","date_gmt":"2022-02-23T18:06:07","guid":{"rendered":"https:\/\/www.speedcube.nl\/unkategorisiert\/unidragon-shining-fish\/"},"modified":"2026-05-04T05:19:10","modified_gmt":"2026-05-04T03:19:10","slug":"unidragon-shining-fish","status":"publish","type":"product","link":"https:\/\/www.speedcube.nl\/de\/ratsel-de\/unidragon-de\/unidragon-shining-fish\/","title":{"rendered":"Unidragon Shining Fish"},"content":{"rendered":"<p>Haben Sie schon einmal getaucht? Und haben Sie die leuchtenden Farben und ungew\u00f6hnlichen Bewohner des Korallenriffs gesehen &#8211; und die lustigen Fische und Anemonen? Wie versteckt sich ein Oktopus? Oder versteckt er sich nicht? Das neue Unidragon-Puzzle &#8222;Shiny Fish&#8220; nimmt dich mit auf eine spannende Reise auf den Grund des Meeres.<\/p>\n<div>Die kr\u00e4ftigen Farben und ungew\u00f6hnlichen Muster auf den Fischschuppen wurden speziell von unserem Illustrator entworfen. Das Zusammensetzen dieses Puzzles wird ein spannendes Spiel, bei dem du die Unterwasserwelt immer besser kennen lernst. Jedes Puzzlest\u00fcck ist einzigartig. Sie k\u00f6nnen einen Oktopus, einen Delfin, eine Schildkr\u00f6te und andere Unterwasserlebewesen anfassen. Du wirst zum Besitzer eines echten Dreizacks und triffst die kleine Meerjungfrau. Um diese nautische Geschichte zu vervollst\u00e4ndigen, werden Sie Wellen, Korallen und vieles mehr sehen. Die Tradition besteht darin, dass die Form des vollst\u00e4ndigen Puzzles das Zusammensetzen zu einer komplizierten Aufgabe macht.<\/div>\n<p>Die Puzzles sind aus 3 mm starkem, gepresstem HDF gefertigt. Dieses Material ist umweltfreundlich, hochwertig und langlebig. Wenn du mit dem Zusammensetzen fertig bist, darfst du das Puzzle nicht zur\u00fcck in den Schrank legen. Verwenden Sie es als Innendekoration! Zu diesem Zweck haben wir ein spezielles Klebesystem entwickelt, das das Puzzle zusammensetzt und an die Wand klebt.<\/p>\n<p>KLEIN<br \/>\nAnzahl der St\u00fccke: 106<br \/>\nGr\u00f6\u00dfe des Puzzles: 230 x 180 mm<br \/>\nVerpackung: 122 \u0445 182 \u0445 38 mm<\/p>\n<p>MEDIUM<br \/>\nAnzahl der St\u00fccke: 196<br \/>\nGr\u00f6\u00dfe des Puzzles: 320 x 240 mm<br \/>\nVerpackung: 152 \u0445 202 \u0445 44 mm<\/p>\n<p>KING SIZE<br \/>\nAnzahl der St\u00fccke: 331<br \/>\nGr\u00f6\u00dfe des Puzzles: 400 x 310 mm<br \/>\nVerpackung: 174 \u0445 232 \u0445 44 mm<\/p>\n","protected":false},"excerpt":{"rendered":"<p>UNIDRAGON<\/p>\n","protected":false},"featured_media":398485,"template":"","meta":{"_improvement_type_select":"improve_an_existing","_thumb_yes_seoaic":false,"_frame_yes_seoaic":false,"seoaic_generate_description":"","seoaic_improve_instructions_prompt":"","seoaic_rollback_content_improvement":"","seoaic_idea_thumbnail_generator":"","thumbnail_generated":false,"thumbnail_generate_prompt":"","seoaic_article_description":"","product-afmeting-lengte-mm":"","product-afmeting-breedte-mm":"","product-afmeting-hoogte-mm":""},"product_brand":[],"product_cat":[1621,1618,1620,1616,1613,1623,1622,1624],"product_tag":[],"class_list":{"0":"post-425836","1":"product","2":"type-product","3":"status-publish","4":"has-post-thumbnail","6":"product_cat-besondere-ratsel","7":"product_cat-holzerne-puzzles","8":"product_cat-jigsaw-puzzles","9":"product_cat-puzzle-0-499-teile","10":"product_cat-ratsel-de","11":"product_cat-puzzles-fur-kinder","12":"product_cat-tier-puzzles","13":"product_cat-unidragon-de","14":"pa_merken-unidragon-de","16":"first","17":"outofstock","18":"sale","19":"taxable","20":"shipping-taxable","21":"purchasable","22":"product-type-variable"},"df_price":7.5,"df_sale_price":"","df_regular_price":7.5,"df_image_link":"https:\/\/www.speedcube.nl\/wp-content\/uploads\/2023\/06\/Productvisuals_Puzzels-UNIDRAGON-Shining-Fish-1-285x300.jpg","_links":{"self":[{"href":"https:\/\/www.speedcube.nl\/de\/wp-json\/wp\/v2\/product\/425836","targetHints":{"allow":["GET"]}}],"collection":[{"href":"https:\/\/www.speedcube.nl\/de\/wp-json\/wp\/v2\/product"}],"about":[{"href":"https:\/\/www.speedcube.nl\/de\/wp-json\/wp\/v2\/types\/product"}],"version-history":[{"count":0,"href":"https:\/\/www.speedcube.nl\/de\/wp-json\/wp\/v2\/product\/425836\/revisions"}],"wp:featuredmedia":[{"embeddable":true,"href":"https:\/\/www.speedcube.nl\/de\/wp-json\/wp\/v2\/media\/398485"}],"wp:attachment":[{"href":"https:\/\/www.speedcube.nl\/de\/wp-json\/wp\/v2\/media?parent=425836"}],"wp:term":[{"taxonomy":"product_brand","embeddable":true,"href":"https:\/\/www.speedcube.nl\/de\/wp-json\/wp\/v2\/product_brand?post=425836"},{"taxonomy":"product_cat","embeddable":true,"href":"https:\/\/www.speedcube.nl\/de\/wp-json\/wp\/v2\/product_cat?post=425836"},{"taxonomy":"product_tag","embeddable":true,"href":"https:\/\/www.speedcube.nl\/de\/wp-json\/wp\/v2\/product_tag?post=425836"}],"curies":[{"name":"wp","href":"https:\/\/api.w.org\/{rel}","templated":true}]}}