{"id":425832,"date":"2022-02-23T16:26:18","date_gmt":"2022-02-23T15:26:18","guid":{"rendered":"https:\/\/www.speedcube.nl\/unkategorisiert\/unidragon-mysterioeser-loewe\/"},"modified":"2026-05-12T05:04:12","modified_gmt":"2026-05-12T03:04:12","slug":"unidragon-mysterioeser-loewe","status":"publish","type":"product","link":"https:\/\/www.speedcube.nl\/de\/ratsel-de\/unidragon-de\/unidragon-mysterioeser-loewe\/","title":{"rendered":"Unidragon Mysteri\u00f6ser L\u00f6we"},"content":{"rendered":"<p>Die riesige rote Sonne senkt sich langsam \u00fcber die hei\u00dfe Erde. Dies ist sein Reich, von diesem Felsen bis zum Horizont. Er ist hier der K\u00f6nig. Schauen Sie nur in seine Augen, sie sind wie geschmolzenes Gold. In seinen Augen liegt so viel Weisheit und Wissen. St\u00e4rke und Macht sind seine Begleiter. Denn das \u00dcberleben in der afrikanischen Savanne ist nicht einfach.<\/p>\n<p>Er ist der K\u00f6nig der Tiere, der geheimnisvolle L\u00f6we. Seine Aufgabe ist es, den Kreislauf des Lebens aufrechtzuerhalten. Bei Sonnenuntergang beginnt das Leben in diesen rauen Gegenden gerade erst. L\u00f6winnen gehen auf die Jagd, Hy\u00e4nen lachen in der Ferne, scheue Antilopen laufen lange. Gehen Sie langsam auf ein badendes Nashorn zu, vor dem sogar ein verstecktes Krokodil Angst hat. Hier leben treue Freunde von Erdm\u00e4nnchen und Nerz und sie alle leben in Hakuna Matata. Das Holzpuzzle Mysteri\u00f6ser L\u00f6we ist vom Geist Afrikas erf\u00fcllt. Ornamente in der M\u00e4hne eines L\u00f6wen, einheimische Masken, geheimnisvolle Symbole, holzige Aromen. Und nat\u00fcrlich die Tiere und V\u00f6gel selbst. Das Zusammensetzen des Puzzles wird zu einer aufregenden Reise zu diesem hei\u00dfen Kontinent.<\/p>\n<p>Die Puzzles sind aus 3 mm starkem, gepresstem HDF gefertigt. Dieses Material ist umweltfreundlich, hochwertig und langlebig. Wenn du mit dem Zusammensetzen fertig bist, darfst du das Puzzle nicht zur\u00fcck in den Schrank legen. Verwenden Sie es als Innendekoration! Zu diesem Zweck haben wir ein spezielles Klebesystem entwickelt, das das Puzzle zusammensetzt und an die Wand klebt.<\/p>\n<p>KLEIN<br \/>\nAnzahl der St\u00fccke: 106<br \/>\nGr\u00f6\u00dfe des Puzzles: 190 x 240 mm<br \/>\nVerpackung: 122 \u0445 182 \u0445 38 mm<\/p>\n<p>MEDIUM<br \/>\nAnzahl der St\u00fccke: 192<br \/>\nGr\u00f6\u00dfe des Puzzles: 240 x 310 mm<br \/>\nVerpackung: 152 \u0445 202 \u0445 44 mm<\/p>\n","protected":false},"excerpt":{"rendered":"<p>UNIDRAGON<\/p>\n","protected":false},"featured_media":398783,"template":"","meta":{"_improvement_type_select":"improve_an_existing","_thumb_yes_seoaic":false,"_frame_yes_seoaic":false,"seoaic_generate_description":"","seoaic_improve_instructions_prompt":"","seoaic_rollback_content_improvement":"","seoaic_idea_thumbnail_generator":"","thumbnail_generated":false,"thumbnail_generate_prompt":"","seoaic_article_description":"","product-afmeting-lengte-mm":"","product-afmeting-breedte-mm":"","product-afmeting-hoogte-mm":""},"product_brand":[],"product_cat":[1621,1618,1620,1616,1613,1623,1622,1624],"product_tag":[],"class_list":{"0":"post-425832","1":"product","2":"type-product","3":"status-publish","4":"has-post-thumbnail","6":"product_cat-besondere-ratsel","7":"product_cat-holzerne-puzzles","8":"product_cat-jigsaw-puzzles","9":"product_cat-puzzle-0-499-teile","10":"product_cat-ratsel-de","11":"product_cat-puzzles-fur-kinder","12":"product_cat-tier-puzzles","13":"product_cat-unidragon-de","14":"pa_merken-unidragon-de","16":"first","17":"outofstock","18":"sale","19":"taxable","20":"shipping-taxable","21":"purchasable","22":"product-type-variable"},"df_price":7.5,"df_sale_price":"","df_regular_price":7.5,"df_image_link":"https:\/\/www.speedcube.nl\/wp-content\/uploads\/2023\/06\/Productvisuals_Puzzels-UNIDRAGON-Mysterious-Lion-1-285x300.jpg","_links":{"self":[{"href":"https:\/\/www.speedcube.nl\/de\/wp-json\/wp\/v2\/product\/425832","targetHints":{"allow":["GET"]}}],"collection":[{"href":"https:\/\/www.speedcube.nl\/de\/wp-json\/wp\/v2\/product"}],"about":[{"href":"https:\/\/www.speedcube.nl\/de\/wp-json\/wp\/v2\/types\/product"}],"version-history":[{"count":0,"href":"https:\/\/www.speedcube.nl\/de\/wp-json\/wp\/v2\/product\/425832\/revisions"}],"wp:featuredmedia":[{"embeddable":true,"href":"https:\/\/www.speedcube.nl\/de\/wp-json\/wp\/v2\/media\/398783"}],"wp:attachment":[{"href":"https:\/\/www.speedcube.nl\/de\/wp-json\/wp\/v2\/media?parent=425832"}],"wp:term":[{"taxonomy":"product_brand","embeddable":true,"href":"https:\/\/www.speedcube.nl\/de\/wp-json\/wp\/v2\/product_brand?post=425832"},{"taxonomy":"product_cat","embeddable":true,"href":"https:\/\/www.speedcube.nl\/de\/wp-json\/wp\/v2\/product_cat?post=425832"},{"taxonomy":"product_tag","embeddable":true,"href":"https:\/\/www.speedcube.nl\/de\/wp-json\/wp\/v2\/product_tag?post=425832"}],"curies":[{"name":"wp","href":"https:\/\/api.w.org\/{rel}","templated":true}]}}