{"id":425820,"date":"2022-02-18T10:54:48","date_gmt":"2022-02-18T09:54:48","guid":{"rendered":"https:\/\/www.speedcube.nl\/unkategorisiert\/ein-drachen-dino-diplodocus\/"},"modified":"2026-04-03T05:05:00","modified_gmt":"2026-04-03T03:05:00","slug":"ein-drachen-dino-diplodocus","status":"publish","type":"product","link":"https:\/\/www.speedcube.nl\/de\/aanbieding-de\/ein-drachen-dino-diplodocus\/","title":{"rendered":"Ein-Drachen-Dino-Diplodocus"},"content":{"rendered":"<p>Die alte unbekannte Welt der Jurazeit. Sie hat ihre eigenen Gesetze des Lebens. Hier werden Sie nicht die \u00fcblichen Pflanzen und Tiere sehen. Dinosaurier beherrschen diese Welt. Diplodocus ist kaum zu \u00fcbersehen: M\u00e4chtige Giganten bahnen sich langsam ihren Weg durch das Dickicht uralter Pflanzen auf der Suche nach den schmackhaftesten Bl\u00e4ttern. Sein langer Hals erhebt sich hoch \u00fcber dem Boden und bietet fantastische Ausblicke auf die umliegende Landschaft. F\u00fcr ein Raubtier ist es nicht so einfach, an einen Diplodocus heranzukommen. Riesige Beine und ein kr\u00e4ftiger Schwanz sch\u00fctzen die friedliche Echse vor Angriffen.<\/p>\n<p>Es ist an der Zeit, einen Blick in die ferne Vergangenheit zu werfen und die alten Riesendinosaurier zu treffen. 100 einzigartige Teile erwarten dich, darunter viele Figuren der unterschiedlichsten Dinosaurier. Sammeln Sie, forschen Sie, studieren Sie und tauchen Sie ein in die interessanteste Zeit des Lebens auf unserem Planeten.<\/p>\n<p>Was ist sonst noch in dem Puzzleset enthalten?<br \/>\nEin \u00e4u\u00dferer Rahmen, der separat vom Puzzle entfernt werden kann. Auf diese Weise ist es viel einfacher, ein Bild zu sammeln. Montagesystem bestehend aus einer transparenten Selbstklebefolie und einem Selbstklebepad. Befestigen Sie das zusammengesetzte Puzzle einfach an der Wand, z. B. im Kinderzimmer. Ein loses Brett mit einem praktischen Lineal und Teilen f\u00fcr den Zusammenbau eines 3D-Dinosauriermodells. Ein echter h\u00f6lzerner Diplodocus steht auf einem Regal in deinem Haus!<\/p>\n<p>SPEZIFIKATIONEN:<br \/>\nAnzahl der St\u00fccke: 100<br \/>\nGr\u00f6\u00dfe des Puzzles: 189 x 267 mm<br \/>\nVerpackung: 191 x 269 x 8 mm<\/p>\n<p>&nbsp;<\/p>\n","protected":false},"excerpt":{"rendered":"<p>UNIDRAGON<\/p>\n","protected":false},"featured_media":400309,"template":"","meta":{"_improvement_type_select":"improve_an_existing","_thumb_yes_seoaic":false,"_frame_yes_seoaic":false,"seoaic_generate_description":"","seoaic_improve_instructions_prompt":"","seoaic_rollback_content_improvement":"","seoaic_idea_thumbnail_generator":"","thumbnail_generated":false,"thumbnail_generate_prompt":"","seoaic_article_description":"","product-afmeting-lengte-mm":"","product-afmeting-breedte-mm":"","product-afmeting-hoogte-mm":""},"product_brand":[],"product_cat":[1613,1624,2558],"product_tag":[],"class_list":{"0":"post-425820","1":"product","2":"type-product","3":"status-publish","4":"has-post-thumbnail","6":"product_cat-ratsel-de","7":"product_cat-unidragon-de","8":"product_cat-aanbieding-de","9":"pa_merken-unidragon-de","11":"first","12":"instock","13":"sale","14":"taxable","15":"shipping-taxable","16":"purchasable","17":"product-type-simple"},"df_price":9.98,"df_sale_price":9.98,"df_regular_price":19.95,"df_image_link":"https:\/\/www.speedcube.nl\/wp-content\/uploads\/2023\/06\/Productvisuals_Puzzels-UNIDRAGON-Dino-Diplodocus-1-285x300.jpg","_links":{"self":[{"href":"https:\/\/www.speedcube.nl\/de\/wp-json\/wp\/v2\/product\/425820","targetHints":{"allow":["GET"]}}],"collection":[{"href":"https:\/\/www.speedcube.nl\/de\/wp-json\/wp\/v2\/product"}],"about":[{"href":"https:\/\/www.speedcube.nl\/de\/wp-json\/wp\/v2\/types\/product"}],"version-history":[{"count":0,"href":"https:\/\/www.speedcube.nl\/de\/wp-json\/wp\/v2\/product\/425820\/revisions"}],"wp:featuredmedia":[{"embeddable":true,"href":"https:\/\/www.speedcube.nl\/de\/wp-json\/wp\/v2\/media\/400309"}],"wp:attachment":[{"href":"https:\/\/www.speedcube.nl\/de\/wp-json\/wp\/v2\/media?parent=425820"}],"wp:term":[{"taxonomy":"product_brand","embeddable":true,"href":"https:\/\/www.speedcube.nl\/de\/wp-json\/wp\/v2\/product_brand?post=425820"},{"taxonomy":"product_cat","embeddable":true,"href":"https:\/\/www.speedcube.nl\/de\/wp-json\/wp\/v2\/product_cat?post=425820"},{"taxonomy":"product_tag","embeddable":true,"href":"https:\/\/www.speedcube.nl\/de\/wp-json\/wp\/v2\/product_tag?post=425820"}],"curies":[{"name":"wp","href":"https:\/\/api.w.org\/{rel}","templated":true}]}}