{"id":425803,"date":"2022-02-23T18:55:35","date_gmt":"2022-02-23T17:55:35","guid":{"rendered":"https:\/\/www.speedcube.nl\/unkategorisiert\/unidragon-majestaetischer-wolf\/"},"modified":"2026-04-24T05:04:20","modified_gmt":"2026-04-24T03:04:20","slug":"unidragon-majestaetischer-wolf","status":"publish","type":"product","link":"https:\/\/www.speedcube.nl\/de\/ratsel-de\/unidragon-de\/unidragon-majestaetischer-wolf\/","title":{"rendered":"Unidragon Majest\u00e4tischer Wolf"},"content":{"rendered":"<p>Das silberne Licht des Mondes flackert und dringt durch die offenen, wandernden Wolken. Der Vollmond schaut mit seinem sanften Gesicht auf die Erde herab. Stille liegt in der Luft. Der majest\u00e4tische Wolf sitzt auf dem H\u00fcgel. Sein Fell reflektiert ein mystisches Licht. Seine gelben Augen blicken nach oben, und seine empfindlichen Ohren registrieren jedes Ger\u00e4usch. Er wei\u00df, dass sein Rudel hier ist. Der Anf\u00fchrer wirft seinen Kopf in die Luft und verst\u00e4rkt sein Heulen. Die Stimmen der Meute rollen auf ihn zu. Ein beeindruckendes, eisiges Ger\u00e4usch h\u00fcllte alles um ihn herum ein. Die Nacht ist die Zeit, in der man weint und jagt.<\/p>\n<p>Die Gr\u00f6\u00dfe des Wolfes beruht auf seiner Gerissenheit und Wildheit. Sogar der B\u00e4r weicht vor ihm zur\u00fcck, wenn er seine Pfotenabdr\u00fccke sieht. F\u00fcr einen B\u00e4ren oder ein Reh gibt es keine Rettung; der Anf\u00fchrer wird seine Familie zur Beute f\u00fchren. Wenn der Morgen anbricht, wird das Rudel gef\u00fcttert sein, damit es am Leben bleibt. Der Tag ist die Zeit f\u00fcr Ruhe und Spiel. Sie k\u00f6nnen mit ihren Br\u00fcdern Spa\u00df haben und eine fliegende Motte beobachten.<\/p>\n<p>Die Puzzles sind aus 3 mm starkem, gepresstem HDF gefertigt. Dieses Material ist umweltfreundlich, hochwertig und langlebig. Wenn du mit dem Zusammensetzen fertig bist, darfst du das Puzzle nicht zur\u00fcck in den Schrank legen. Verwenden Sie es als Innendekoration! Zu diesem Zweck haben wir ein spezielles Klebesystem entwickelt, das das Puzzle zusammensetzt und an die Wand klebt.<\/p>\n<p>KLEIN<br \/>\nAnzahl der St\u00fccke: 99<br \/>\nGr\u00f6\u00dfe des Puzzles: 170 x 240 mm<br \/>\nVerpackung: 122 \u0445 182 \u0445 38 mm<\/p>\n<p>MEDIUM<br \/>\nAnzahl der St\u00fccke: 185<br \/>\nGr\u00f6\u00dfe des Puzzles: 240 x 330 mm<br \/>\nVerpackung: 152 \u0445 202 \u0445 44 mm<\/p>\n","protected":false},"excerpt":{"rendered":"<p>UNIDRAGON<\/p>\n","protected":false},"featured_media":398927,"template":"","meta":{"_improvement_type_select":"improve_an_existing","_thumb_yes_seoaic":false,"_frame_yes_seoaic":false,"seoaic_generate_description":"","seoaic_improve_instructions_prompt":"","seoaic_rollback_content_improvement":"","seoaic_idea_thumbnail_generator":"","thumbnail_generated":false,"thumbnail_generate_prompt":"","seoaic_article_description":"","product-afmeting-lengte-mm":"","product-afmeting-breedte-mm":"","product-afmeting-hoogte-mm":""},"product_brand":[],"product_cat":[1621,1618,1620,1616,1613,1623,1622,1624],"product_tag":[],"class_list":{"0":"post-425803","1":"product","2":"type-product","3":"status-publish","4":"has-post-thumbnail","6":"product_cat-besondere-ratsel","7":"product_cat-holzerne-puzzles","8":"product_cat-jigsaw-puzzles","9":"product_cat-puzzle-0-499-teile","10":"product_cat-ratsel-de","11":"product_cat-puzzles-fur-kinder","12":"product_cat-tier-puzzles","13":"product_cat-unidragon-de","14":"pa_merken-unidragon-de","16":"first","17":"outofstock","18":"sale","19":"taxable","20":"shipping-taxable","21":"purchasable","22":"product-type-variable"},"df_price":15,"df_sale_price":"","df_regular_price":15,"df_image_link":"https:\/\/www.speedcube.nl\/wp-content\/uploads\/2023\/06\/Productvisuals_Puzzels-UNIDRAGON-Majestic-Wolf-1-285x300.jpg","_links":{"self":[{"href":"https:\/\/www.speedcube.nl\/de\/wp-json\/wp\/v2\/product\/425803","targetHints":{"allow":["GET"]}}],"collection":[{"href":"https:\/\/www.speedcube.nl\/de\/wp-json\/wp\/v2\/product"}],"about":[{"href":"https:\/\/www.speedcube.nl\/de\/wp-json\/wp\/v2\/types\/product"}],"version-history":[{"count":0,"href":"https:\/\/www.speedcube.nl\/de\/wp-json\/wp\/v2\/product\/425803\/revisions"}],"wp:featuredmedia":[{"embeddable":true,"href":"https:\/\/www.speedcube.nl\/de\/wp-json\/wp\/v2\/media\/398927"}],"wp:attachment":[{"href":"https:\/\/www.speedcube.nl\/de\/wp-json\/wp\/v2\/media?parent=425803"}],"wp:term":[{"taxonomy":"product_brand","embeddable":true,"href":"https:\/\/www.speedcube.nl\/de\/wp-json\/wp\/v2\/product_brand?post=425803"},{"taxonomy":"product_cat","embeddable":true,"href":"https:\/\/www.speedcube.nl\/de\/wp-json\/wp\/v2\/product_cat?post=425803"},{"taxonomy":"product_tag","embeddable":true,"href":"https:\/\/www.speedcube.nl\/de\/wp-json\/wp\/v2\/product_tag?post=425803"}],"curies":[{"name":"wp","href":"https:\/\/api.w.org\/{rel}","templated":true}]}}