{"id":425785,"date":"2022-02-23T10:00:09","date_gmt":"2022-02-23T09:00:09","guid":{"rendered":"https:\/\/www.speedcube.nl\/unkategorisiert\/unidragon-intergalaxy-schmetterling\/"},"modified":"2026-05-13T05:14:02","modified_gmt":"2026-05-13T03:14:02","slug":"unidragon-intergalaxy-schmetterling","status":"publish","type":"product","link":"https:\/\/www.speedcube.nl\/de\/ratsel-de\/unidragon-de\/unidragon-intergalaxy-schmetterling\/","title":{"rendered":"Unidragon Intergalaxy Schmetterling"},"content":{"rendered":"<p>Manchmal muss man innehalten und die Welt um sich herum wahrnehmen: das gr\u00fcne Gras, die bunten Blumen, das intensive Universum. Halten Sie einen Moment inne und betrachten Sie einen gefiederten Schmetterling. Seine blassen Fl\u00fcgel scheinen mit Sternen bedeckt zu sein. Sie schimmern und glitzern in der Sonne. In der Reflexion deiner Augen siehst du die ganze Welt. Jeder Schmetterling hat seinen eigenen Tanz: den Tanz des neuen Lebens, der Ver\u00e4nderung und der Transformation.<\/p>\n<p>Wir geh\u00f6ren alle zu demselben Universum, obwohl unsere Welten so unterschiedlich sind. Das Leben eines Schmetterlings ist ein kurzer Tanz von der Knospe bis zur Bl\u00fcte und von der Bl\u00fcte bis zur Frucht, nach dem die n\u00e4chste Generation bereits bereit ist. Unsere Welt ist viel gr\u00f6\u00dfer: Wir sehen wundersch\u00f6ne V\u00f6gel, beeindruckende Tiere, wir waren im Weltraum und entdecken neue Welten. Ein einzelner Mensch kann die Welt ver\u00e4ndern, also lasst uns daf\u00fcr sorgen, dass wir etwas Sch\u00f6nes daraus machen. Das R\u00e4tsel Intergalactic Butterfly ist ein v\u00f6llig neues Universum.<\/p>\n<p>Die Puzzles sind aus 3 mm starkem, gepresstem HDF gefertigt. Dieses Material ist umweltfreundlich, hochwertig und langlebig. Wenn du mit dem Zusammensetzen fertig bist, darfst du das Puzzle nicht zur\u00fcck in den Schrank legen. Verwenden Sie es als Innendekoration! Zu diesem Zweck haben wir ein spezielles Klebesystem entwickelt, das das Puzzle zusammensetzt und an die Wand klebt.<\/p>\n<p>KLEIN<br \/>\nAnzahl der St\u00fccke: 108<br \/>\nGr\u00f6\u00dfe des Puzzles: 230 x 170 mm<br \/>\nVerpackung: 122 \u0445 182 \u0445 38 mm<\/p>\n<p>MEDIUM<br \/>\nAnzahl der St\u00fccke: 199<br \/>\nGr\u00f6\u00dfe des Puzzles: 320 x 230 mm<br \/>\nVerpackung: 152 \u0445 202 \u0445 44 mm<\/p>\n<p>KING SIZE<br \/>\nAnzahl der St\u00fccke: 306<br \/>\nGr\u00f6\u00dfe des Puzzles: 410 x 300 mm<br \/>\nVerpackung: 174 \u0445 232 \u0445 44 mm<\/p>\n","protected":false},"excerpt":{"rendered":"<p>UNIDRAGON<\/p>\n","protected":false},"featured_media":399133,"template":"","meta":{"_improvement_type_select":"improve_an_existing","_thumb_yes_seoaic":false,"_frame_yes_seoaic":false,"seoaic_generate_description":"","seoaic_improve_instructions_prompt":"","seoaic_rollback_content_improvement":"","seoaic_idea_thumbnail_generator":"","thumbnail_generated":false,"thumbnail_generate_prompt":"","seoaic_article_description":"","product-afmeting-lengte-mm":"","product-afmeting-breedte-mm":"","product-afmeting-hoogte-mm":""},"product_brand":[],"product_cat":[1621,1618,1620,1616,1613,1623,1622,1624],"product_tag":[],"class_list":{"0":"post-425785","1":"product","2":"type-product","3":"status-publish","4":"has-post-thumbnail","6":"product_cat-besondere-ratsel","7":"product_cat-holzerne-puzzles","8":"product_cat-jigsaw-puzzles","9":"product_cat-puzzle-0-499-teile","10":"product_cat-ratsel-de","11":"product_cat-puzzles-fur-kinder","12":"product_cat-tier-puzzles","13":"product_cat-unidragon-de","14":"pa_merken-unidragon-de","16":"first","17":"outofstock","18":"sale","19":"taxable","20":"shipping-taxable","21":"purchasable","22":"product-type-variable"},"df_price":15,"df_sale_price":"","df_regular_price":15,"df_image_link":"https:\/\/www.speedcube.nl\/wp-content\/uploads\/2023\/06\/Productvisuals_Puzzels-UNIDRAGON-Intergalaxy-Butterfly-1-285x300.jpg","_links":{"self":[{"href":"https:\/\/www.speedcube.nl\/de\/wp-json\/wp\/v2\/product\/425785","targetHints":{"allow":["GET"]}}],"collection":[{"href":"https:\/\/www.speedcube.nl\/de\/wp-json\/wp\/v2\/product"}],"about":[{"href":"https:\/\/www.speedcube.nl\/de\/wp-json\/wp\/v2\/types\/product"}],"version-history":[{"count":0,"href":"https:\/\/www.speedcube.nl\/de\/wp-json\/wp\/v2\/product\/425785\/revisions"}],"wp:featuredmedia":[{"embeddable":true,"href":"https:\/\/www.speedcube.nl\/de\/wp-json\/wp\/v2\/media\/399133"}],"wp:attachment":[{"href":"https:\/\/www.speedcube.nl\/de\/wp-json\/wp\/v2\/media?parent=425785"}],"wp:term":[{"taxonomy":"product_brand","embeddable":true,"href":"https:\/\/www.speedcube.nl\/de\/wp-json\/wp\/v2\/product_brand?post=425785"},{"taxonomy":"product_cat","embeddable":true,"href":"https:\/\/www.speedcube.nl\/de\/wp-json\/wp\/v2\/product_cat?post=425785"},{"taxonomy":"product_tag","embeddable":true,"href":"https:\/\/www.speedcube.nl\/de\/wp-json\/wp\/v2\/product_tag?post=425785"}],"curies":[{"name":"wp","href":"https:\/\/api.w.org\/{rel}","templated":true}]}}