{"id":425781,"date":"2022-03-21T16:31:57","date_gmt":"2022-03-21T15:31:57","guid":{"rendered":"https:\/\/www.speedcube.nl\/unkategorisiert\/robotime-miniaturhaus-holiday-party-time-dg153\/"},"modified":"2026-05-03T05:26:44","modified_gmt":"2026-05-03T03:26:44","slug":"robotime-miniaturhaus-holiday-party-time-dg153","status":"publish","type":"product","link":"https:\/\/www.speedcube.nl\/de\/modellbau\/modellierung-von-miniaturhausern\/robotime-miniaturhaus-holiday-party-time-dg153\/","title":{"rendered":"Robotime Miniaturhaus Holiday Party Time DG153"},"content":{"rendered":"<p>Robotime Holiday Party Time! Der Urlaub beginnt jetzt. Bunte Luftballons, helle Lichter und viele Arten von leckeren Kuchen und Getr\u00e4nken. Es ist eine wirklich lustige Zeit. Genie\u00dfen wir es! Es ist ein Projekt, das Spa\u00df macht, die Langeweile bek\u00e4mpft und Stress abbauen kann. Gleichzeitig werden Sie ermutigt, Ihr eigenes Strandhaus so zu dekorieren, wie es Ihnen gef\u00e4llt.<\/p>\n<p>Dieses niedliche Miniaturhaus am Strand hat einen Ma\u00dfstab von etwa 1:22. Alle Teile werden in separaten Beuteln geliefert, und eine farbenfrohe Schritt-f\u00fcr-Schritt-Anleitung ist im Lieferumfang enthalten, die sehr \u00fcbersichtlich und angenehm zu lesen ist. Alle Materialien in der Verpackung sind umweltfreundlich.<\/p>\n<p>Gewicht: 550 Gramm<br \/>\nMaterial: Holz, Stoff, Papier, Kunststoff, Metall, LED-Licht<br \/>\nAlter: 14+<br \/>\nProduktabmessungen in mm: 180 x 136 x 175<br \/>\nAbmessungen in mm: 290 x 195 x 70<br \/>\nMa\u00dfstab: 1:22<br \/>\nMontagezeit: 11-12 Stunden<\/p>\n","protected":false},"excerpt":{"rendered":"<p>ROBOTIME<\/p>\n","protected":false},"featured_media":400749,"template":"","meta":{"_improvement_type_select":"improve_an_existing","_thumb_yes_seoaic":false,"_frame_yes_seoaic":false,"seoaic_generate_description":"","seoaic_improve_instructions_prompt":"","seoaic_rollback_content_improvement":"","seoaic_idea_thumbnail_generator":"","thumbnail_generated":false,"thumbnail_generate_prompt":"","seoaic_article_description":"","product-afmeting-lengte-mm":"","product-afmeting-breedte-mm":"","product-afmeting-hoogte-mm":""},"product_brand":[],"product_cat":[1617,1500,1636,1499,1638,1619],"product_tag":[],"class_list":{"0":"post-425781","1":"product","2":"type-product","3":"status-publish","4":"has-post-thumbnail","6":"product_cat-baukasten-aus-holz","7":"product_cat-baukasten-fur-erwachsene","8":"product_cat-baukasten-fur-kinder","9":"product_cat-modellbau","10":"product_cat-modellierung-von-miniaturhausern","11":"product_cat-robotime-de","12":"pa_merken-robotime-de","14":"first","15":"outofstock","16":"taxable","17":"shipping-taxable","18":"purchasable","19":"product-type-simple"},"df_price":33.99,"df_sale_price":"","df_regular_price":33.99,"df_image_link":"https:\/\/www.speedcube.nl\/wp-content\/uploads\/2023\/06\/Productvisuals_Modelbouw-Robotime-miniatuur-huisje-Holiday-Party-Time-1-285x300.jpg","_links":{"self":[{"href":"https:\/\/www.speedcube.nl\/de\/wp-json\/wp\/v2\/product\/425781","targetHints":{"allow":["GET"]}}],"collection":[{"href":"https:\/\/www.speedcube.nl\/de\/wp-json\/wp\/v2\/product"}],"about":[{"href":"https:\/\/www.speedcube.nl\/de\/wp-json\/wp\/v2\/types\/product"}],"version-history":[{"count":0,"href":"https:\/\/www.speedcube.nl\/de\/wp-json\/wp\/v2\/product\/425781\/revisions"}],"wp:featuredmedia":[{"embeddable":true,"href":"https:\/\/www.speedcube.nl\/de\/wp-json\/wp\/v2\/media\/400749"}],"wp:attachment":[{"href":"https:\/\/www.speedcube.nl\/de\/wp-json\/wp\/v2\/media?parent=425781"}],"wp:term":[{"taxonomy":"product_brand","embeddable":true,"href":"https:\/\/www.speedcube.nl\/de\/wp-json\/wp\/v2\/product_brand?post=425781"},{"taxonomy":"product_cat","embeddable":true,"href":"https:\/\/www.speedcube.nl\/de\/wp-json\/wp\/v2\/product_cat?post=425781"},{"taxonomy":"product_tag","embeddable":true,"href":"https:\/\/www.speedcube.nl\/de\/wp-json\/wp\/v2\/product_tag?post=425781"}],"curies":[{"name":"wp","href":"https:\/\/api.w.org\/{rel}","templated":true}]}}