{"id":425761,"date":"2022-03-22T11:56:48","date_gmt":"2022-03-22T10:56:48","guid":{"rendered":"https:\/\/www.speedcube.nl\/unkategorisiert\/escapewelt-labyrynth-puzzle\/"},"modified":"2026-05-02T05:00:52","modified_gmt":"2026-05-02T03:00:52","slug":"escapewelt-labyrynth-puzzle","status":"publish","type":"product","link":"https:\/\/www.speedcube.nl\/de\/aanbieding-de\/escapewelt-labyrynth-puzzle\/","title":{"rendered":"Escapewelt Labyrynth Puzzle"},"content":{"rendered":"<div class=\"product__html-top\">\n<p>Labyrinth Puzzle ist eine brandneue Generation von einzigartigen Logik-Brettspielen von EscapeWelt. Wer hat es als Kind nicht geliebt, Puzzles zu l\u00f6sen und sie St\u00fcck f\u00fcr St\u00fcck zusammenzusetzen? Aber die Zeiten haben sich ge\u00e4ndert, und die Welt hat die Tage der langweiligen Puzzles hinter sich gelassen! Deshalb haben wir ein neues R\u00e4tselformat f\u00fcr Sie entwickelt. Das Labyrinth-Puzzle ist die perfekte logische Herausforderung, die komplett aus Naturholz besteht. Jeder Schritt ist eine Herausforderung. Es mag einfach klingen, aber das Zusammensetzen des 40-teiligen Puzzles ist komplizierter als man denkt. Nur die Logik kann Ihnen helfen! Das Labyrinth Puzzle ist vollst\u00e4ndig aus Birkenholz gefertigt und somit ein umweltfreundliches Produkt. Im Durchschnitt braucht eine Person 60-90 Minuten, um das R\u00e4tsel zu l\u00f6sen.<\/p>\n<\/div>\n","protected":false},"excerpt":{"rendered":"<p>escapewelt<\/p>\n","protected":false},"featured_media":400997,"template":"","meta":{"_improvement_type_select":"improve_an_existing","_thumb_yes_seoaic":false,"_frame_yes_seoaic":false,"seoaic_generate_description":"","seoaic_improve_instructions_prompt":"","seoaic_rollback_content_improvement":"","seoaic_idea_thumbnail_generator":"","thumbnail_generated":false,"thumbnail_generate_prompt":"","seoaic_article_description":"","product-afmeting-lengte-mm":"","product-afmeting-breedte-mm":"","product-afmeting-hoogte-mm":""},"product_brand":[],"product_cat":[1227,2558],"product_tag":[],"class_list":{"0":"post-425761","1":"product","2":"type-product","3":"status-publish","4":"has-post-thumbnail","6":"product_cat-knobelaufgaben","7":"product_cat-aanbieding-de","8":"pa_merken-escapewelt-de","10":"first","11":"instock","12":"sale","13":"taxable","14":"shipping-taxable","15":"purchasable","16":"product-type-simple"},"df_price":18.74,"df_sale_price":18.74,"df_regular_price":24.99,"df_image_link":"https:\/\/www.speedcube.nl\/wp-content\/uploads\/2023\/06\/Productvisuals_Breinbrekers-Escapewelt-Labyrynth-Puzzle-1-285x300.jpg","_links":{"self":[{"href":"https:\/\/www.speedcube.nl\/de\/wp-json\/wp\/v2\/product\/425761","targetHints":{"allow":["GET"]}}],"collection":[{"href":"https:\/\/www.speedcube.nl\/de\/wp-json\/wp\/v2\/product"}],"about":[{"href":"https:\/\/www.speedcube.nl\/de\/wp-json\/wp\/v2\/types\/product"}],"version-history":[{"count":0,"href":"https:\/\/www.speedcube.nl\/de\/wp-json\/wp\/v2\/product\/425761\/revisions"}],"wp:featuredmedia":[{"embeddable":true,"href":"https:\/\/www.speedcube.nl\/de\/wp-json\/wp\/v2\/media\/400997"}],"wp:attachment":[{"href":"https:\/\/www.speedcube.nl\/de\/wp-json\/wp\/v2\/media?parent=425761"}],"wp:term":[{"taxonomy":"product_brand","embeddable":true,"href":"https:\/\/www.speedcube.nl\/de\/wp-json\/wp\/v2\/product_brand?post=425761"},{"taxonomy":"product_cat","embeddable":true,"href":"https:\/\/www.speedcube.nl\/de\/wp-json\/wp\/v2\/product_cat?post=425761"},{"taxonomy":"product_tag","embeddable":true,"href":"https:\/\/www.speedcube.nl\/de\/wp-json\/wp\/v2\/product_tag?post=425761"}],"curies":[{"name":"wp","href":"https:\/\/api.w.org\/{rel}","templated":true}]}}