{"id":425750,"date":"2022-03-23T11:19:09","date_gmt":"2022-03-23T10:19:09","guid":{"rendered":"https:\/\/www.speedcube.nl\/unkategorisiert\/escapewelt-orbital-box\/"},"modified":"2026-05-03T05:27:24","modified_gmt":"2026-05-03T03:27:24","slug":"escapewelt-orbital-box","status":"publish","type":"product","link":"https:\/\/www.speedcube.nl\/de\/knobelaufgaben\/holzerne-knobelaufgaben\/escapewelt-orbital-box\/","title":{"rendered":"Escapewelt Orbital Box"},"content":{"rendered":"<p>Orbital Box ist eine v\u00f6llig neue Form des intellektuellen Logikspiels, das die Geschichte und die Szenarien des EscapeWelt Escape Rooms nachahmt. Tauchen Sie ein in die Welt der Kolonialisten und entdecken Sie die Geheimnisse anderer L\u00e4nder. Du musst alle R\u00e4tsel l\u00f6sen, um an das geheime Fach im Inneren zu gelangen. Untersuchen Sie das Fluchtspielzeug genau und achten Sie auf besondere Symbole darauf. Sie helfen dir, die Mechanismen zu verstehen und zu den versteckten R\u00e4umen in den Spielzeugen zu gelangen. Im Durchschnitt braucht eine Person 25-40 Minuten, um das R\u00e4tsel zu l\u00f6sen. Das Spiel ist f\u00fcr bis zu 2-3 Spieler ausgelegt. Alle Produkte sind f\u00fcr 12+ konzipiert. Ihrem Kind zu helfen und mit ihm gemeinsam R\u00e4tsel zu l\u00f6sen, wird Ihre Familie jedoch stark zusammenschwei\u00dfen und Ihr Kind in die Lage versetzen, schwierige Probleme im Team zu l\u00f6sen!<\/p>\n","protected":false},"excerpt":{"rendered":"<p>escapewelt<\/p>\n","protected":false},"featured_media":400961,"template":"","meta":{"_improvement_type_select":"improve_an_existing","_thumb_yes_seoaic":false,"_frame_yes_seoaic":false,"seoaic_generate_description":"","seoaic_improve_instructions_prompt":"","seoaic_rollback_content_improvement":"","seoaic_idea_thumbnail_generator":"","thumbnail_generated":false,"thumbnail_generate_prompt":"","seoaic_article_description":"","product-afmeting-lengte-mm":"","product-afmeting-breedte-mm":"","product-afmeting-hoogte-mm":""},"product_brand":[],"product_cat":[1511,1774,1795,1244,1227,1233,1237],"product_tag":[],"class_list":{"0":"post-425750","1":"product","2":"type-product","3":"status-publish","4":"has-post-thumbnail","6":"product_cat-3-sterne-normal","7":"product_cat-escapewelt-de","8":"product_cat-holzerne-knobelaufgaben","9":"product_cat-knobelaufgaben-de","10":"product_cat-knobelaufgaben","11":"product_cat-knobelaufgaben-fur-erwachsene","12":"product_cat-knobelaufgaben-fur-kinder","13":"pa_merken-escapewelt-de","15":"first","16":"outofstock","17":"taxable","18":"shipping-taxable","19":"purchasable","20":"product-type-simple"},"df_price":49.99,"df_sale_price":"","df_regular_price":49.99,"df_image_link":"https:\/\/www.speedcube.nl\/wp-content\/uploads\/2023\/06\/Productvisuals_Breinbrekers-Escapewelt-Orbital-box-1-285x300.jpg","_links":{"self":[{"href":"https:\/\/www.speedcube.nl\/de\/wp-json\/wp\/v2\/product\/425750","targetHints":{"allow":["GET"]}}],"collection":[{"href":"https:\/\/www.speedcube.nl\/de\/wp-json\/wp\/v2\/product"}],"about":[{"href":"https:\/\/www.speedcube.nl\/de\/wp-json\/wp\/v2\/types\/product"}],"version-history":[{"count":0,"href":"https:\/\/www.speedcube.nl\/de\/wp-json\/wp\/v2\/product\/425750\/revisions"}],"wp:featuredmedia":[{"embeddable":true,"href":"https:\/\/www.speedcube.nl\/de\/wp-json\/wp\/v2\/media\/400961"}],"wp:attachment":[{"href":"https:\/\/www.speedcube.nl\/de\/wp-json\/wp\/v2\/media?parent=425750"}],"wp:term":[{"taxonomy":"product_brand","embeddable":true,"href":"https:\/\/www.speedcube.nl\/de\/wp-json\/wp\/v2\/product_brand?post=425750"},{"taxonomy":"product_cat","embeddable":true,"href":"https:\/\/www.speedcube.nl\/de\/wp-json\/wp\/v2\/product_cat?post=425750"},{"taxonomy":"product_tag","embeddable":true,"href":"https:\/\/www.speedcube.nl\/de\/wp-json\/wp\/v2\/product_tag?post=425750"}],"curies":[{"name":"wp","href":"https:\/\/api.w.org\/{rel}","templated":true}]}}